{"id":1046,"date":"2019-10-09T09:42:58","date_gmt":"2019-10-09T09:42:58","guid":{"rendered":"https:\/\/parizstitkai.hu\/?page_id=1046"},"modified":"2020-01-09T11:49:33","modified_gmt":"2020-01-09T11:49:33","slug":"vorstellung","status":"publish","type":"page","link":"https:\/\/parizstitkai.hu\/de\/vorstellung\/","title":{"rendered":"Willkomen in Paris &#8211; Bienvenu \u00e0 Paris!"},"content":{"rendered":"<p><img loading=\"lazy\" decoding=\"async\" class=\"size-medium wp-image-365 alignleft\" src=\"https:\/\/parizstitkai.hu\/wp-content\/uploads\/2019\/07\/DSC_0082-2-199x300.jpg\" alt=\"\" width=\"199\" height=\"300\" srcset=\"https:\/\/parizstitkai.hu\/wp-content\/uploads\/2019\/07\/DSC_0082-2-199x300.jpg 199w, https:\/\/parizstitkai.hu\/wp-content\/uploads\/2019\/07\/DSC_0082-2-1000x1504.jpg 1000w, https:\/\/parizstitkai.hu\/wp-content\/uploads\/2019\/07\/DSC_0082-2-768x1155.jpg 768w, https:\/\/parizstitkai.hu\/wp-content\/uploads\/2019\/07\/DSC_0082-2-685x1030.jpg 685w, https:\/\/parizstitkai.hu\/wp-content\/uploads\/2019\/07\/DSC_0082-2-scaled.jpg 399w\" sizes=\"auto, (max-width: 199px) 100vw, 199px\" \/><\/p>\n<p style=\"text-align: justify;\">Es gibt zwei Sorten von Menschen auf der Welt: diejenigen, die Paris lieben und diejenigen, die noch nicht hier waren. Ich kann beiden helfen, diese wunderbare Stadt zu (wieder)entdecken. Mein Name ist Zoltan Arany-Toth, ich bin ein ungarischer Hobbyhistoriker, sowie ein Kunst- und Kulturinteressent. Nach einigen Jahren in London bin ich nach Paris gezogen und lebe jetzt schon seit langer Zeit hier. Ich biete deutschsprachige Stadtf\u00fchrungen f\u00fcr Erstbesucher, wiederkehrende Touristen und hier lebende Expatrioten gleicherma\u00dfen. Du kannst es kaum erwarten, den Eiffelturm zum ersten Mal in deinem Leben zu sehen? Ich habe die richtige F\u00fchrung f\u00fcr Dich. Du hast die Blockbuster bereits besucht und m\u00f6chtest tiefer nach verborgenen Sch\u00e4tzen graben? Auch daf\u00fcr kann ich Dir gewiss noch etwas bieten.<\/p>\n<p style=\"text-align: justify;\">Ich m\u00f6chte Dich jedoch im Voraus warnen: Meine F\u00fchrungen sind nicht ungef\u00e4hrlich, da ich es in der Regel schaffe, meine G\u00e4ste mit dem Paris-Fieber anzustecken. Die Sch\u00f6nheit und die pulsierende Atmosph\u00e4re der Stadt haben mich von Anfang an verzaubert. Ich bin immer noch erstaunt \u00fcber den unglaublichen Reichtum an Geschichte und Kultur, der an jeder Ecke auf einen wartet. Meine F\u00fchrungen begn\u00fcgen sich nicht mit der Pr\u00e4sentierung der bekanntesten Attraktionen, sondern f\u00fchren den Besucher auch abseits der ausgetretenen Pfade zu weniger bekannten, aber genauso interessanten Sch\u00e4tzen, die sich in geheimen Gassen, in den Innenh\u00f6fen mittelalterlicher Pal\u00e4ste oder hinter m\u00e4rchenhaften Springbrunnen verbergen.<\/p>\n<p style=\"text-align: justify;\">Wenn Du Dich f\u00fcr die Vergangenheit und Gegenwart von Paris, seine lustigen, inspirierenden oder gruseligen Geschichten interessierst, lade ich Dich recht herzlich ein, an einer meiner F\u00fchrungen teilzunehmen!<\/p>\n<div class=\"tlid-input input has-transliteration\">\n<div class=\"source-wrap\">\n<div class=\"input-full-height-wrapper tlid-input-full-height-wrapper\">\n<div class=\"source-input\">\n<div class=\"source-footer-wrap source-or-target-footer\">\n<div class=\"source-footer\">\n<div class=\"speech-wrap source-or-target-footer-button left-positioned\">\n<div id=\"gt-speech\" class=\"speech-button goog-toolbar-button\" style=\"text-align: justify;\" tabindex=\"0\" role=\"button\" aria-label=\"Hangbevitel bekapcsol\u00e1sa\" data-tooltip-align=\"t,c\" aria-pressed=\"false\" aria-disabled=\"false\" data-tooltip=\"Hangbevitel bekapcsol\u00e1sa\">Telefon:<\/div>\n<\/div>\n<\/div>\n<\/div>\n<\/div>\n<\/div>\n<\/div>\n<\/div>\n<p>+36 20 454 33 55<\/p>\n<p>+33 784 41 50 65<\/p>\n","protected":false},"excerpt":{"rendered":"<p>Es gibt zwei Sorten von Menschen auf der Welt: diejenigen, die Paris lieben und diejenigen, die noch nicht hier waren. Ich kann beiden helfen, diese wunderbare Stadt zu (wieder)entdecken. Mein Name ist Zoltan Arany-Toth, ich bin ein ungarischer Hobbyhistoriker, sowie ein Kunst- und Kulturinteressent. Nach einigen Jahren in London bin ich nach Paris gezogen und [&hellip;]<\/p>\n","protected":false},"author":2,"featured_media":0,"parent":0,"menu_order":0,"comment_status":"closed","ping_status":"closed","template":"","meta":{"footnotes":""},"class_list":["post-1046","page","type-page","status-publish","hentry"],"yoast_head":"<!-- This site is optimized with the Yoast SEO plugin v27.3 - https:\/\/yoast.com\/product\/yoast-seo-wordpress\/ -->\n<title>Willkomen in Paris - Bienvenu \u00e0 Paris! - P\u00e1rizs Titkai<\/title>\n<meta name=\"robots\" content=\"index, follow, max-snippet:-1, max-image-preview:large, max-video-preview:-1\" \/>\n<link rel=\"canonical\" href=\"https:\/\/parizstitkai.hu\/de\/vorstellung\/\" \/>\n<meta property=\"og:locale\" content=\"de_DE\" \/>\n<meta property=\"og:type\" content=\"article\" \/>\n<meta property=\"og:title\" content=\"Willkomen in Paris - Bienvenu \u00e0 Paris! - P\u00e1rizs Titkai\" \/>\n<meta property=\"og:description\" content=\"Es gibt zwei Sorten von Menschen auf der Welt: diejenigen, die Paris lieben und diejenigen, die noch nicht hier waren. Ich kann beiden helfen, diese wunderbare Stadt zu (wieder)entdecken. Mein Name ist Zoltan Arany-Toth, ich bin ein ungarischer Hobbyhistoriker, sowie ein Kunst- und Kulturinteressent. Nach einigen Jahren in London bin ich nach Paris gezogen und [&hellip;]\" \/>\n<meta property=\"og:url\" content=\"https:\/\/parizstitkai.hu\/de\/vorstellung\/\" \/>\n<meta property=\"og:site_name\" content=\"P\u00e1rizs Titkai\" \/>\n<meta property=\"article:publisher\" content=\"https:\/\/www.facebook.com\/parizstitkai\" \/>\n<meta property=\"article:modified_time\" content=\"2020-01-09T11:49:33+00:00\" \/>\n<meta property=\"og:image\" content=\"https:\/\/parizstitkai.hu\/wp-content\/uploads\/2019\/07\/DSC_0082-2-199x300.jpg\" \/>\n<meta name=\"twitter:card\" content=\"summary_large_image\" \/>\n<meta name=\"twitter:label1\" content=\"Gesch\u00e4tzte Lesezeit\" \/>\n\t<meta name=\"twitter:data1\" content=\"1\u00a0Minute\" \/>\n<script type=\"application\/ld+json\" class=\"yoast-schema-graph\">{\"@context\":\"https:\\\/\\\/schema.org\",\"@graph\":[{\"@type\":\"WebPage\",\"@id\":\"https:\\\/\\\/parizstitkai.hu\\\/de\\\/vorstellung\\\/\",\"url\":\"https:\\\/\\\/parizstitkai.hu\\\/de\\\/vorstellung\\\/\",\"name\":\"Willkomen in Paris - Bienvenu \u00e0 Paris! - P\u00e1rizs Titkai\",\"isPartOf\":{\"@id\":\"https:\\\/\\\/parizstitkai.hu\\\/de\\\/#website\"},\"primaryImageOfPage\":{\"@id\":\"https:\\\/\\\/parizstitkai.hu\\\/de\\\/vorstellung\\\/#primaryimage\"},\"image\":{\"@id\":\"https:\\\/\\\/parizstitkai.hu\\\/de\\\/vorstellung\\\/#primaryimage\"},\"thumbnailUrl\":\"https:\\\/\\\/parizstitkai.hu\\\/wp-content\\\/uploads\\\/2019\\\/07\\\/DSC_0082-2-199x300.jpg\",\"datePublished\":\"2019-10-09T09:42:58+00:00\",\"dateModified\":\"2020-01-09T11:49:33+00:00\",\"breadcrumb\":{\"@id\":\"https:\\\/\\\/parizstitkai.hu\\\/de\\\/vorstellung\\\/#breadcrumb\"},\"inLanguage\":\"de\",\"potentialAction\":[{\"@type\":\"ReadAction\",\"target\":[\"https:\\\/\\\/parizstitkai.hu\\\/de\\\/vorstellung\\\/\"]}]},{\"@type\":\"ImageObject\",\"inLanguage\":\"de\",\"@id\":\"https:\\\/\\\/parizstitkai.hu\\\/de\\\/vorstellung\\\/#primaryimage\",\"url\":\"https:\\\/\\\/parizstitkai.hu\\\/wp-content\\\/uploads\\\/2019\\\/07\\\/DSC_0082-2-199x300.jpg\",\"contentUrl\":\"https:\\\/\\\/parizstitkai.hu\\\/wp-content\\\/uploads\\\/2019\\\/07\\\/DSC_0082-2-199x300.jpg\"},{\"@type\":\"BreadcrumbList\",\"@id\":\"https:\\\/\\\/parizstitkai.hu\\\/de\\\/vorstellung\\\/#breadcrumb\",\"itemListElement\":[{\"@type\":\"ListItem\",\"position\":1,\"name\":\"Kezd\u0151lap\",\"item\":\"https:\\\/\\\/parizstitkai.hu\\\/de\\\/fooldal\\\/\"},{\"@type\":\"ListItem\",\"position\":2,\"name\":\"Willkomen in Paris &#8211; Bienvenu \u00e0 Paris!\"}]},{\"@type\":\"WebSite\",\"@id\":\"https:\\\/\\\/parizstitkai.hu\\\/de\\\/#website\",\"url\":\"https:\\\/\\\/parizstitkai.hu\\\/de\\\/\",\"name\":\"P\u00e1rizs Titkai\",\"description\":\"\",\"publisher\":{\"@id\":\"https:\\\/\\\/parizstitkai.hu\\\/de\\\/#\\\/schema\\\/person\\\/ab16a103201970a790d1d9964252f379\"},\"potentialAction\":[{\"@type\":\"SearchAction\",\"target\":{\"@type\":\"EntryPoint\",\"urlTemplate\":\"https:\\\/\\\/parizstitkai.hu\\\/de\\\/?s={search_term_string}\"},\"query-input\":{\"@type\":\"PropertyValueSpecification\",\"valueRequired\":true,\"valueName\":\"search_term_string\"}}],\"inLanguage\":\"de\"},{\"@type\":[\"Person\",\"Organization\"],\"@id\":\"https:\\\/\\\/parizstitkai.hu\\\/de\\\/#\\\/schema\\\/person\\\/ab16a103201970a790d1d9964252f379\",\"name\":\"Zolt\u00e1n\",\"image\":{\"@type\":\"ImageObject\",\"inLanguage\":\"de\",\"@id\":\"https:\\\/\\\/secure.gravatar.com\\\/avatar\\\/96490830190475a389e193b80ee6b529c3d617e65f60756051458ef19ff8ec32?s=96&d=mm&r=g\",\"url\":\"https:\\\/\\\/secure.gravatar.com\\\/avatar\\\/96490830190475a389e193b80ee6b529c3d617e65f60756051458ef19ff8ec32?s=96&d=mm&r=g\",\"contentUrl\":\"https:\\\/\\\/secure.gravatar.com\\\/avatar\\\/96490830190475a389e193b80ee6b529c3d617e65f60756051458ef19ff8ec32?s=96&d=mm&r=g\",\"caption\":\"Zolt\u00e1n\"},\"logo\":{\"@id\":\"https:\\\/\\\/secure.gravatar.com\\\/avatar\\\/96490830190475a389e193b80ee6b529c3d617e65f60756051458ef19ff8ec32?s=96&d=mm&r=g\"},\"sameAs\":[\"https:\\\/\\\/www.facebook.com\\\/parizstitkai\"]}]}<\/script>\n<!-- \/ Yoast SEO plugin. -->","yoast_head_json":{"title":"Willkomen in Paris - Bienvenu \u00e0 Paris! - P\u00e1rizs Titkai","robots":{"index":"index","follow":"follow","max-snippet":"max-snippet:-1","max-image-preview":"max-image-preview:large","max-video-preview":"max-video-preview:-1"},"canonical":"https:\/\/parizstitkai.hu\/de\/vorstellung\/","og_locale":"de_DE","og_type":"article","og_title":"Willkomen in Paris - Bienvenu \u00e0 Paris! - P\u00e1rizs Titkai","og_description":"Es gibt zwei Sorten von Menschen auf der Welt: diejenigen, die Paris lieben und diejenigen, die noch nicht hier waren. Ich kann beiden helfen, diese wunderbare Stadt zu (wieder)entdecken. Mein Name ist Zoltan Arany-Toth, ich bin ein ungarischer Hobbyhistoriker, sowie ein Kunst- und Kulturinteressent. Nach einigen Jahren in London bin ich nach Paris gezogen und [&hellip;]","og_url":"https:\/\/parizstitkai.hu\/de\/vorstellung\/","og_site_name":"P\u00e1rizs Titkai","article_publisher":"https:\/\/www.facebook.com\/parizstitkai","article_modified_time":"2020-01-09T11:49:33+00:00","og_image":[{"url":"https:\/\/parizstitkai.hu\/wp-content\/uploads\/2019\/07\/DSC_0082-2-199x300.jpg","type":"","width":"","height":""}],"twitter_card":"summary_large_image","twitter_misc":{"Gesch\u00e4tzte Lesezeit":"1\u00a0Minute"},"schema":{"@context":"https:\/\/schema.org","@graph":[{"@type":"WebPage","@id":"https:\/\/parizstitkai.hu\/de\/vorstellung\/","url":"https:\/\/parizstitkai.hu\/de\/vorstellung\/","name":"Willkomen in Paris - Bienvenu \u00e0 Paris! - P\u00e1rizs Titkai","isPartOf":{"@id":"https:\/\/parizstitkai.hu\/de\/#website"},"primaryImageOfPage":{"@id":"https:\/\/parizstitkai.hu\/de\/vorstellung\/#primaryimage"},"image":{"@id":"https:\/\/parizstitkai.hu\/de\/vorstellung\/#primaryimage"},"thumbnailUrl":"https:\/\/parizstitkai.hu\/wp-content\/uploads\/2019\/07\/DSC_0082-2-199x300.jpg","datePublished":"2019-10-09T09:42:58+00:00","dateModified":"2020-01-09T11:49:33+00:00","breadcrumb":{"@id":"https:\/\/parizstitkai.hu\/de\/vorstellung\/#breadcrumb"},"inLanguage":"de","potentialAction":[{"@type":"ReadAction","target":["https:\/\/parizstitkai.hu\/de\/vorstellung\/"]}]},{"@type":"ImageObject","inLanguage":"de","@id":"https:\/\/parizstitkai.hu\/de\/vorstellung\/#primaryimage","url":"https:\/\/parizstitkai.hu\/wp-content\/uploads\/2019\/07\/DSC_0082-2-199x300.jpg","contentUrl":"https:\/\/parizstitkai.hu\/wp-content\/uploads\/2019\/07\/DSC_0082-2-199x300.jpg"},{"@type":"BreadcrumbList","@id":"https:\/\/parizstitkai.hu\/de\/vorstellung\/#breadcrumb","itemListElement":[{"@type":"ListItem","position":1,"name":"Kezd\u0151lap","item":"https:\/\/parizstitkai.hu\/de\/fooldal\/"},{"@type":"ListItem","position":2,"name":"Willkomen in Paris &#8211; Bienvenu \u00e0 Paris!"}]},{"@type":"WebSite","@id":"https:\/\/parizstitkai.hu\/de\/#website","url":"https:\/\/parizstitkai.hu\/de\/","name":"P\u00e1rizs Titkai","description":"","publisher":{"@id":"https:\/\/parizstitkai.hu\/de\/#\/schema\/person\/ab16a103201970a790d1d9964252f379"},"potentialAction":[{"@type":"SearchAction","target":{"@type":"EntryPoint","urlTemplate":"https:\/\/parizstitkai.hu\/de\/?s={search_term_string}"},"query-input":{"@type":"PropertyValueSpecification","valueRequired":true,"valueName":"search_term_string"}}],"inLanguage":"de"},{"@type":["Person","Organization"],"@id":"https:\/\/parizstitkai.hu\/de\/#\/schema\/person\/ab16a103201970a790d1d9964252f379","name":"Zolt\u00e1n","image":{"@type":"ImageObject","inLanguage":"de","@id":"https:\/\/secure.gravatar.com\/avatar\/96490830190475a389e193b80ee6b529c3d617e65f60756051458ef19ff8ec32?s=96&d=mm&r=g","url":"https:\/\/secure.gravatar.com\/avatar\/96490830190475a389e193b80ee6b529c3d617e65f60756051458ef19ff8ec32?s=96&d=mm&r=g","contentUrl":"https:\/\/secure.gravatar.com\/avatar\/96490830190475a389e193b80ee6b529c3d617e65f60756051458ef19ff8ec32?s=96&d=mm&r=g","caption":"Zolt\u00e1n"},"logo":{"@id":"https:\/\/secure.gravatar.com\/avatar\/96490830190475a389e193b80ee6b529c3d617e65f60756051458ef19ff8ec32?s=96&d=mm&r=g"},"sameAs":["https:\/\/www.facebook.com\/parizstitkai"]}]}},"_links":{"self":[{"href":"https:\/\/parizstitkai.hu\/de\/wp-json\/wp\/v2\/pages\/1046","targetHints":{"allow":["GET"]}}],"collection":[{"href":"https:\/\/parizstitkai.hu\/de\/wp-json\/wp\/v2\/pages"}],"about":[{"href":"https:\/\/parizstitkai.hu\/de\/wp-json\/wp\/v2\/types\/page"}],"author":[{"embeddable":true,"href":"https:\/\/parizstitkai.hu\/de\/wp-json\/wp\/v2\/users\/2"}],"replies":[{"embeddable":true,"href":"https:\/\/parizstitkai.hu\/de\/wp-json\/wp\/v2\/comments?post=1046"}],"version-history":[{"count":4,"href":"https:\/\/parizstitkai.hu\/de\/wp-json\/wp\/v2\/pages\/1046\/revisions"}],"predecessor-version":[{"id":1814,"href":"https:\/\/parizstitkai.hu\/de\/wp-json\/wp\/v2\/pages\/1046\/revisions\/1814"}],"wp:attachment":[{"href":"https:\/\/parizstitkai.hu\/de\/wp-json\/wp\/v2\/media?parent=1046"}],"curies":[{"name":"wp","href":"https:\/\/api.w.org\/{rel}","templated":true}]}}