{"id":1408,"date":"2020-01-10T11:35:16","date_gmt":"2020-01-10T11:35:16","guid":{"rendered":"https:\/\/parizstitkai.hu\/altalanos-szerzodesi-feltetelek\/"},"modified":"2020-01-10T11:35:16","modified_gmt":"2020-01-10T11:35:16","slug":"altalanos-szerzodesi-feltetelek","status":"publish","type":"page","link":"https:\/\/parizstitkai.hu\/de\/altalanos-szerzodesi-feltetelek\/","title":{"rendered":"\u00c1ltal\u00e1nos szerz\u0151d\u00e9si felt\u00e9telek"},"content":{"rendered":"","protected":false},"excerpt":{"rendered":"","protected":false},"author":2,"featured_media":0,"parent":0,"menu_order":0,"comment_status":"closed","ping_status":"closed","template":"","meta":{"footnotes":""},"class_list":["post-1408","page","type-page","status-publish","hentry"],"yoast_head":"<!-- This site is optimized with the Yoast SEO plugin v27.3 - https:\/\/yoast.com\/product\/yoast-seo-wordpress\/ -->\n<title>\u00c1ltal\u00e1nos szerz\u0151d\u00e9si felt\u00e9telek - P\u00e1rizs Titkai<\/title>\n<meta name=\"robots\" content=\"index, follow, max-snippet:-1, max-image-preview:large, max-video-preview:-1\" \/>\n<link rel=\"canonical\" href=\"https:\/\/parizstitkai.hu\/de\/altalanos-szerzodesi-feltetelek\/\" \/>\n<meta property=\"og:locale\" content=\"de_DE\" \/>\n<meta property=\"og:type\" content=\"article\" \/>\n<meta property=\"og:title\" content=\"\u00c1ltal\u00e1nos szerz\u0151d\u00e9si felt\u00e9telek - P\u00e1rizs Titkai\" \/>\n<meta property=\"og:url\" content=\"https:\/\/parizstitkai.hu\/de\/altalanos-szerzodesi-feltetelek\/\" \/>\n<meta property=\"og:site_name\" content=\"P\u00e1rizs Titkai\" \/>\n<meta property=\"article:publisher\" content=\"https:\/\/www.facebook.com\/parizstitkai\" \/>\n<meta name=\"twitter:card\" content=\"summary_large_image\" \/>\n<script type=\"application\/ld+json\" class=\"yoast-schema-graph\">{\"@context\":\"https:\\\/\\\/schema.org\",\"@graph\":[{\"@type\":\"WebPage\",\"@id\":\"https:\\\/\\\/parizstitkai.hu\\\/de\\\/altalanos-szerzodesi-feltetelek\\\/\",\"url\":\"https:\\\/\\\/parizstitkai.hu\\\/de\\\/altalanos-szerzodesi-feltetelek\\\/\",\"name\":\"\u00c1ltal\u00e1nos szerz\u0151d\u00e9si felt\u00e9telek - P\u00e1rizs Titkai\",\"isPartOf\":{\"@id\":\"https:\\\/\\\/parizstitkai.hu\\\/de\\\/#website\"},\"datePublished\":\"2020-01-10T11:35:16+00:00\",\"breadcrumb\":{\"@id\":\"https:\\\/\\\/parizstitkai.hu\\\/de\\\/altalanos-szerzodesi-feltetelek\\\/#breadcrumb\"},\"inLanguage\":\"de\",\"potentialAction\":[{\"@type\":\"ReadAction\",\"target\":[\"https:\\\/\\\/parizstitkai.hu\\\/de\\\/altalanos-szerzodesi-feltetelek\\\/\"]}]},{\"@type\":\"BreadcrumbList\",\"@id\":\"https:\\\/\\\/parizstitkai.hu\\\/de\\\/altalanos-szerzodesi-feltetelek\\\/#breadcrumb\",\"itemListElement\":[{\"@type\":\"ListItem\",\"position\":1,\"name\":\"Kezd\u0151lap\",\"item\":\"https:\\\/\\\/parizstitkai.hu\\\/de\\\/fooldal\\\/\"},{\"@type\":\"ListItem\",\"position\":2,\"name\":\"\u00c1ltal\u00e1nos szerz\u0151d\u00e9si felt\u00e9telek\"}]},{\"@type\":\"WebSite\",\"@id\":\"https:\\\/\\\/parizstitkai.hu\\\/de\\\/#website\",\"url\":\"https:\\\/\\\/parizstitkai.hu\\\/de\\\/\",\"name\":\"P\u00e1rizs Titkai\",\"description\":\"\",\"publisher\":{\"@id\":\"https:\\\/\\\/parizstitkai.hu\\\/de\\\/#\\\/schema\\\/person\\\/ab16a103201970a790d1d9964252f379\"},\"potentialAction\":[{\"@type\":\"SearchAction\",\"target\":{\"@type\":\"EntryPoint\",\"urlTemplate\":\"https:\\\/\\\/parizstitkai.hu\\\/de\\\/?s={search_term_string}\"},\"query-input\":{\"@type\":\"PropertyValueSpecification\",\"valueRequired\":true,\"valueName\":\"search_term_string\"}}],\"inLanguage\":\"de\"},{\"@type\":[\"Person\",\"Organization\"],\"@id\":\"https:\\\/\\\/parizstitkai.hu\\\/de\\\/#\\\/schema\\\/person\\\/ab16a103201970a790d1d9964252f379\",\"name\":\"Zolt\u00e1n\",\"image\":{\"@type\":\"ImageObject\",\"inLanguage\":\"de\",\"@id\":\"https:\\\/\\\/secure.gravatar.com\\\/avatar\\\/96490830190475a389e193b80ee6b529c3d617e65f60756051458ef19ff8ec32?s=96&d=mm&r=g\",\"url\":\"https:\\\/\\\/secure.gravatar.com\\\/avatar\\\/96490830190475a389e193b80ee6b529c3d617e65f60756051458ef19ff8ec32?s=96&d=mm&r=g\",\"contentUrl\":\"https:\\\/\\\/secure.gravatar.com\\\/avatar\\\/96490830190475a389e193b80ee6b529c3d617e65f60756051458ef19ff8ec32?s=96&d=mm&r=g\",\"caption\":\"Zolt\u00e1n\"},\"logo\":{\"@id\":\"https:\\\/\\\/secure.gravatar.com\\\/avatar\\\/96490830190475a389e193b80ee6b529c3d617e65f60756051458ef19ff8ec32?s=96&d=mm&r=g\"},\"sameAs\":[\"https:\\\/\\\/www.facebook.com\\\/parizstitkai\"]}]}<\/script>\n<!-- \/ Yoast SEO plugin. -->","yoast_head_json":{"title":"\u00c1ltal\u00e1nos szerz\u0151d\u00e9si felt\u00e9telek - P\u00e1rizs Titkai","robots":{"index":"index","follow":"follow","max-snippet":"max-snippet:-1","max-image-preview":"max-image-preview:large","max-video-preview":"max-video-preview:-1"},"canonical":"https:\/\/parizstitkai.hu\/de\/altalanos-szerzodesi-feltetelek\/","og_locale":"de_DE","og_type":"article","og_title":"\u00c1ltal\u00e1nos szerz\u0151d\u00e9si felt\u00e9telek - P\u00e1rizs Titkai","og_url":"https:\/\/parizstitkai.hu\/de\/altalanos-szerzodesi-feltetelek\/","og_site_name":"P\u00e1rizs Titkai","article_publisher":"https:\/\/www.facebook.com\/parizstitkai","twitter_card":"summary_large_image","schema":{"@context":"https:\/\/schema.org","@graph":[{"@type":"WebPage","@id":"https:\/\/parizstitkai.hu\/de\/altalanos-szerzodesi-feltetelek\/","url":"https:\/\/parizstitkai.hu\/de\/altalanos-szerzodesi-feltetelek\/","name":"\u00c1ltal\u00e1nos szerz\u0151d\u00e9si felt\u00e9telek - P\u00e1rizs Titkai","isPartOf":{"@id":"https:\/\/parizstitkai.hu\/de\/#website"},"datePublished":"2020-01-10T11:35:16+00:00","breadcrumb":{"@id":"https:\/\/parizstitkai.hu\/de\/altalanos-szerzodesi-feltetelek\/#breadcrumb"},"inLanguage":"de","potentialAction":[{"@type":"ReadAction","target":["https:\/\/parizstitkai.hu\/de\/altalanos-szerzodesi-feltetelek\/"]}]},{"@type":"BreadcrumbList","@id":"https:\/\/parizstitkai.hu\/de\/altalanos-szerzodesi-feltetelek\/#breadcrumb","itemListElement":[{"@type":"ListItem","position":1,"name":"Kezd\u0151lap","item":"https:\/\/parizstitkai.hu\/de\/fooldal\/"},{"@type":"ListItem","position":2,"name":"\u00c1ltal\u00e1nos szerz\u0151d\u00e9si felt\u00e9telek"}]},{"@type":"WebSite","@id":"https:\/\/parizstitkai.hu\/de\/#website","url":"https:\/\/parizstitkai.hu\/de\/","name":"P\u00e1rizs Titkai","description":"","publisher":{"@id":"https:\/\/parizstitkai.hu\/de\/#\/schema\/person\/ab16a103201970a790d1d9964252f379"},"potentialAction":[{"@type":"SearchAction","target":{"@type":"EntryPoint","urlTemplate":"https:\/\/parizstitkai.hu\/de\/?s={search_term_string}"},"query-input":{"@type":"PropertyValueSpecification","valueRequired":true,"valueName":"search_term_string"}}],"inLanguage":"de"},{"@type":["Person","Organization"],"@id":"https:\/\/parizstitkai.hu\/de\/#\/schema\/person\/ab16a103201970a790d1d9964252f379","name":"Zolt\u00e1n","image":{"@type":"ImageObject","inLanguage":"de","@id":"https:\/\/secure.gravatar.com\/avatar\/96490830190475a389e193b80ee6b529c3d617e65f60756051458ef19ff8ec32?s=96&d=mm&r=g","url":"https:\/\/secure.gravatar.com\/avatar\/96490830190475a389e193b80ee6b529c3d617e65f60756051458ef19ff8ec32?s=96&d=mm&r=g","contentUrl":"https:\/\/secure.gravatar.com\/avatar\/96490830190475a389e193b80ee6b529c3d617e65f60756051458ef19ff8ec32?s=96&d=mm&r=g","caption":"Zolt\u00e1n"},"logo":{"@id":"https:\/\/secure.gravatar.com\/avatar\/96490830190475a389e193b80ee6b529c3d617e65f60756051458ef19ff8ec32?s=96&d=mm&r=g"},"sameAs":["https:\/\/www.facebook.com\/parizstitkai"]}]}},"_links":{"self":[{"href":"https:\/\/parizstitkai.hu\/de\/wp-json\/wp\/v2\/pages\/1408","targetHints":{"allow":["GET"]}}],"collection":[{"href":"https:\/\/parizstitkai.hu\/de\/wp-json\/wp\/v2\/pages"}],"about":[{"href":"https:\/\/parizstitkai.hu\/de\/wp-json\/wp\/v2\/types\/page"}],"author":[{"embeddable":true,"href":"https:\/\/parizstitkai.hu\/de\/wp-json\/wp\/v2\/users\/2"}],"replies":[{"embeddable":true,"href":"https:\/\/parizstitkai.hu\/de\/wp-json\/wp\/v2\/comments?post=1408"}],"version-history":[{"count":1,"href":"https:\/\/parizstitkai.hu\/de\/wp-json\/wp\/v2\/pages\/1408\/revisions"}],"predecessor-version":[{"id":1414,"href":"https:\/\/parizstitkai.hu\/de\/wp-json\/wp\/v2\/pages\/1408\/revisions\/1414"}],"wp:attachment":[{"href":"https:\/\/parizstitkai.hu\/de\/wp-json\/wp\/v2\/media?parent=1408"}],"curies":[{"name":"wp","href":"https:\/\/api.w.org\/{rel}","templated":true}]}}