{"id":1050,"date":"2019-06-25T06:29:57","date_gmt":"2019-06-25T04:29:57","guid":{"rendered":"https:\/\/parizstitkai.hu\/?post_type=product&#038;p=1050"},"modified":"2024-01-22T13:55:36","modified_gmt":"2024-01-22T12:55:36","slug":"die-schoenste-boulevard-von-paris-die-seine","status":"publish","type":"product","link":"https:\/\/parizstitkai.hu\/de\/termek\/die-schoenste-boulevard-von-paris-die-seine\/","title":{"rendered":"Die Sch\u00f6nste Boulevard von Paris: die Seine"},"content":{"rendered":"<p style=\"text-align: justify;\">Es ist kein Zufall, dass das Ufer der Seine seit 1991 zum UNESCO-Weltkulturerbe geh\u00f6rt. Ein Spaziergang entlang des Flusses ist wahrscheinlich die bezauberndste M\u00f6glichkeit, Paris zu entdecken. Und genau das werden wir auf dieser F\u00fchrung tun: Wir werden die Br\u00fccken der Superlative \u00fcberqueren (die sch\u00f6nste, die \u00e4lteste, die k\u00fcrzeste, die mit den meisten B\u00f6gen, um nur einige zu nennen), wir werden an die Ufern hinabsteigen, wir verlieren uns in den engen Gassen der beiden Flussinseln, w\u00fcnschen Notre Dame eine schnelle Genesung und erfahren alles \u00fcber den ber\u00fchmtesten franz\u00f6sischen Fluss.<\/p>\n","protected":false},"excerpt":{"rendered":"<p style=\"text-align: justify;\">Es ist kein Zufall, dass das Ufer der Seine seit 1991 zum UNESCO-Weltkulturerbe geh\u00f6rt.<\/p>\n","protected":false},"featured_media":4033,"comment_status":"open","ping_status":"closed","template":"","meta":[],"product_cat":[167],"product_tag":[],"class_list":{"0":"post-1050","1":"product","2":"type-product","3":"status-publish","4":"has-post-thumbnail","6":"product_cat-besichtigungstouren","8":"first","9":"instock","10":"shipping-taxable","11":"purchasable","12":"product-type-variable"},"yoast_head":"<!-- This site is optimized with the Yoast SEO plugin v27.3 - https:\/\/yoast.com\/product\/yoast-seo-wordpress\/ -->\n<title>Die Sch\u00f6nste Boulevard von Paris: die Seine - P\u00e1rizs Titkai<\/title>\n<meta name=\"robots\" content=\"index, follow, max-snippet:-1, max-image-preview:large, max-video-preview:-1\" \/>\n<link rel=\"canonical\" href=\"https:\/\/parizstitkai.hu\/de\/termek\/die-schoenste-boulevard-von-paris-die-seine\/\" \/>\n<meta property=\"og:locale\" content=\"de_DE\" \/>\n<meta property=\"og:type\" content=\"article\" \/>\n<meta property=\"og:title\" content=\"Die Sch\u00f6nste Boulevard von Paris: die Seine - P\u00e1rizs Titkai\" \/>\n<meta property=\"og:description\" content=\"Es ist kein Zufall, dass das Ufer der Seine seit 1991 zum UNESCO-Weltkulturerbe geh\u00f6rt.\" \/>\n<meta property=\"og:url\" content=\"https:\/\/parizstitkai.hu\/de\/termek\/die-schoenste-boulevard-von-paris-die-seine\/\" \/>\n<meta property=\"og:site_name\" content=\"P\u00e1rizs Titkai\" \/>\n<meta property=\"article:publisher\" content=\"https:\/\/www.facebook.com\/parizstitkai\" \/>\n<meta property=\"article:modified_time\" content=\"2024-01-22T12:55:36+00:00\" \/>\n<meta property=\"og:image\" content=\"https:\/\/parizstitkai.hu\/wp-content\/uploads\/2019\/07\/Mirabeau-h\u00edd-scaled.jpg\" \/>\n\t<meta property=\"og:image:width\" content=\"800\" \/>\n\t<meta property=\"og:image:height\" content=\"600\" \/>\n\t<meta property=\"og:image:type\" content=\"image\/jpeg\" \/>\n<meta name=\"twitter:card\" content=\"summary_large_image\" \/>\n<script type=\"application\/ld+json\" class=\"yoast-schema-graph\">{\"@context\":\"https:\\\/\\\/schema.org\",\"@graph\":[{\"@type\":\"WebPage\",\"@id\":\"https:\\\/\\\/parizstitkai.hu\\\/de\\\/termek\\\/die-schoenste-boulevard-von-paris-die-seine\\\/\",\"url\":\"https:\\\/\\\/parizstitkai.hu\\\/de\\\/termek\\\/die-schoenste-boulevard-von-paris-die-seine\\\/\",\"name\":\"Die Sch\u00f6nste Boulevard von Paris: die Seine - P\u00e1rizs Titkai\",\"isPartOf\":{\"@id\":\"https:\\\/\\\/parizstitkai.hu\\\/de\\\/#website\"},\"primaryImageOfPage\":{\"@id\":\"https:\\\/\\\/parizstitkai.hu\\\/de\\\/termek\\\/die-schoenste-boulevard-von-paris-die-seine\\\/#primaryimage\"},\"image\":{\"@id\":\"https:\\\/\\\/parizstitkai.hu\\\/de\\\/termek\\\/die-schoenste-boulevard-von-paris-die-seine\\\/#primaryimage\"},\"thumbnailUrl\":\"https:\\\/\\\/parizstitkai.hu\\\/wp-content\\\/uploads\\\/2019\\\/06\\\/GPPPIII-A-H-panorama.jpg\",\"datePublished\":\"2019-06-25T04:29:57+00:00\",\"dateModified\":\"2024-01-22T12:55:36+00:00\",\"breadcrumb\":{\"@id\":\"https:\\\/\\\/parizstitkai.hu\\\/de\\\/termek\\\/die-schoenste-boulevard-von-paris-die-seine\\\/#breadcrumb\"},\"inLanguage\":\"de\",\"potentialAction\":[{\"@type\":\"ReadAction\",\"target\":[\"https:\\\/\\\/parizstitkai.hu\\\/de\\\/termek\\\/die-schoenste-boulevard-von-paris-die-seine\\\/\"]}]},{\"@type\":\"ImageObject\",\"inLanguage\":\"de\",\"@id\":\"https:\\\/\\\/parizstitkai.hu\\\/de\\\/termek\\\/die-schoenste-boulevard-von-paris-die-seine\\\/#primaryimage\",\"url\":\"https:\\\/\\\/parizstitkai.hu\\\/wp-content\\\/uploads\\\/2019\\\/06\\\/GPPPIII-A-H-panorama.jpg\",\"contentUrl\":\"https:\\\/\\\/parizstitkai.hu\\\/wp-content\\\/uploads\\\/2019\\\/06\\\/GPPPIII-A-H-panorama.jpg\",\"width\":480,\"height\":600},{\"@type\":\"BreadcrumbList\",\"@id\":\"https:\\\/\\\/parizstitkai.hu\\\/de\\\/termek\\\/die-schoenste-boulevard-von-paris-die-seine\\\/#breadcrumb\",\"itemListElement\":[{\"@type\":\"ListItem\",\"position\":1,\"name\":\"Kezd\u0151lap\",\"item\":\"https:\\\/\\\/parizstitkai.hu\\\/de\\\/fooldal\\\/\"},{\"@type\":\"ListItem\",\"position\":2,\"name\":\"Besichtigungstouren\",\"item\":\"https:\\\/\\\/parizstitkai.hu\\\/de\\\/besichtigungstouren\\\/\"},{\"@type\":\"ListItem\",\"position\":3,\"name\":\"Die Sch\u00f6nste Boulevard von Paris: die Seine\"}]},{\"@type\":\"WebSite\",\"@id\":\"https:\\\/\\\/parizstitkai.hu\\\/de\\\/#website\",\"url\":\"https:\\\/\\\/parizstitkai.hu\\\/de\\\/\",\"name\":\"P\u00e1rizs Titkai\",\"description\":\"\",\"publisher\":{\"@id\":\"https:\\\/\\\/parizstitkai.hu\\\/de\\\/#\\\/schema\\\/person\\\/ab16a103201970a790d1d9964252f379\"},\"potentialAction\":[{\"@type\":\"SearchAction\",\"target\":{\"@type\":\"EntryPoint\",\"urlTemplate\":\"https:\\\/\\\/parizstitkai.hu\\\/de\\\/?s={search_term_string}\"},\"query-input\":{\"@type\":\"PropertyValueSpecification\",\"valueRequired\":true,\"valueName\":\"search_term_string\"}}],\"inLanguage\":\"de\"},{\"@type\":[\"Person\",\"Organization\"],\"@id\":\"https:\\\/\\\/parizstitkai.hu\\\/de\\\/#\\\/schema\\\/person\\\/ab16a103201970a790d1d9964252f379\",\"name\":\"Zolt\u00e1n\",\"image\":{\"@type\":\"ImageObject\",\"inLanguage\":\"de\",\"@id\":\"https:\\\/\\\/secure.gravatar.com\\\/avatar\\\/96490830190475a389e193b80ee6b529c3d617e65f60756051458ef19ff8ec32?s=96&d=mm&r=g\",\"url\":\"https:\\\/\\\/secure.gravatar.com\\\/avatar\\\/96490830190475a389e193b80ee6b529c3d617e65f60756051458ef19ff8ec32?s=96&d=mm&r=g\",\"contentUrl\":\"https:\\\/\\\/secure.gravatar.com\\\/avatar\\\/96490830190475a389e193b80ee6b529c3d617e65f60756051458ef19ff8ec32?s=96&d=mm&r=g\",\"caption\":\"Zolt\u00e1n\"},\"logo\":{\"@id\":\"https:\\\/\\\/secure.gravatar.com\\\/avatar\\\/96490830190475a389e193b80ee6b529c3d617e65f60756051458ef19ff8ec32?s=96&d=mm&r=g\"},\"sameAs\":[\"https:\\\/\\\/www.facebook.com\\\/parizstitkai\"]}]}<\/script>\n<!-- \/ Yoast SEO plugin. -->","yoast_head_json":{"title":"Die Sch\u00f6nste Boulevard von Paris: die Seine - P\u00e1rizs Titkai","robots":{"index":"index","follow":"follow","max-snippet":"max-snippet:-1","max-image-preview":"max-image-preview:large","max-video-preview":"max-video-preview:-1"},"canonical":"https:\/\/parizstitkai.hu\/de\/termek\/die-schoenste-boulevard-von-paris-die-seine\/","og_locale":"de_DE","og_type":"article","og_title":"Die Sch\u00f6nste Boulevard von Paris: die Seine - P\u00e1rizs Titkai","og_description":"Es ist kein Zufall, dass das Ufer der Seine seit 1991 zum UNESCO-Weltkulturerbe geh\u00f6rt.","og_url":"https:\/\/parizstitkai.hu\/de\/termek\/die-schoenste-boulevard-von-paris-die-seine\/","og_site_name":"P\u00e1rizs Titkai","article_publisher":"https:\/\/www.facebook.com\/parizstitkai","article_modified_time":"2024-01-22T12:55:36+00:00","og_image":[{"width":800,"height":600,"url":"https:\/\/parizstitkai.hu\/wp-content\/uploads\/2019\/07\/Mirabeau-h\u00edd-scaled.jpg","type":"image\/jpeg"}],"twitter_card":"summary_large_image","schema":{"@context":"https:\/\/schema.org","@graph":[{"@type":"WebPage","@id":"https:\/\/parizstitkai.hu\/de\/termek\/die-schoenste-boulevard-von-paris-die-seine\/","url":"https:\/\/parizstitkai.hu\/de\/termek\/die-schoenste-boulevard-von-paris-die-seine\/","name":"Die Sch\u00f6nste Boulevard von Paris: die Seine - P\u00e1rizs Titkai","isPartOf":{"@id":"https:\/\/parizstitkai.hu\/de\/#website"},"primaryImageOfPage":{"@id":"https:\/\/parizstitkai.hu\/de\/termek\/die-schoenste-boulevard-von-paris-die-seine\/#primaryimage"},"image":{"@id":"https:\/\/parizstitkai.hu\/de\/termek\/die-schoenste-boulevard-von-paris-die-seine\/#primaryimage"},"thumbnailUrl":"https:\/\/parizstitkai.hu\/wp-content\/uploads\/2019\/06\/GPPPIII-A-H-panorama.jpg","datePublished":"2019-06-25T04:29:57+00:00","dateModified":"2024-01-22T12:55:36+00:00","breadcrumb":{"@id":"https:\/\/parizstitkai.hu\/de\/termek\/die-schoenste-boulevard-von-paris-die-seine\/#breadcrumb"},"inLanguage":"de","potentialAction":[{"@type":"ReadAction","target":["https:\/\/parizstitkai.hu\/de\/termek\/die-schoenste-boulevard-von-paris-die-seine\/"]}]},{"@type":"ImageObject","inLanguage":"de","@id":"https:\/\/parizstitkai.hu\/de\/termek\/die-schoenste-boulevard-von-paris-die-seine\/#primaryimage","url":"https:\/\/parizstitkai.hu\/wp-content\/uploads\/2019\/06\/GPPPIII-A-H-panorama.jpg","contentUrl":"https:\/\/parizstitkai.hu\/wp-content\/uploads\/2019\/06\/GPPPIII-A-H-panorama.jpg","width":480,"height":600},{"@type":"BreadcrumbList","@id":"https:\/\/parizstitkai.hu\/de\/termek\/die-schoenste-boulevard-von-paris-die-seine\/#breadcrumb","itemListElement":[{"@type":"ListItem","position":1,"name":"Kezd\u0151lap","item":"https:\/\/parizstitkai.hu\/de\/fooldal\/"},{"@type":"ListItem","position":2,"name":"Besichtigungstouren","item":"https:\/\/parizstitkai.hu\/de\/besichtigungstouren\/"},{"@type":"ListItem","position":3,"name":"Die Sch\u00f6nste Boulevard von Paris: die Seine"}]},{"@type":"WebSite","@id":"https:\/\/parizstitkai.hu\/de\/#website","url":"https:\/\/parizstitkai.hu\/de\/","name":"P\u00e1rizs Titkai","description":"","publisher":{"@id":"https:\/\/parizstitkai.hu\/de\/#\/schema\/person\/ab16a103201970a790d1d9964252f379"},"potentialAction":[{"@type":"SearchAction","target":{"@type":"EntryPoint","urlTemplate":"https:\/\/parizstitkai.hu\/de\/?s={search_term_string}"},"query-input":{"@type":"PropertyValueSpecification","valueRequired":true,"valueName":"search_term_string"}}],"inLanguage":"de"},{"@type":["Person","Organization"],"@id":"https:\/\/parizstitkai.hu\/de\/#\/schema\/person\/ab16a103201970a790d1d9964252f379","name":"Zolt\u00e1n","image":{"@type":"ImageObject","inLanguage":"de","@id":"https:\/\/secure.gravatar.com\/avatar\/96490830190475a389e193b80ee6b529c3d617e65f60756051458ef19ff8ec32?s=96&d=mm&r=g","url":"https:\/\/secure.gravatar.com\/avatar\/96490830190475a389e193b80ee6b529c3d617e65f60756051458ef19ff8ec32?s=96&d=mm&r=g","contentUrl":"https:\/\/secure.gravatar.com\/avatar\/96490830190475a389e193b80ee6b529c3d617e65f60756051458ef19ff8ec32?s=96&d=mm&r=g","caption":"Zolt\u00e1n"},"logo":{"@id":"https:\/\/secure.gravatar.com\/avatar\/96490830190475a389e193b80ee6b529c3d617e65f60756051458ef19ff8ec32?s=96&d=mm&r=g"},"sameAs":["https:\/\/www.facebook.com\/parizstitkai"]}]}},"_links":{"self":[{"href":"https:\/\/parizstitkai.hu\/de\/wp-json\/wp\/v2\/product\/1050","targetHints":{"allow":["GET"]}}],"collection":[{"href":"https:\/\/parizstitkai.hu\/de\/wp-json\/wp\/v2\/product"}],"about":[{"href":"https:\/\/parizstitkai.hu\/de\/wp-json\/wp\/v2\/types\/product"}],"replies":[{"embeddable":true,"href":"https:\/\/parizstitkai.hu\/de\/wp-json\/wp\/v2\/comments?post=1050"}],"wp:featuredmedia":[{"embeddable":true,"href":"https:\/\/parizstitkai.hu\/de\/wp-json\/wp\/v2\/media\/4033"}],"wp:attachment":[{"href":"https:\/\/parizstitkai.hu\/de\/wp-json\/wp\/v2\/media?parent=1050"}],"wp:term":[{"taxonomy":"product_cat","embeddable":true,"href":"https:\/\/parizstitkai.hu\/de\/wp-json\/wp\/v2\/product_cat?post=1050"},{"taxonomy":"product_tag","embeddable":true,"href":"https:\/\/parizstitkai.hu\/de\/wp-json\/wp\/v2\/product_tag?post=1050"}],"curies":[{"name":"wp","href":"https:\/\/api.w.org\/{rel}","templated":true}]}}