{"id":1052,"date":"2019-07-05T18:03:45","date_gmt":"2019-07-05T16:03:45","guid":{"rendered":"https:\/\/parizstitkai.hu\/?post_type=product&#038;p=1052"},"modified":"2020-03-06T18:54:13","modified_gmt":"2020-03-06T17:54:13","slug":"paris-stadt-der-landmaerkte","status":"publish","type":"product","link":"https:\/\/parizstitkai.hu\/de\/termek\/paris-stadt-der-landmaerkte\/","title":{"rendered":"Paris, Stadt der Landm\u00e4rkte"},"content":{"rendered":"<p style=\"text-align: justify;\">Das gut organisierte System der Stadtm\u00e4rkte gibt den Einwohnern der franz\u00f6sischen Metropole t\u00e4glich Zugang zu frischen Landwirtschaftsprodukten. Es bereitet mir immer gro\u00dfe Freude, zwischen den Marktst\u00e4nden zu schlendern, weil dadurch die Kindheitserinnerungen an meine l\u00e4ndlichen Sommer geweckt werden, als mich meine Oma jedes Wochenende auf eine Abenteuerreise in die bunte Zauberwelt des Samstagsmarktes mitgenommen hat. In allen 20 Pariser Arrondissements (Bezirken) finden regelm\u00e4\u00dfig M\u00e4rkte statt, deren \u00d6ffnungszeiten sich wochent\u00e4glich abwechseln. In den kleineren zentralen Bezirken werden normalerweise ein bis drei M\u00e4rkte gehalten, aber entlang der sich nach au\u00dfen drehenden Spirale steigender Bezirksnummern k\u00f6nnen wir sogar 8 (!) M\u00e4rkte in einigen gr\u00f6\u00dferen \u00e4u\u00dferen Bezirken finden. Das M\u00e4andern auf den Pariser M\u00e4rkten ist nicht nur wegen des fr\u00f6hlichen Treibens der Farben und D\u00fcfte, der Kakophonie oder der kulinarischen Gen\u00fcsse ein Erlebnis, das man nicht vers\u00e4umen sollte, sondern auch weil es eine hervorragende M\u00f6glichkeit bietet, die Pariser bei ihrem t\u00e4glichen kommen und gehen zu beobachten.<\/p>\n","protected":false},"excerpt":{"rendered":"<p>Das gut organisierte System der Stadtm\u00e4rkte gibt den Einwohnern der franz\u00f6sischen Metropole t\u00e4glich Zugang zu frischen Landwirtschaftsprodukten. Es bereitet mir immer gro\u00dfe Freude, zwischen den Marktst\u00e4nden zu schlendern, weil dadurch die Kindheitserinnerungen an meine l\u00e4ndlichen Sommer geweckt werden, als mich meine Oma jedes Wochenende auf eine Abenteuerreise in die bunte Zauberwelt des Samstagsmarktes mitgenommen hat. [&hellip;]<\/p>\n","protected":false},"featured_media":3943,"comment_status":"open","ping_status":"closed","template":"","meta":[],"product_cat":[172],"product_tag":[],"class_list":{"0":"post-1052","1":"product","2":"type-product","3":"status-publish","4":"has-post-thumbnail","6":"product_cat-erlebnistouren","8":"first","9":"instock","10":"shipping-taxable","11":"purchasable","12":"product-type-variable"},"yoast_head":"<!-- This site is optimized with the Yoast SEO plugin v27.3 - https:\/\/yoast.com\/product\/yoast-seo-wordpress\/ -->\n<title>Paris, Stadt der Landm\u00e4rkte - P\u00e1rizs Titkai<\/title>\n<meta name=\"robots\" content=\"index, follow, max-snippet:-1, max-image-preview:large, max-video-preview:-1\" \/>\n<link rel=\"canonical\" href=\"https:\/\/parizstitkai.hu\/de\/termek\/paris-stadt-der-landmaerkte\/\" \/>\n<meta property=\"og:locale\" content=\"de_DE\" \/>\n<meta property=\"og:type\" content=\"article\" \/>\n<meta property=\"og:title\" content=\"Paris, Stadt der Landm\u00e4rkte - P\u00e1rizs Titkai\" \/>\n<meta property=\"og:description\" content=\"Das gut organisierte System der Stadtm\u00e4rkte gibt den Einwohnern der franz\u00f6sischen Metropole t\u00e4glich Zugang zu frischen Landwirtschaftsprodukten. Es bereitet mir immer gro\u00dfe Freude, zwischen den Marktst\u00e4nden zu schlendern, weil dadurch die Kindheitserinnerungen an meine l\u00e4ndlichen Sommer geweckt werden, als mich meine Oma jedes Wochenende auf eine Abenteuerreise in die bunte Zauberwelt des Samstagsmarktes mitgenommen hat. [&hellip;]\" \/>\n<meta property=\"og:url\" content=\"https:\/\/parizstitkai.hu\/de\/termek\/paris-stadt-der-landmaerkte\/\" \/>\n<meta property=\"og:site_name\" content=\"P\u00e1rizs Titkai\" \/>\n<meta property=\"article:publisher\" content=\"https:\/\/www.facebook.com\/parizstitkai\" \/>\n<meta property=\"article:modified_time\" content=\"2020-03-06T17:54:13+00:00\" \/>\n<meta property=\"og:image\" content=\"https:\/\/parizstitkai.hu\/wp-content\/uploads\/2019\/07\/IMG_20190828_122838.jpg\" \/>\n\t<meta property=\"og:image:width\" content=\"450\" \/>\n\t<meta property=\"og:image:height\" content=\"600\" \/>\n\t<meta property=\"og:image:type\" content=\"image\/jpeg\" \/>\n<meta name=\"twitter:card\" content=\"summary_large_image\" \/>\n<meta name=\"twitter:label1\" content=\"Gesch\u00e4tzte Lesezeit\" \/>\n\t<meta name=\"twitter:data1\" content=\"1\u00a0Minute\" \/>\n<script type=\"application\/ld+json\" class=\"yoast-schema-graph\">{\"@context\":\"https:\\\/\\\/schema.org\",\"@graph\":[{\"@type\":\"WebPage\",\"@id\":\"https:\\\/\\\/parizstitkai.hu\\\/de\\\/termek\\\/paris-stadt-der-landmaerkte\\\/\",\"url\":\"https:\\\/\\\/parizstitkai.hu\\\/de\\\/termek\\\/paris-stadt-der-landmaerkte\\\/\",\"name\":\"Paris, Stadt der Landm\u00e4rkte - P\u00e1rizs Titkai\",\"isPartOf\":{\"@id\":\"https:\\\/\\\/parizstitkai.hu\\\/de\\\/#website\"},\"primaryImageOfPage\":{\"@id\":\"https:\\\/\\\/parizstitkai.hu\\\/de\\\/termek\\\/paris-stadt-der-landmaerkte\\\/#primaryimage\"},\"image\":{\"@id\":\"https:\\\/\\\/parizstitkai.hu\\\/de\\\/termek\\\/paris-stadt-der-landmaerkte\\\/#primaryimage\"},\"thumbnailUrl\":\"https:\\\/\\\/parizstitkai.hu\\\/wp-content\\\/uploads\\\/2019\\\/07\\\/IMG_20190828_122838.jpg\",\"datePublished\":\"2019-07-05T16:03:45+00:00\",\"dateModified\":\"2020-03-06T17:54:13+00:00\",\"breadcrumb\":{\"@id\":\"https:\\\/\\\/parizstitkai.hu\\\/de\\\/termek\\\/paris-stadt-der-landmaerkte\\\/#breadcrumb\"},\"inLanguage\":\"de\",\"potentialAction\":[{\"@type\":\"ReadAction\",\"target\":[\"https:\\\/\\\/parizstitkai.hu\\\/de\\\/termek\\\/paris-stadt-der-landmaerkte\\\/\"]}]},{\"@type\":\"ImageObject\",\"inLanguage\":\"de\",\"@id\":\"https:\\\/\\\/parizstitkai.hu\\\/de\\\/termek\\\/paris-stadt-der-landmaerkte\\\/#primaryimage\",\"url\":\"https:\\\/\\\/parizstitkai.hu\\\/wp-content\\\/uploads\\\/2019\\\/07\\\/IMG_20190828_122838.jpg\",\"contentUrl\":\"https:\\\/\\\/parizstitkai.hu\\\/wp-content\\\/uploads\\\/2019\\\/07\\\/IMG_20190828_122838.jpg\",\"width\":450,\"height\":600,\"caption\":\"smartcapture\"},{\"@type\":\"BreadcrumbList\",\"@id\":\"https:\\\/\\\/parizstitkai.hu\\\/de\\\/termek\\\/paris-stadt-der-landmaerkte\\\/#breadcrumb\",\"itemListElement\":[{\"@type\":\"ListItem\",\"position\":1,\"name\":\"Kezd\u0151lap\",\"item\":\"https:\\\/\\\/parizstitkai.hu\\\/de\\\/fooldal\\\/\"},{\"@type\":\"ListItem\",\"position\":2,\"name\":\"Besichtigungstouren\",\"item\":\"https:\\\/\\\/parizstitkai.hu\\\/de\\\/besichtigungstouren\\\/\"},{\"@type\":\"ListItem\",\"position\":3,\"name\":\"Paris, Stadt der Landm\u00e4rkte\"}]},{\"@type\":\"WebSite\",\"@id\":\"https:\\\/\\\/parizstitkai.hu\\\/de\\\/#website\",\"url\":\"https:\\\/\\\/parizstitkai.hu\\\/de\\\/\",\"name\":\"P\u00e1rizs Titkai\",\"description\":\"\",\"publisher\":{\"@id\":\"https:\\\/\\\/parizstitkai.hu\\\/de\\\/#\\\/schema\\\/person\\\/ab16a103201970a790d1d9964252f379\"},\"potentialAction\":[{\"@type\":\"SearchAction\",\"target\":{\"@type\":\"EntryPoint\",\"urlTemplate\":\"https:\\\/\\\/parizstitkai.hu\\\/de\\\/?s={search_term_string}\"},\"query-input\":{\"@type\":\"PropertyValueSpecification\",\"valueRequired\":true,\"valueName\":\"search_term_string\"}}],\"inLanguage\":\"de\"},{\"@type\":[\"Person\",\"Organization\"],\"@id\":\"https:\\\/\\\/parizstitkai.hu\\\/de\\\/#\\\/schema\\\/person\\\/ab16a103201970a790d1d9964252f379\",\"name\":\"Zolt\u00e1n\",\"image\":{\"@type\":\"ImageObject\",\"inLanguage\":\"de\",\"@id\":\"https:\\\/\\\/secure.gravatar.com\\\/avatar\\\/96490830190475a389e193b80ee6b529c3d617e65f60756051458ef19ff8ec32?s=96&d=mm&r=g\",\"url\":\"https:\\\/\\\/secure.gravatar.com\\\/avatar\\\/96490830190475a389e193b80ee6b529c3d617e65f60756051458ef19ff8ec32?s=96&d=mm&r=g\",\"contentUrl\":\"https:\\\/\\\/secure.gravatar.com\\\/avatar\\\/96490830190475a389e193b80ee6b529c3d617e65f60756051458ef19ff8ec32?s=96&d=mm&r=g\",\"caption\":\"Zolt\u00e1n\"},\"logo\":{\"@id\":\"https:\\\/\\\/secure.gravatar.com\\\/avatar\\\/96490830190475a389e193b80ee6b529c3d617e65f60756051458ef19ff8ec32?s=96&d=mm&r=g\"},\"sameAs\":[\"https:\\\/\\\/www.facebook.com\\\/parizstitkai\"]}]}<\/script>\n<!-- \/ Yoast SEO plugin. -->","yoast_head_json":{"title":"Paris, Stadt der Landm\u00e4rkte - P\u00e1rizs Titkai","robots":{"index":"index","follow":"follow","max-snippet":"max-snippet:-1","max-image-preview":"max-image-preview:large","max-video-preview":"max-video-preview:-1"},"canonical":"https:\/\/parizstitkai.hu\/de\/termek\/paris-stadt-der-landmaerkte\/","og_locale":"de_DE","og_type":"article","og_title":"Paris, Stadt der Landm\u00e4rkte - P\u00e1rizs Titkai","og_description":"Das gut organisierte System der Stadtm\u00e4rkte gibt den Einwohnern der franz\u00f6sischen Metropole t\u00e4glich Zugang zu frischen Landwirtschaftsprodukten. Es bereitet mir immer gro\u00dfe Freude, zwischen den Marktst\u00e4nden zu schlendern, weil dadurch die Kindheitserinnerungen an meine l\u00e4ndlichen Sommer geweckt werden, als mich meine Oma jedes Wochenende auf eine Abenteuerreise in die bunte Zauberwelt des Samstagsmarktes mitgenommen hat. [&hellip;]","og_url":"https:\/\/parizstitkai.hu\/de\/termek\/paris-stadt-der-landmaerkte\/","og_site_name":"P\u00e1rizs Titkai","article_publisher":"https:\/\/www.facebook.com\/parizstitkai","article_modified_time":"2020-03-06T17:54:13+00:00","og_image":[{"width":450,"height":600,"url":"https:\/\/parizstitkai.hu\/wp-content\/uploads\/2019\/07\/IMG_20190828_122838.jpg","type":"image\/jpeg"}],"twitter_card":"summary_large_image","twitter_misc":{"Gesch\u00e4tzte Lesezeit":"1\u00a0Minute"},"schema":{"@context":"https:\/\/schema.org","@graph":[{"@type":"WebPage","@id":"https:\/\/parizstitkai.hu\/de\/termek\/paris-stadt-der-landmaerkte\/","url":"https:\/\/parizstitkai.hu\/de\/termek\/paris-stadt-der-landmaerkte\/","name":"Paris, Stadt der Landm\u00e4rkte - P\u00e1rizs Titkai","isPartOf":{"@id":"https:\/\/parizstitkai.hu\/de\/#website"},"primaryImageOfPage":{"@id":"https:\/\/parizstitkai.hu\/de\/termek\/paris-stadt-der-landmaerkte\/#primaryimage"},"image":{"@id":"https:\/\/parizstitkai.hu\/de\/termek\/paris-stadt-der-landmaerkte\/#primaryimage"},"thumbnailUrl":"https:\/\/parizstitkai.hu\/wp-content\/uploads\/2019\/07\/IMG_20190828_122838.jpg","datePublished":"2019-07-05T16:03:45+00:00","dateModified":"2020-03-06T17:54:13+00:00","breadcrumb":{"@id":"https:\/\/parizstitkai.hu\/de\/termek\/paris-stadt-der-landmaerkte\/#breadcrumb"},"inLanguage":"de","potentialAction":[{"@type":"ReadAction","target":["https:\/\/parizstitkai.hu\/de\/termek\/paris-stadt-der-landmaerkte\/"]}]},{"@type":"ImageObject","inLanguage":"de","@id":"https:\/\/parizstitkai.hu\/de\/termek\/paris-stadt-der-landmaerkte\/#primaryimage","url":"https:\/\/parizstitkai.hu\/wp-content\/uploads\/2019\/07\/IMG_20190828_122838.jpg","contentUrl":"https:\/\/parizstitkai.hu\/wp-content\/uploads\/2019\/07\/IMG_20190828_122838.jpg","width":450,"height":600,"caption":"smartcapture"},{"@type":"BreadcrumbList","@id":"https:\/\/parizstitkai.hu\/de\/termek\/paris-stadt-der-landmaerkte\/#breadcrumb","itemListElement":[{"@type":"ListItem","position":1,"name":"Kezd\u0151lap","item":"https:\/\/parizstitkai.hu\/de\/fooldal\/"},{"@type":"ListItem","position":2,"name":"Besichtigungstouren","item":"https:\/\/parizstitkai.hu\/de\/besichtigungstouren\/"},{"@type":"ListItem","position":3,"name":"Paris, Stadt der Landm\u00e4rkte"}]},{"@type":"WebSite","@id":"https:\/\/parizstitkai.hu\/de\/#website","url":"https:\/\/parizstitkai.hu\/de\/","name":"P\u00e1rizs Titkai","description":"","publisher":{"@id":"https:\/\/parizstitkai.hu\/de\/#\/schema\/person\/ab16a103201970a790d1d9964252f379"},"potentialAction":[{"@type":"SearchAction","target":{"@type":"EntryPoint","urlTemplate":"https:\/\/parizstitkai.hu\/de\/?s={search_term_string}"},"query-input":{"@type":"PropertyValueSpecification","valueRequired":true,"valueName":"search_term_string"}}],"inLanguage":"de"},{"@type":["Person","Organization"],"@id":"https:\/\/parizstitkai.hu\/de\/#\/schema\/person\/ab16a103201970a790d1d9964252f379","name":"Zolt\u00e1n","image":{"@type":"ImageObject","inLanguage":"de","@id":"https:\/\/secure.gravatar.com\/avatar\/96490830190475a389e193b80ee6b529c3d617e65f60756051458ef19ff8ec32?s=96&d=mm&r=g","url":"https:\/\/secure.gravatar.com\/avatar\/96490830190475a389e193b80ee6b529c3d617e65f60756051458ef19ff8ec32?s=96&d=mm&r=g","contentUrl":"https:\/\/secure.gravatar.com\/avatar\/96490830190475a389e193b80ee6b529c3d617e65f60756051458ef19ff8ec32?s=96&d=mm&r=g","caption":"Zolt\u00e1n"},"logo":{"@id":"https:\/\/secure.gravatar.com\/avatar\/96490830190475a389e193b80ee6b529c3d617e65f60756051458ef19ff8ec32?s=96&d=mm&r=g"},"sameAs":["https:\/\/www.facebook.com\/parizstitkai"]}]}},"_links":{"self":[{"href":"https:\/\/parizstitkai.hu\/de\/wp-json\/wp\/v2\/product\/1052","targetHints":{"allow":["GET"]}}],"collection":[{"href":"https:\/\/parizstitkai.hu\/de\/wp-json\/wp\/v2\/product"}],"about":[{"href":"https:\/\/parizstitkai.hu\/de\/wp-json\/wp\/v2\/types\/product"}],"replies":[{"embeddable":true,"href":"https:\/\/parizstitkai.hu\/de\/wp-json\/wp\/v2\/comments?post=1052"}],"wp:featuredmedia":[{"embeddable":true,"href":"https:\/\/parizstitkai.hu\/de\/wp-json\/wp\/v2\/media\/3943"}],"wp:attachment":[{"href":"https:\/\/parizstitkai.hu\/de\/wp-json\/wp\/v2\/media?parent=1052"}],"wp:term":[{"taxonomy":"product_cat","embeddable":true,"href":"https:\/\/parizstitkai.hu\/de\/wp-json\/wp\/v2\/product_cat?post=1052"},{"taxonomy":"product_tag","embeddable":true,"href":"https:\/\/parizstitkai.hu\/de\/wp-json\/wp\/v2\/product_tag?post=1052"}],"curies":[{"name":"wp","href":"https:\/\/api.w.org\/{rel}","templated":true}]}}