{"id":1053,"date":"2019-07-08T08:36:56","date_gmt":"2019-07-08T06:36:56","guid":{"rendered":"https:\/\/parizstitkai.hu\/?post_type=product&#038;p=1053"},"modified":"2025-01-16T14:18:55","modified_gmt":"2025-01-16T13:18:55","slug":"die-schaetze-des-marais-viertels","status":"publish","type":"product","link":"https:\/\/parizstitkai.hu\/de\/termek\/die-schaetze-des-marais-viertels\/","title":{"rendered":"Die Sch\u00e4tze des Marais-Viertels"},"content":{"rendered":"<p style=\"text-align: justify;\">Wie k\u00f6nnte man \u201ele Marais\u201d, diese Stadt in der Stadt am besten umschreiben? Vielleicht k\u00f6nnten wir es mit Adjektiven wie farbenfroh, lebhaft, aufgeschlossen, unglaublich unkonventionell und freigeistig versuchen, aber dennoch erfassen diese Worte die Essenz des Viertels nicht vollst\u00e4ndig. Le Marais ist lebendige Geschichte, wo luxuri\u00f6se Renaissance-Pal\u00e4ste mit verborgenen Innenhof-Juwelen von wundersch\u00f6nen Springbrunnen Wache stehen entlang den verwinkelten Gassen, die zum \u00e4ltesten Platz der Stadt f\u00fchren: dem atemberaubenden Place des Vosges. Man findet hier erstklassige Kunsttempel neben exklusiven Modeschaur\u00e4umen, die den legend\u00e4ren Charme der Bourgeoisie sp\u00fcrbar ausstrahlen, und das historische Chinatown von Paris ist gleich um die Ecke von der traditionellen j\u00fcdischen Konditorei, die t\u00e4glich im Pletzl (das j\u00fcdische Viertel) ihre Pforten \u00f6ffnet. All diese magischen Orte sind von den immer vollen Caf\u00e9s und Nightclubs umgeben, wo die regenbogenfarbenen LGTB-Fahnen stolz und hoch getragen werden, und wo sich die Partyg\u00e4nger ins pulsierende Nachtleben eintauchen. Schlie\u00dfen wir uns doch an!<\/p>\n","protected":false},"excerpt":{"rendered":"<p>Wie k\u00f6nnte man \u201ele Marais\u201d, diese Stadt in der Stadt am besten umschreiben? Vielleicht k\u00f6nnten wir es mit Adjektiven wie farbenfroh, lebhaft, aufgeschlossen, unglaublich unkonventionell und freigeistig versuchen, aber dennoch erfassen diese Worte die Essenz des Viertels nicht vollst\u00e4ndig. Le Marais ist lebendige Geschichte, wo luxuri\u00f6se Renaissance-Pal\u00e4ste mit verborgenen Innenhof-Juwelen von wundersch\u00f6nen Springbrunnen Wache stehen [&hellip;]<\/p>\n","protected":false},"featured_media":1131,"comment_status":"open","ping_status":"closed","template":"","meta":[],"product_cat":[167],"product_tag":[],"class_list":{"0":"post-1053","1":"product","2":"type-product","3":"status-publish","4":"has-post-thumbnail","6":"product_cat-besichtigungstouren","8":"first","9":"instock","10":"shipping-taxable","11":"purchasable","12":"product-type-variable"},"yoast_head":"<!-- This site is optimized with the Yoast SEO plugin v27.3 - https:\/\/yoast.com\/product\/yoast-seo-wordpress\/ -->\n<title>Die Sch\u00e4tze des Marais-Viertels - P\u00e1rizs Titkai<\/title>\n<meta name=\"robots\" content=\"index, follow, max-snippet:-1, max-image-preview:large, max-video-preview:-1\" \/>\n<link rel=\"canonical\" href=\"https:\/\/parizstitkai.hu\/de\/termek\/die-schaetze-des-marais-viertels\/\" \/>\n<meta property=\"og:locale\" content=\"de_DE\" \/>\n<meta property=\"og:type\" content=\"article\" \/>\n<meta property=\"og:title\" content=\"Die Sch\u00e4tze des Marais-Viertels - P\u00e1rizs Titkai\" \/>\n<meta property=\"og:description\" content=\"Wie k\u00f6nnte man \u201ele Marais\u201d, diese Stadt in der Stadt am besten umschreiben? Vielleicht k\u00f6nnten wir es mit Adjektiven wie farbenfroh, lebhaft, aufgeschlossen, unglaublich unkonventionell und freigeistig versuchen, aber dennoch erfassen diese Worte die Essenz des Viertels nicht vollst\u00e4ndig. Le Marais ist lebendige Geschichte, wo luxuri\u00f6se Renaissance-Pal\u00e4ste mit verborgenen Innenhof-Juwelen von wundersch\u00f6nen Springbrunnen Wache stehen [&hellip;]\" \/>\n<meta property=\"og:url\" content=\"https:\/\/parizstitkai.hu\/de\/termek\/die-schaetze-des-marais-viertels\/\" \/>\n<meta property=\"og:site_name\" content=\"P\u00e1rizs Titkai\" \/>\n<meta property=\"article:publisher\" content=\"https:\/\/www.facebook.com\/parizstitkai\" \/>\n<meta property=\"article:modified_time\" content=\"2025-01-16T13:18:55+00:00\" \/>\n<meta property=\"og:image\" content=\"https:\/\/parizstitkai.hu\/wp-content\/uploads\/2019\/07\/Place-des-Vosges.jpg\" \/>\n\t<meta property=\"og:image:width\" content=\"800\" \/>\n\t<meta property=\"og:image:height\" content=\"534\" \/>\n\t<meta property=\"og:image:type\" content=\"image\/jpeg\" \/>\n<meta name=\"twitter:card\" content=\"summary_large_image\" \/>\n<script type=\"application\/ld+json\" class=\"yoast-schema-graph\">{\"@context\":\"https:\\\/\\\/schema.org\",\"@graph\":[{\"@type\":\"WebPage\",\"@id\":\"https:\\\/\\\/parizstitkai.hu\\\/de\\\/termek\\\/die-schaetze-des-marais-viertels\\\/\",\"url\":\"https:\\\/\\\/parizstitkai.hu\\\/de\\\/termek\\\/die-schaetze-des-marais-viertels\\\/\",\"name\":\"Die Sch\u00e4tze des Marais-Viertels - P\u00e1rizs Titkai\",\"isPartOf\":{\"@id\":\"https:\\\/\\\/parizstitkai.hu\\\/de\\\/#website\"},\"primaryImageOfPage\":{\"@id\":\"https:\\\/\\\/parizstitkai.hu\\\/de\\\/termek\\\/die-schaetze-des-marais-viertels\\\/#primaryimage\"},\"image\":{\"@id\":\"https:\\\/\\\/parizstitkai.hu\\\/de\\\/termek\\\/die-schaetze-des-marais-viertels\\\/#primaryimage\"},\"thumbnailUrl\":\"https:\\\/\\\/parizstitkai.hu\\\/wp-content\\\/uploads\\\/2019\\\/07\\\/Place-des-Vosges.jpg\",\"datePublished\":\"2019-07-08T06:36:56+00:00\",\"dateModified\":\"2025-01-16T13:18:55+00:00\",\"breadcrumb\":{\"@id\":\"https:\\\/\\\/parizstitkai.hu\\\/de\\\/termek\\\/die-schaetze-des-marais-viertels\\\/#breadcrumb\"},\"inLanguage\":\"de\",\"potentialAction\":[{\"@type\":\"ReadAction\",\"target\":[\"https:\\\/\\\/parizstitkai.hu\\\/de\\\/termek\\\/die-schaetze-des-marais-viertels\\\/\"]}]},{\"@type\":\"ImageObject\",\"inLanguage\":\"de\",\"@id\":\"https:\\\/\\\/parizstitkai.hu\\\/de\\\/termek\\\/die-schaetze-des-marais-viertels\\\/#primaryimage\",\"url\":\"https:\\\/\\\/parizstitkai.hu\\\/wp-content\\\/uploads\\\/2019\\\/07\\\/Place-des-Vosges.jpg\",\"contentUrl\":\"https:\\\/\\\/parizstitkai.hu\\\/wp-content\\\/uploads\\\/2019\\\/07\\\/Place-des-Vosges.jpg\",\"width\":800,\"height\":534},{\"@type\":\"BreadcrumbList\",\"@id\":\"https:\\\/\\\/parizstitkai.hu\\\/de\\\/termek\\\/die-schaetze-des-marais-viertels\\\/#breadcrumb\",\"itemListElement\":[{\"@type\":\"ListItem\",\"position\":1,\"name\":\"Kezd\u0151lap\",\"item\":\"https:\\\/\\\/parizstitkai.hu\\\/de\\\/fooldal\\\/\"},{\"@type\":\"ListItem\",\"position\":2,\"name\":\"Besichtigungstouren\",\"item\":\"https:\\\/\\\/parizstitkai.hu\\\/de\\\/besichtigungstouren\\\/\"},{\"@type\":\"ListItem\",\"position\":3,\"name\":\"Die Sch\u00e4tze des Marais-Viertels\"}]},{\"@type\":\"WebSite\",\"@id\":\"https:\\\/\\\/parizstitkai.hu\\\/de\\\/#website\",\"url\":\"https:\\\/\\\/parizstitkai.hu\\\/de\\\/\",\"name\":\"P\u00e1rizs Titkai\",\"description\":\"\",\"publisher\":{\"@id\":\"https:\\\/\\\/parizstitkai.hu\\\/de\\\/#\\\/schema\\\/person\\\/ab16a103201970a790d1d9964252f379\"},\"potentialAction\":[{\"@type\":\"SearchAction\",\"target\":{\"@type\":\"EntryPoint\",\"urlTemplate\":\"https:\\\/\\\/parizstitkai.hu\\\/de\\\/?s={search_term_string}\"},\"query-input\":{\"@type\":\"PropertyValueSpecification\",\"valueRequired\":true,\"valueName\":\"search_term_string\"}}],\"inLanguage\":\"de\"},{\"@type\":[\"Person\",\"Organization\"],\"@id\":\"https:\\\/\\\/parizstitkai.hu\\\/de\\\/#\\\/schema\\\/person\\\/ab16a103201970a790d1d9964252f379\",\"name\":\"Zolt\u00e1n\",\"image\":{\"@type\":\"ImageObject\",\"inLanguage\":\"de\",\"@id\":\"https:\\\/\\\/secure.gravatar.com\\\/avatar\\\/96490830190475a389e193b80ee6b529c3d617e65f60756051458ef19ff8ec32?s=96&d=mm&r=g\",\"url\":\"https:\\\/\\\/secure.gravatar.com\\\/avatar\\\/96490830190475a389e193b80ee6b529c3d617e65f60756051458ef19ff8ec32?s=96&d=mm&r=g\",\"contentUrl\":\"https:\\\/\\\/secure.gravatar.com\\\/avatar\\\/96490830190475a389e193b80ee6b529c3d617e65f60756051458ef19ff8ec32?s=96&d=mm&r=g\",\"caption\":\"Zolt\u00e1n\"},\"logo\":{\"@id\":\"https:\\\/\\\/secure.gravatar.com\\\/avatar\\\/96490830190475a389e193b80ee6b529c3d617e65f60756051458ef19ff8ec32?s=96&d=mm&r=g\"},\"sameAs\":[\"https:\\\/\\\/www.facebook.com\\\/parizstitkai\"]}]}<\/script>\n<!-- \/ Yoast SEO plugin. -->","yoast_head_json":{"title":"Die Sch\u00e4tze des Marais-Viertels - P\u00e1rizs Titkai","robots":{"index":"index","follow":"follow","max-snippet":"max-snippet:-1","max-image-preview":"max-image-preview:large","max-video-preview":"max-video-preview:-1"},"canonical":"https:\/\/parizstitkai.hu\/de\/termek\/die-schaetze-des-marais-viertels\/","og_locale":"de_DE","og_type":"article","og_title":"Die Sch\u00e4tze des Marais-Viertels - P\u00e1rizs Titkai","og_description":"Wie k\u00f6nnte man \u201ele Marais\u201d, diese Stadt in der Stadt am besten umschreiben? Vielleicht k\u00f6nnten wir es mit Adjektiven wie farbenfroh, lebhaft, aufgeschlossen, unglaublich unkonventionell und freigeistig versuchen, aber dennoch erfassen diese Worte die Essenz des Viertels nicht vollst\u00e4ndig. Le Marais ist lebendige Geschichte, wo luxuri\u00f6se Renaissance-Pal\u00e4ste mit verborgenen Innenhof-Juwelen von wundersch\u00f6nen Springbrunnen Wache stehen [&hellip;]","og_url":"https:\/\/parizstitkai.hu\/de\/termek\/die-schaetze-des-marais-viertels\/","og_site_name":"P\u00e1rizs Titkai","article_publisher":"https:\/\/www.facebook.com\/parizstitkai","article_modified_time":"2025-01-16T13:18:55+00:00","og_image":[{"width":800,"height":534,"url":"https:\/\/parizstitkai.hu\/wp-content\/uploads\/2019\/07\/Place-des-Vosges.jpg","type":"image\/jpeg"}],"twitter_card":"summary_large_image","schema":{"@context":"https:\/\/schema.org","@graph":[{"@type":"WebPage","@id":"https:\/\/parizstitkai.hu\/de\/termek\/die-schaetze-des-marais-viertels\/","url":"https:\/\/parizstitkai.hu\/de\/termek\/die-schaetze-des-marais-viertels\/","name":"Die Sch\u00e4tze des Marais-Viertels - P\u00e1rizs Titkai","isPartOf":{"@id":"https:\/\/parizstitkai.hu\/de\/#website"},"primaryImageOfPage":{"@id":"https:\/\/parizstitkai.hu\/de\/termek\/die-schaetze-des-marais-viertels\/#primaryimage"},"image":{"@id":"https:\/\/parizstitkai.hu\/de\/termek\/die-schaetze-des-marais-viertels\/#primaryimage"},"thumbnailUrl":"https:\/\/parizstitkai.hu\/wp-content\/uploads\/2019\/07\/Place-des-Vosges.jpg","datePublished":"2019-07-08T06:36:56+00:00","dateModified":"2025-01-16T13:18:55+00:00","breadcrumb":{"@id":"https:\/\/parizstitkai.hu\/de\/termek\/die-schaetze-des-marais-viertels\/#breadcrumb"},"inLanguage":"de","potentialAction":[{"@type":"ReadAction","target":["https:\/\/parizstitkai.hu\/de\/termek\/die-schaetze-des-marais-viertels\/"]}]},{"@type":"ImageObject","inLanguage":"de","@id":"https:\/\/parizstitkai.hu\/de\/termek\/die-schaetze-des-marais-viertels\/#primaryimage","url":"https:\/\/parizstitkai.hu\/wp-content\/uploads\/2019\/07\/Place-des-Vosges.jpg","contentUrl":"https:\/\/parizstitkai.hu\/wp-content\/uploads\/2019\/07\/Place-des-Vosges.jpg","width":800,"height":534},{"@type":"BreadcrumbList","@id":"https:\/\/parizstitkai.hu\/de\/termek\/die-schaetze-des-marais-viertels\/#breadcrumb","itemListElement":[{"@type":"ListItem","position":1,"name":"Kezd\u0151lap","item":"https:\/\/parizstitkai.hu\/de\/fooldal\/"},{"@type":"ListItem","position":2,"name":"Besichtigungstouren","item":"https:\/\/parizstitkai.hu\/de\/besichtigungstouren\/"},{"@type":"ListItem","position":3,"name":"Die Sch\u00e4tze des Marais-Viertels"}]},{"@type":"WebSite","@id":"https:\/\/parizstitkai.hu\/de\/#website","url":"https:\/\/parizstitkai.hu\/de\/","name":"P\u00e1rizs Titkai","description":"","publisher":{"@id":"https:\/\/parizstitkai.hu\/de\/#\/schema\/person\/ab16a103201970a790d1d9964252f379"},"potentialAction":[{"@type":"SearchAction","target":{"@type":"EntryPoint","urlTemplate":"https:\/\/parizstitkai.hu\/de\/?s={search_term_string}"},"query-input":{"@type":"PropertyValueSpecification","valueRequired":true,"valueName":"search_term_string"}}],"inLanguage":"de"},{"@type":["Person","Organization"],"@id":"https:\/\/parizstitkai.hu\/de\/#\/schema\/person\/ab16a103201970a790d1d9964252f379","name":"Zolt\u00e1n","image":{"@type":"ImageObject","inLanguage":"de","@id":"https:\/\/secure.gravatar.com\/avatar\/96490830190475a389e193b80ee6b529c3d617e65f60756051458ef19ff8ec32?s=96&d=mm&r=g","url":"https:\/\/secure.gravatar.com\/avatar\/96490830190475a389e193b80ee6b529c3d617e65f60756051458ef19ff8ec32?s=96&d=mm&r=g","contentUrl":"https:\/\/secure.gravatar.com\/avatar\/96490830190475a389e193b80ee6b529c3d617e65f60756051458ef19ff8ec32?s=96&d=mm&r=g","caption":"Zolt\u00e1n"},"logo":{"@id":"https:\/\/secure.gravatar.com\/avatar\/96490830190475a389e193b80ee6b529c3d617e65f60756051458ef19ff8ec32?s=96&d=mm&r=g"},"sameAs":["https:\/\/www.facebook.com\/parizstitkai"]}]}},"_links":{"self":[{"href":"https:\/\/parizstitkai.hu\/de\/wp-json\/wp\/v2\/product\/1053","targetHints":{"allow":["GET"]}}],"collection":[{"href":"https:\/\/parizstitkai.hu\/de\/wp-json\/wp\/v2\/product"}],"about":[{"href":"https:\/\/parizstitkai.hu\/de\/wp-json\/wp\/v2\/types\/product"}],"replies":[{"embeddable":true,"href":"https:\/\/parizstitkai.hu\/de\/wp-json\/wp\/v2\/comments?post=1053"}],"wp:featuredmedia":[{"embeddable":true,"href":"https:\/\/parizstitkai.hu\/de\/wp-json\/wp\/v2\/media\/1131"}],"wp:attachment":[{"href":"https:\/\/parizstitkai.hu\/de\/wp-json\/wp\/v2\/media?parent=1053"}],"wp:term":[{"taxonomy":"product_cat","embeddable":true,"href":"https:\/\/parizstitkai.hu\/de\/wp-json\/wp\/v2\/product_cat?post=1053"},{"taxonomy":"product_tag","embeddable":true,"href":"https:\/\/parizstitkai.hu\/de\/wp-json\/wp\/v2\/product_tag?post=1053"}],"curies":[{"name":"wp","href":"https:\/\/api.w.org\/{rel}","templated":true}]}}