{"id":1054,"date":"2019-07-08T10:11:30","date_gmt":"2019-07-08T08:11:30","guid":{"rendered":"https:\/\/parizstitkai.hu\/?post_type=product&#038;p=1054"},"modified":"2023-05-31T13:22:00","modified_gmt":"2023-05-31T12:22:00","slug":"fruehstueck-mit-mona-lisa","status":"publish","type":"product","link":"https:\/\/parizstitkai.hu\/de\/termek\/fruehstueck-mit-mona-lisa\/","title":{"rendered":"Fr\u00fchst\u00fcck mit Mona Lisa"},"content":{"rendered":"<p style=\"text-align: justify;\">Der Louvre ist eines der gr\u00f6\u00dften Museen der Welt, und es w\u00fcrde einige Wochen dauern, um die mehreren tausende seiner Kunstwerke kennenzulernen. F\u00fcr diejenigen, die in Paris etwas weniger Zeit zur Verf\u00fcgung haben, aber dennoch einen Einblick in diese Welt der wertlosen Sch\u00e4tze erhalten m\u00f6chten, habe ich sorgf\u00e4ltig eine F\u00fchrung von einigen Stunden zusammengestellt, in der die wichtigsten Gem\u00e4lde, Statuen und Skulpturen vorgenommen werden. Erstaunt vor den weltber\u00fchmten Kunstwerken, w\u00e4hrend ich Euch ihren faszinierenden Hintergrund und die nicht weniger bunte Geschichten um ihre Sch\u00f6pfer n\u00e4herbringe. Lasst uns in die Glaspyramide hinabsteigen!<\/p>\n","protected":false},"excerpt":{"rendered":"<p>Der Louvre ist eines der gr\u00f6\u00dften Museen der Welt, und es w\u00fcrde einige Wochen dauern, um die mehreren tausende seiner Kunstwerke kennenzulernen. F\u00fcr diejenigen, die in Paris etwas weniger Zeit zur Verf\u00fcgung haben, aber dennoch einen Einblick in diese Welt der wertlosen Sch\u00e4tze erhalten m\u00f6chten, habe ich sorgf\u00e4ltig eine F\u00fchrung von einigen Stunden zusammengestellt, in [&hellip;]<\/p>\n","protected":false},"featured_media":1132,"comment_status":"open","ping_status":"closed","template":"","meta":[],"product_cat":[167],"product_tag":[],"class_list":{"0":"post-1054","1":"product","2":"type-product","3":"status-publish","4":"has-post-thumbnail","6":"product_cat-besichtigungstouren","8":"first","9":"instock","10":"shipping-taxable","11":"purchasable","12":"product-type-variable"},"yoast_head":"<!-- This site is optimized with the Yoast SEO plugin v27.3 - https:\/\/yoast.com\/product\/yoast-seo-wordpress\/ -->\n<title>Fr\u00fchst\u00fcck mit Mona Lisa - P\u00e1rizs Titkai<\/title>\n<meta name=\"robots\" content=\"index, follow, max-snippet:-1, max-image-preview:large, max-video-preview:-1\" \/>\n<link rel=\"canonical\" href=\"https:\/\/parizstitkai.hu\/de\/termek\/fruehstueck-mit-mona-lisa\/\" \/>\n<meta property=\"og:locale\" content=\"de_DE\" \/>\n<meta property=\"og:type\" content=\"article\" \/>\n<meta property=\"og:title\" content=\"Fr\u00fchst\u00fcck mit Mona Lisa - P\u00e1rizs Titkai\" \/>\n<meta property=\"og:description\" content=\"Der Louvre ist eines der gr\u00f6\u00dften Museen der Welt, und es w\u00fcrde einige Wochen dauern, um die mehreren tausende seiner Kunstwerke kennenzulernen. F\u00fcr diejenigen, die in Paris etwas weniger Zeit zur Verf\u00fcgung haben, aber dennoch einen Einblick in diese Welt der wertlosen Sch\u00e4tze erhalten m\u00f6chten, habe ich sorgf\u00e4ltig eine F\u00fchrung von einigen Stunden zusammengestellt, in [&hellip;]\" \/>\n<meta property=\"og:url\" content=\"https:\/\/parizstitkai.hu\/de\/termek\/fruehstueck-mit-mona-lisa\/\" \/>\n<meta property=\"og:site_name\" content=\"P\u00e1rizs Titkai\" \/>\n<meta property=\"article:publisher\" content=\"https:\/\/www.facebook.com\/parizstitkai\" \/>\n<meta property=\"article:modified_time\" content=\"2023-05-31T12:22:00+00:00\" \/>\n<meta property=\"og:image\" content=\"https:\/\/parizstitkai.hu\/wp-content\/uploads\/2019\/07\/DSC_0214-e1562580655532-scaled.jpg\" \/>\n\t<meta property=\"og:image:width\" content=\"399\" \/>\n\t<meta property=\"og:image:height\" content=\"600\" \/>\n\t<meta property=\"og:image:type\" content=\"image\/jpeg\" \/>\n<meta name=\"twitter:card\" content=\"summary_large_image\" \/>\n<meta name=\"twitter:label1\" content=\"Gesch\u00e4tzte Lesezeit\" \/>\n\t<meta name=\"twitter:data1\" content=\"1\u00a0Minute\" \/>\n<script type=\"application\/ld+json\" class=\"yoast-schema-graph\">{\"@context\":\"https:\\\/\\\/schema.org\",\"@graph\":[{\"@type\":\"WebPage\",\"@id\":\"https:\\\/\\\/parizstitkai.hu\\\/de\\\/termek\\\/fruehstueck-mit-mona-lisa\\\/\",\"url\":\"https:\\\/\\\/parizstitkai.hu\\\/de\\\/termek\\\/fruehstueck-mit-mona-lisa\\\/\",\"name\":\"Fr\u00fchst\u00fcck mit Mona Lisa - P\u00e1rizs Titkai\",\"isPartOf\":{\"@id\":\"https:\\\/\\\/parizstitkai.hu\\\/de\\\/#website\"},\"primaryImageOfPage\":{\"@id\":\"https:\\\/\\\/parizstitkai.hu\\\/de\\\/termek\\\/fruehstueck-mit-mona-lisa\\\/#primaryimage\"},\"image\":{\"@id\":\"https:\\\/\\\/parizstitkai.hu\\\/de\\\/termek\\\/fruehstueck-mit-mona-lisa\\\/#primaryimage\"},\"thumbnailUrl\":\"https:\\\/\\\/parizstitkai.hu\\\/wp-content\\\/uploads\\\/2019\\\/07\\\/DSC_0214-e1562580655532-scaled.jpg\",\"datePublished\":\"2019-07-08T08:11:30+00:00\",\"dateModified\":\"2023-05-31T12:22:00+00:00\",\"breadcrumb\":{\"@id\":\"https:\\\/\\\/parizstitkai.hu\\\/de\\\/termek\\\/fruehstueck-mit-mona-lisa\\\/#breadcrumb\"},\"inLanguage\":\"de\",\"potentialAction\":[{\"@type\":\"ReadAction\",\"target\":[\"https:\\\/\\\/parizstitkai.hu\\\/de\\\/termek\\\/fruehstueck-mit-mona-lisa\\\/\"]}]},{\"@type\":\"ImageObject\",\"inLanguage\":\"de\",\"@id\":\"https:\\\/\\\/parizstitkai.hu\\\/de\\\/termek\\\/fruehstueck-mit-mona-lisa\\\/#primaryimage\",\"url\":\"https:\\\/\\\/parizstitkai.hu\\\/wp-content\\\/uploads\\\/2019\\\/07\\\/DSC_0214-e1562580655532-scaled.jpg\",\"contentUrl\":\"https:\\\/\\\/parizstitkai.hu\\\/wp-content\\\/uploads\\\/2019\\\/07\\\/DSC_0214-e1562580655532-scaled.jpg\",\"width\":399,\"height\":600},{\"@type\":\"BreadcrumbList\",\"@id\":\"https:\\\/\\\/parizstitkai.hu\\\/de\\\/termek\\\/fruehstueck-mit-mona-lisa\\\/#breadcrumb\",\"itemListElement\":[{\"@type\":\"ListItem\",\"position\":1,\"name\":\"Kezd\u0151lap\",\"item\":\"https:\\\/\\\/parizstitkai.hu\\\/de\\\/fooldal\\\/\"},{\"@type\":\"ListItem\",\"position\":2,\"name\":\"Besichtigungstouren\",\"item\":\"https:\\\/\\\/parizstitkai.hu\\\/de\\\/besichtigungstouren\\\/\"},{\"@type\":\"ListItem\",\"position\":3,\"name\":\"Fr\u00fchst\u00fcck mit Mona Lisa\"}]},{\"@type\":\"WebSite\",\"@id\":\"https:\\\/\\\/parizstitkai.hu\\\/de\\\/#website\",\"url\":\"https:\\\/\\\/parizstitkai.hu\\\/de\\\/\",\"name\":\"P\u00e1rizs Titkai\",\"description\":\"\",\"publisher\":{\"@id\":\"https:\\\/\\\/parizstitkai.hu\\\/de\\\/#\\\/schema\\\/person\\\/ab16a103201970a790d1d9964252f379\"},\"potentialAction\":[{\"@type\":\"SearchAction\",\"target\":{\"@type\":\"EntryPoint\",\"urlTemplate\":\"https:\\\/\\\/parizstitkai.hu\\\/de\\\/?s={search_term_string}\"},\"query-input\":{\"@type\":\"PropertyValueSpecification\",\"valueRequired\":true,\"valueName\":\"search_term_string\"}}],\"inLanguage\":\"de\"},{\"@type\":[\"Person\",\"Organization\"],\"@id\":\"https:\\\/\\\/parizstitkai.hu\\\/de\\\/#\\\/schema\\\/person\\\/ab16a103201970a790d1d9964252f379\",\"name\":\"Zolt\u00e1n\",\"image\":{\"@type\":\"ImageObject\",\"inLanguage\":\"de\",\"@id\":\"https:\\\/\\\/secure.gravatar.com\\\/avatar\\\/96490830190475a389e193b80ee6b529c3d617e65f60756051458ef19ff8ec32?s=96&d=mm&r=g\",\"url\":\"https:\\\/\\\/secure.gravatar.com\\\/avatar\\\/96490830190475a389e193b80ee6b529c3d617e65f60756051458ef19ff8ec32?s=96&d=mm&r=g\",\"contentUrl\":\"https:\\\/\\\/secure.gravatar.com\\\/avatar\\\/96490830190475a389e193b80ee6b529c3d617e65f60756051458ef19ff8ec32?s=96&d=mm&r=g\",\"caption\":\"Zolt\u00e1n\"},\"logo\":{\"@id\":\"https:\\\/\\\/secure.gravatar.com\\\/avatar\\\/96490830190475a389e193b80ee6b529c3d617e65f60756051458ef19ff8ec32?s=96&d=mm&r=g\"},\"sameAs\":[\"https:\\\/\\\/www.facebook.com\\\/parizstitkai\"]}]}<\/script>\n<!-- \/ Yoast SEO plugin. -->","yoast_head_json":{"title":"Fr\u00fchst\u00fcck mit Mona Lisa - P\u00e1rizs Titkai","robots":{"index":"index","follow":"follow","max-snippet":"max-snippet:-1","max-image-preview":"max-image-preview:large","max-video-preview":"max-video-preview:-1"},"canonical":"https:\/\/parizstitkai.hu\/de\/termek\/fruehstueck-mit-mona-lisa\/","og_locale":"de_DE","og_type":"article","og_title":"Fr\u00fchst\u00fcck mit Mona Lisa - P\u00e1rizs Titkai","og_description":"Der Louvre ist eines der gr\u00f6\u00dften Museen der Welt, und es w\u00fcrde einige Wochen dauern, um die mehreren tausende seiner Kunstwerke kennenzulernen. F\u00fcr diejenigen, die in Paris etwas weniger Zeit zur Verf\u00fcgung haben, aber dennoch einen Einblick in diese Welt der wertlosen Sch\u00e4tze erhalten m\u00f6chten, habe ich sorgf\u00e4ltig eine F\u00fchrung von einigen Stunden zusammengestellt, in [&hellip;]","og_url":"https:\/\/parizstitkai.hu\/de\/termek\/fruehstueck-mit-mona-lisa\/","og_site_name":"P\u00e1rizs Titkai","article_publisher":"https:\/\/www.facebook.com\/parizstitkai","article_modified_time":"2023-05-31T12:22:00+00:00","og_image":[{"width":399,"height":600,"url":"https:\/\/parizstitkai.hu\/wp-content\/uploads\/2019\/07\/DSC_0214-e1562580655532-scaled.jpg","type":"image\/jpeg"}],"twitter_card":"summary_large_image","twitter_misc":{"Gesch\u00e4tzte Lesezeit":"1\u00a0Minute"},"schema":{"@context":"https:\/\/schema.org","@graph":[{"@type":"WebPage","@id":"https:\/\/parizstitkai.hu\/de\/termek\/fruehstueck-mit-mona-lisa\/","url":"https:\/\/parizstitkai.hu\/de\/termek\/fruehstueck-mit-mona-lisa\/","name":"Fr\u00fchst\u00fcck mit Mona Lisa - P\u00e1rizs Titkai","isPartOf":{"@id":"https:\/\/parizstitkai.hu\/de\/#website"},"primaryImageOfPage":{"@id":"https:\/\/parizstitkai.hu\/de\/termek\/fruehstueck-mit-mona-lisa\/#primaryimage"},"image":{"@id":"https:\/\/parizstitkai.hu\/de\/termek\/fruehstueck-mit-mona-lisa\/#primaryimage"},"thumbnailUrl":"https:\/\/parizstitkai.hu\/wp-content\/uploads\/2019\/07\/DSC_0214-e1562580655532-scaled.jpg","datePublished":"2019-07-08T08:11:30+00:00","dateModified":"2023-05-31T12:22:00+00:00","breadcrumb":{"@id":"https:\/\/parizstitkai.hu\/de\/termek\/fruehstueck-mit-mona-lisa\/#breadcrumb"},"inLanguage":"de","potentialAction":[{"@type":"ReadAction","target":["https:\/\/parizstitkai.hu\/de\/termek\/fruehstueck-mit-mona-lisa\/"]}]},{"@type":"ImageObject","inLanguage":"de","@id":"https:\/\/parizstitkai.hu\/de\/termek\/fruehstueck-mit-mona-lisa\/#primaryimage","url":"https:\/\/parizstitkai.hu\/wp-content\/uploads\/2019\/07\/DSC_0214-e1562580655532-scaled.jpg","contentUrl":"https:\/\/parizstitkai.hu\/wp-content\/uploads\/2019\/07\/DSC_0214-e1562580655532-scaled.jpg","width":399,"height":600},{"@type":"BreadcrumbList","@id":"https:\/\/parizstitkai.hu\/de\/termek\/fruehstueck-mit-mona-lisa\/#breadcrumb","itemListElement":[{"@type":"ListItem","position":1,"name":"Kezd\u0151lap","item":"https:\/\/parizstitkai.hu\/de\/fooldal\/"},{"@type":"ListItem","position":2,"name":"Besichtigungstouren","item":"https:\/\/parizstitkai.hu\/de\/besichtigungstouren\/"},{"@type":"ListItem","position":3,"name":"Fr\u00fchst\u00fcck mit Mona Lisa"}]},{"@type":"WebSite","@id":"https:\/\/parizstitkai.hu\/de\/#website","url":"https:\/\/parizstitkai.hu\/de\/","name":"P\u00e1rizs Titkai","description":"","publisher":{"@id":"https:\/\/parizstitkai.hu\/de\/#\/schema\/person\/ab16a103201970a790d1d9964252f379"},"potentialAction":[{"@type":"SearchAction","target":{"@type":"EntryPoint","urlTemplate":"https:\/\/parizstitkai.hu\/de\/?s={search_term_string}"},"query-input":{"@type":"PropertyValueSpecification","valueRequired":true,"valueName":"search_term_string"}}],"inLanguage":"de"},{"@type":["Person","Organization"],"@id":"https:\/\/parizstitkai.hu\/de\/#\/schema\/person\/ab16a103201970a790d1d9964252f379","name":"Zolt\u00e1n","image":{"@type":"ImageObject","inLanguage":"de","@id":"https:\/\/secure.gravatar.com\/avatar\/96490830190475a389e193b80ee6b529c3d617e65f60756051458ef19ff8ec32?s=96&d=mm&r=g","url":"https:\/\/secure.gravatar.com\/avatar\/96490830190475a389e193b80ee6b529c3d617e65f60756051458ef19ff8ec32?s=96&d=mm&r=g","contentUrl":"https:\/\/secure.gravatar.com\/avatar\/96490830190475a389e193b80ee6b529c3d617e65f60756051458ef19ff8ec32?s=96&d=mm&r=g","caption":"Zolt\u00e1n"},"logo":{"@id":"https:\/\/secure.gravatar.com\/avatar\/96490830190475a389e193b80ee6b529c3d617e65f60756051458ef19ff8ec32?s=96&d=mm&r=g"},"sameAs":["https:\/\/www.facebook.com\/parizstitkai"]}]}},"_links":{"self":[{"href":"https:\/\/parizstitkai.hu\/de\/wp-json\/wp\/v2\/product\/1054","targetHints":{"allow":["GET"]}}],"collection":[{"href":"https:\/\/parizstitkai.hu\/de\/wp-json\/wp\/v2\/product"}],"about":[{"href":"https:\/\/parizstitkai.hu\/de\/wp-json\/wp\/v2\/types\/product"}],"replies":[{"embeddable":true,"href":"https:\/\/parizstitkai.hu\/de\/wp-json\/wp\/v2\/comments?post=1054"}],"wp:featuredmedia":[{"embeddable":true,"href":"https:\/\/parizstitkai.hu\/de\/wp-json\/wp\/v2\/media\/1132"}],"wp:attachment":[{"href":"https:\/\/parizstitkai.hu\/de\/wp-json\/wp\/v2\/media?parent=1054"}],"wp:term":[{"taxonomy":"product_cat","embeddable":true,"href":"https:\/\/parizstitkai.hu\/de\/wp-json\/wp\/v2\/product_cat?post=1054"},{"taxonomy":"product_tag","embeddable":true,"href":"https:\/\/parizstitkai.hu\/de\/wp-json\/wp\/v2\/product_tag?post=1054"}],"curies":[{"name":"wp","href":"https:\/\/api.w.org\/{rel}","templated":true}]}}