{"id":1055,"date":"2019-07-08T12:16:47","date_gmt":"2019-10-09T09:49:01","guid":{"rendered":"https:\/\/parizstitkai.hu\/?post_type=product&#038;p=1055"},"modified":"2020-03-02T10:50:24","modified_gmt":"2020-03-02T10:50:24","slug":"petanque-spielen-in-paris","status":"publish","type":"product","link":"https:\/\/parizstitkai.hu\/de\/termek\/petanque-spielen-in-paris\/","title":{"rendered":"Petanque spielen in Paris"},"content":{"rendered":"<p style=\"text-align: justify;\">Bist Du in Paris, tu wie die Pariser tun: Der beste Weg, eine Stadt kennenzulernen, ist, sich unter die Einheimischen zu mischen und einige ihrer Lieblingsbesch\u00e4ftigungen auszuprobieren. Aus diesem Grund w\u00e4hlen wir Petanque, die Sportart, die wahrscheinlich am engsten mit Frankreich verbunden ist. Und da wir ja schlie\u00dflich in Paris, \u201eunserer sch\u00f6nen Stadt\u201c sind, haben wir viele spektakul\u00e4re Schaupl\u00e4tze zur Auswahl, an denen wir spielen k\u00f6nnen: auf den Champs de Mars, w\u00e4hrend uns der Eiffelturm \u00fcber die Schultern guckt; im Garten der Tuileries, in der N\u00e4he des Louvre; im Luxembourg-Garten, in der N\u00e4he des Pantheons oder auf dem magischen Place des Vosges im Marais-Viertel. Ein professionelles Petanque-Kit, die Spielregeln und unterhaltsame Geschichten werden von Secrets of Paris zur Verf\u00fcgung gestellt. Also, auf in den Park und lasst uns die Kugeln rollen!<\/p>\n","protected":false},"excerpt":{"rendered":"<p>Bist Du in Paris, tu wie die Pariser tun: Der beste Weg, eine Stadt kennenzulernen, ist, sich unter die Einheimischen zu mischen und einige ihrer Lieblingsbesch\u00e4ftigungen auszuprobieren. Aus diesem Grund w\u00e4hlen wir Petanque, die Sportart, die wahrscheinlich am engsten mit Frankreich verbunden ist. Und da wir ja schlie\u00dflich in Paris, \u201eunserer sch\u00f6nen Stadt\u201c sind, haben [&hellip;]<\/p>\n","protected":false},"featured_media":1133,"comment_status":"open","ping_status":"closed","template":"","meta":[],"product_cat":[172],"product_tag":[],"class_list":{"0":"post-1055","1":"product","2":"type-product","3":"status-publish","4":"has-post-thumbnail","6":"product_cat-erlebnistouren","8":"first","9":"instock","10":"shipping-taxable","11":"purchasable","12":"product-type-variable"},"yoast_head":"<!-- This site is optimized with the Yoast SEO plugin v27.3 - https:\/\/yoast.com\/product\/yoast-seo-wordpress\/ -->\n<title>Petanque spielen in Paris - P\u00e1rizs Titkai<\/title>\n<meta name=\"robots\" content=\"index, follow, max-snippet:-1, max-image-preview:large, max-video-preview:-1\" \/>\n<link rel=\"canonical\" href=\"https:\/\/parizstitkai.hu\/de\/termek\/petanque-spielen-in-paris\/\" \/>\n<meta property=\"og:locale\" content=\"de_DE\" \/>\n<meta property=\"og:type\" content=\"article\" \/>\n<meta property=\"og:title\" content=\"Petanque spielen in Paris - P\u00e1rizs Titkai\" \/>\n<meta property=\"og:description\" content=\"Bist Du in Paris, tu wie die Pariser tun: Der beste Weg, eine Stadt kennenzulernen, ist, sich unter die Einheimischen zu mischen und einige ihrer Lieblingsbesch\u00e4ftigungen auszuprobieren. Aus diesem Grund w\u00e4hlen wir Petanque, die Sportart, die wahrscheinlich am engsten mit Frankreich verbunden ist. Und da wir ja schlie\u00dflich in Paris, \u201eunserer sch\u00f6nen Stadt\u201c sind, haben [&hellip;]\" \/>\n<meta property=\"og:url\" content=\"https:\/\/parizstitkai.hu\/de\/termek\/petanque-spielen-in-paris\/\" \/>\n<meta property=\"og:site_name\" content=\"P\u00e1rizs Titkai\" \/>\n<meta property=\"article:publisher\" content=\"https:\/\/www.facebook.com\/parizstitkai\" \/>\n<meta property=\"article:modified_time\" content=\"2020-03-02T10:50:24+00:00\" \/>\n<meta property=\"og:image\" content=\"https:\/\/parizstitkai.hu\/wp-content\/uploads\/2019\/07\/DSC_0035-scaled.jpg\" \/>\n\t<meta property=\"og:image:width\" content=\"800\" \/>\n\t<meta property=\"og:image:height\" content=\"532\" \/>\n\t<meta property=\"og:image:type\" content=\"image\/jpeg\" \/>\n<meta name=\"twitter:card\" content=\"summary_large_image\" \/>\n<meta name=\"twitter:label1\" content=\"Gesch\u00e4tzte Lesezeit\" \/>\n\t<meta name=\"twitter:data1\" content=\"1\u00a0Minute\" \/>\n<script type=\"application\/ld+json\" class=\"yoast-schema-graph\">{\"@context\":\"https:\\\/\\\/schema.org\",\"@graph\":[{\"@type\":\"WebPage\",\"@id\":\"https:\\\/\\\/parizstitkai.hu\\\/de\\\/termek\\\/petanque-spielen-in-paris\\\/\",\"url\":\"https:\\\/\\\/parizstitkai.hu\\\/de\\\/termek\\\/petanque-spielen-in-paris\\\/\",\"name\":\"Petanque spielen in Paris - P\u00e1rizs Titkai\",\"isPartOf\":{\"@id\":\"https:\\\/\\\/parizstitkai.hu\\\/de\\\/#website\"},\"primaryImageOfPage\":{\"@id\":\"https:\\\/\\\/parizstitkai.hu\\\/de\\\/termek\\\/petanque-spielen-in-paris\\\/#primaryimage\"},\"image\":{\"@id\":\"https:\\\/\\\/parizstitkai.hu\\\/de\\\/termek\\\/petanque-spielen-in-paris\\\/#primaryimage\"},\"thumbnailUrl\":\"https:\\\/\\\/parizstitkai.hu\\\/wp-content\\\/uploads\\\/2019\\\/07\\\/DSC_0035-scaled.jpg\",\"datePublished\":\"2019-10-09T09:49:01+00:00\",\"dateModified\":\"2020-03-02T10:50:24+00:00\",\"breadcrumb\":{\"@id\":\"https:\\\/\\\/parizstitkai.hu\\\/de\\\/termek\\\/petanque-spielen-in-paris\\\/#breadcrumb\"},\"inLanguage\":\"de\",\"potentialAction\":[{\"@type\":\"ReadAction\",\"target\":[\"https:\\\/\\\/parizstitkai.hu\\\/de\\\/termek\\\/petanque-spielen-in-paris\\\/\"]}]},{\"@type\":\"ImageObject\",\"inLanguage\":\"de\",\"@id\":\"https:\\\/\\\/parizstitkai.hu\\\/de\\\/termek\\\/petanque-spielen-in-paris\\\/#primaryimage\",\"url\":\"https:\\\/\\\/parizstitkai.hu\\\/wp-content\\\/uploads\\\/2019\\\/07\\\/DSC_0035-scaled.jpg\",\"contentUrl\":\"https:\\\/\\\/parizstitkai.hu\\\/wp-content\\\/uploads\\\/2019\\\/07\\\/DSC_0035-scaled.jpg\",\"width\":800,\"height\":532},{\"@type\":\"BreadcrumbList\",\"@id\":\"https:\\\/\\\/parizstitkai.hu\\\/de\\\/termek\\\/petanque-spielen-in-paris\\\/#breadcrumb\",\"itemListElement\":[{\"@type\":\"ListItem\",\"position\":1,\"name\":\"Kezd\u0151lap\",\"item\":\"https:\\\/\\\/parizstitkai.hu\\\/de\\\/fooldal\\\/\"},{\"@type\":\"ListItem\",\"position\":2,\"name\":\"Besichtigungstouren\",\"item\":\"https:\\\/\\\/parizstitkai.hu\\\/de\\\/besichtigungstouren\\\/\"},{\"@type\":\"ListItem\",\"position\":3,\"name\":\"Petanque spielen in Paris\"}]},{\"@type\":\"WebSite\",\"@id\":\"https:\\\/\\\/parizstitkai.hu\\\/de\\\/#website\",\"url\":\"https:\\\/\\\/parizstitkai.hu\\\/de\\\/\",\"name\":\"P\u00e1rizs Titkai\",\"description\":\"\",\"publisher\":{\"@id\":\"https:\\\/\\\/parizstitkai.hu\\\/de\\\/#\\\/schema\\\/person\\\/ab16a103201970a790d1d9964252f379\"},\"potentialAction\":[{\"@type\":\"SearchAction\",\"target\":{\"@type\":\"EntryPoint\",\"urlTemplate\":\"https:\\\/\\\/parizstitkai.hu\\\/de\\\/?s={search_term_string}\"},\"query-input\":{\"@type\":\"PropertyValueSpecification\",\"valueRequired\":true,\"valueName\":\"search_term_string\"}}],\"inLanguage\":\"de\"},{\"@type\":[\"Person\",\"Organization\"],\"@id\":\"https:\\\/\\\/parizstitkai.hu\\\/de\\\/#\\\/schema\\\/person\\\/ab16a103201970a790d1d9964252f379\",\"name\":\"Zolt\u00e1n\",\"image\":{\"@type\":\"ImageObject\",\"inLanguage\":\"de\",\"@id\":\"https:\\\/\\\/secure.gravatar.com\\\/avatar\\\/96490830190475a389e193b80ee6b529c3d617e65f60756051458ef19ff8ec32?s=96&d=mm&r=g\",\"url\":\"https:\\\/\\\/secure.gravatar.com\\\/avatar\\\/96490830190475a389e193b80ee6b529c3d617e65f60756051458ef19ff8ec32?s=96&d=mm&r=g\",\"contentUrl\":\"https:\\\/\\\/secure.gravatar.com\\\/avatar\\\/96490830190475a389e193b80ee6b529c3d617e65f60756051458ef19ff8ec32?s=96&d=mm&r=g\",\"caption\":\"Zolt\u00e1n\"},\"logo\":{\"@id\":\"https:\\\/\\\/secure.gravatar.com\\\/avatar\\\/96490830190475a389e193b80ee6b529c3d617e65f60756051458ef19ff8ec32?s=96&d=mm&r=g\"},\"sameAs\":[\"https:\\\/\\\/www.facebook.com\\\/parizstitkai\"]}]}<\/script>\n<!-- \/ Yoast SEO plugin. -->","yoast_head_json":{"title":"Petanque spielen in Paris - P\u00e1rizs Titkai","robots":{"index":"index","follow":"follow","max-snippet":"max-snippet:-1","max-image-preview":"max-image-preview:large","max-video-preview":"max-video-preview:-1"},"canonical":"https:\/\/parizstitkai.hu\/de\/termek\/petanque-spielen-in-paris\/","og_locale":"de_DE","og_type":"article","og_title":"Petanque spielen in Paris - P\u00e1rizs Titkai","og_description":"Bist Du in Paris, tu wie die Pariser tun: Der beste Weg, eine Stadt kennenzulernen, ist, sich unter die Einheimischen zu mischen und einige ihrer Lieblingsbesch\u00e4ftigungen auszuprobieren. Aus diesem Grund w\u00e4hlen wir Petanque, die Sportart, die wahrscheinlich am engsten mit Frankreich verbunden ist. Und da wir ja schlie\u00dflich in Paris, \u201eunserer sch\u00f6nen Stadt\u201c sind, haben [&hellip;]","og_url":"https:\/\/parizstitkai.hu\/de\/termek\/petanque-spielen-in-paris\/","og_site_name":"P\u00e1rizs Titkai","article_publisher":"https:\/\/www.facebook.com\/parizstitkai","article_modified_time":"2020-03-02T10:50:24+00:00","og_image":[{"width":800,"height":532,"url":"https:\/\/parizstitkai.hu\/wp-content\/uploads\/2019\/07\/DSC_0035-scaled.jpg","type":"image\/jpeg"}],"twitter_card":"summary_large_image","twitter_misc":{"Gesch\u00e4tzte Lesezeit":"1\u00a0Minute"},"schema":{"@context":"https:\/\/schema.org","@graph":[{"@type":"WebPage","@id":"https:\/\/parizstitkai.hu\/de\/termek\/petanque-spielen-in-paris\/","url":"https:\/\/parizstitkai.hu\/de\/termek\/petanque-spielen-in-paris\/","name":"Petanque spielen in Paris - P\u00e1rizs Titkai","isPartOf":{"@id":"https:\/\/parizstitkai.hu\/de\/#website"},"primaryImageOfPage":{"@id":"https:\/\/parizstitkai.hu\/de\/termek\/petanque-spielen-in-paris\/#primaryimage"},"image":{"@id":"https:\/\/parizstitkai.hu\/de\/termek\/petanque-spielen-in-paris\/#primaryimage"},"thumbnailUrl":"https:\/\/parizstitkai.hu\/wp-content\/uploads\/2019\/07\/DSC_0035-scaled.jpg","datePublished":"2019-10-09T09:49:01+00:00","dateModified":"2020-03-02T10:50:24+00:00","breadcrumb":{"@id":"https:\/\/parizstitkai.hu\/de\/termek\/petanque-spielen-in-paris\/#breadcrumb"},"inLanguage":"de","potentialAction":[{"@type":"ReadAction","target":["https:\/\/parizstitkai.hu\/de\/termek\/petanque-spielen-in-paris\/"]}]},{"@type":"ImageObject","inLanguage":"de","@id":"https:\/\/parizstitkai.hu\/de\/termek\/petanque-spielen-in-paris\/#primaryimage","url":"https:\/\/parizstitkai.hu\/wp-content\/uploads\/2019\/07\/DSC_0035-scaled.jpg","contentUrl":"https:\/\/parizstitkai.hu\/wp-content\/uploads\/2019\/07\/DSC_0035-scaled.jpg","width":800,"height":532},{"@type":"BreadcrumbList","@id":"https:\/\/parizstitkai.hu\/de\/termek\/petanque-spielen-in-paris\/#breadcrumb","itemListElement":[{"@type":"ListItem","position":1,"name":"Kezd\u0151lap","item":"https:\/\/parizstitkai.hu\/de\/fooldal\/"},{"@type":"ListItem","position":2,"name":"Besichtigungstouren","item":"https:\/\/parizstitkai.hu\/de\/besichtigungstouren\/"},{"@type":"ListItem","position":3,"name":"Petanque spielen in Paris"}]},{"@type":"WebSite","@id":"https:\/\/parizstitkai.hu\/de\/#website","url":"https:\/\/parizstitkai.hu\/de\/","name":"P\u00e1rizs Titkai","description":"","publisher":{"@id":"https:\/\/parizstitkai.hu\/de\/#\/schema\/person\/ab16a103201970a790d1d9964252f379"},"potentialAction":[{"@type":"SearchAction","target":{"@type":"EntryPoint","urlTemplate":"https:\/\/parizstitkai.hu\/de\/?s={search_term_string}"},"query-input":{"@type":"PropertyValueSpecification","valueRequired":true,"valueName":"search_term_string"}}],"inLanguage":"de"},{"@type":["Person","Organization"],"@id":"https:\/\/parizstitkai.hu\/de\/#\/schema\/person\/ab16a103201970a790d1d9964252f379","name":"Zolt\u00e1n","image":{"@type":"ImageObject","inLanguage":"de","@id":"https:\/\/secure.gravatar.com\/avatar\/96490830190475a389e193b80ee6b529c3d617e65f60756051458ef19ff8ec32?s=96&d=mm&r=g","url":"https:\/\/secure.gravatar.com\/avatar\/96490830190475a389e193b80ee6b529c3d617e65f60756051458ef19ff8ec32?s=96&d=mm&r=g","contentUrl":"https:\/\/secure.gravatar.com\/avatar\/96490830190475a389e193b80ee6b529c3d617e65f60756051458ef19ff8ec32?s=96&d=mm&r=g","caption":"Zolt\u00e1n"},"logo":{"@id":"https:\/\/secure.gravatar.com\/avatar\/96490830190475a389e193b80ee6b529c3d617e65f60756051458ef19ff8ec32?s=96&d=mm&r=g"},"sameAs":["https:\/\/www.facebook.com\/parizstitkai"]}]}},"_links":{"self":[{"href":"https:\/\/parizstitkai.hu\/de\/wp-json\/wp\/v2\/product\/1055","targetHints":{"allow":["GET"]}}],"collection":[{"href":"https:\/\/parizstitkai.hu\/de\/wp-json\/wp\/v2\/product"}],"about":[{"href":"https:\/\/parizstitkai.hu\/de\/wp-json\/wp\/v2\/types\/product"}],"replies":[{"embeddable":true,"href":"https:\/\/parizstitkai.hu\/de\/wp-json\/wp\/v2\/comments?post=1055"}],"wp:featuredmedia":[{"embeddable":true,"href":"https:\/\/parizstitkai.hu\/de\/wp-json\/wp\/v2\/media\/1133"}],"wp:attachment":[{"href":"https:\/\/parizstitkai.hu\/de\/wp-json\/wp\/v2\/media?parent=1055"}],"wp:term":[{"taxonomy":"product_cat","embeddable":true,"href":"https:\/\/parizstitkai.hu\/de\/wp-json\/wp\/v2\/product_cat?post=1055"},{"taxonomy":"product_tag","embeddable":true,"href":"https:\/\/parizstitkai.hu\/de\/wp-json\/wp\/v2\/product_tag?post=1055"}],"curies":[{"name":"wp","href":"https:\/\/api.w.org\/{rel}","templated":true}]}}