{"id":1056,"date":"2019-07-08T16:09:52","date_gmt":"2019-10-09T09:49:12","guid":{"rendered":"https:\/\/parizstitkai.hu\/?post_type=product&#038;p=1056"},"modified":"2026-01-07T16:47:08","modified_gmt":"2026-01-07T15:47:08","slug":"motorboot-rundfahrt-auf-der-seine","status":"publish","type":"product","link":"https:\/\/parizstitkai.hu\/de\/termek\/motorboot-rundfahrt-auf-der-seine\/","title":{"rendered":"Motorboot-Rundfahrt auf der Seine"},"content":{"rendered":"<p style=\"text-align: justify;\">Eine ganz besondere Art, die Seine und ihre zum Weltkulturerbe geh\u00f6renden Ufer zu entdecken, ist eine Rundfahrt auf dem Fluss selbst. Wenn Ihr bereit seid, statt den massentouristischen Fluss-schiffsfahrten Paris von der Seine aus hautnah zu erleben, empfehlen wir Euch, einen kleinen Motorbootausflug mit Paris Guided Walks zu unternehmen. So l\u00e4uft es: begleitet vom Kapit\u00e4n und vom Fremdenf\u00fchrer (meiner bescheidenen Person) unternehmen wir eine etwa zweist\u00fcndige Vergn\u00fcgungsreise auf den Wellen der Seine. W\u00e4hrend ich interessante Geschichten und Anekdoten erz\u00e4hle, lassen wir es uns gut gehen, schwingen wir an den gr\u00f6\u00dften Sehensw\u00fcrdigkeiten vorbei und beobachten das bunte Treiben an den Ufern auf die feinste Art und Weise, die es \u00fcberhaupt m\u00f6glich ist. All dies, in der Begleitung von einem gek\u00fchlten Glas franz\u00f6sischen Champagners!<\/p>\n","protected":false},"excerpt":{"rendered":"<p>Eine ganz besondere Art, die Seine und ihre zum Weltkulturerbe geh\u00f6renden Ufer zu entdecken, ist eine Rundfahrt auf dem Fluss selbst. Wenn Ihr bereit seid, statt den massentouristischen Fluss-schiffsfahrten Paris von der Seine aus hautnah zu erleben, empfehlen wir Euch, einen kleinen Motorbootausflug mit Paris Guided Walks zu unternehmen. So l\u00e4uft es: begleitet vom Kapit\u00e4n [&hellip;]<\/p>\n","protected":false},"featured_media":1136,"comment_status":"open","ping_status":"closed","template":"","meta":[],"product_cat":[172],"product_tag":[],"class_list":{"0":"post-1056","1":"product","2":"type-product","3":"status-publish","4":"has-post-thumbnail","6":"product_cat-erlebnistouren","8":"first","9":"instock","10":"shipping-taxable","11":"purchasable","12":"product-type-simple"},"yoast_head":"<!-- This site is optimized with the Yoast SEO plugin v27.3 - https:\/\/yoast.com\/product\/yoast-seo-wordpress\/ -->\n<title>Motorboot-Rundfahrt auf der Seine - P\u00e1rizs Titkai<\/title>\n<meta name=\"robots\" content=\"index, follow, max-snippet:-1, max-image-preview:large, max-video-preview:-1\" \/>\n<link rel=\"canonical\" href=\"https:\/\/parizstitkai.hu\/de\/termek\/motorboot-rundfahrt-auf-der-seine\/\" \/>\n<meta property=\"og:locale\" content=\"de_DE\" \/>\n<meta property=\"og:type\" content=\"article\" \/>\n<meta property=\"og:title\" content=\"Motorboot-Rundfahrt auf der Seine - P\u00e1rizs Titkai\" \/>\n<meta property=\"og:description\" content=\"Eine ganz besondere Art, die Seine und ihre zum Weltkulturerbe geh\u00f6renden Ufer zu entdecken, ist eine Rundfahrt auf dem Fluss selbst. Wenn Ihr bereit seid, statt den massentouristischen Fluss-schiffsfahrten Paris von der Seine aus hautnah zu erleben, empfehlen wir Euch, einen kleinen Motorbootausflug mit Paris Guided Walks zu unternehmen. So l\u00e4uft es: begleitet vom Kapit\u00e4n [&hellip;]\" \/>\n<meta property=\"og:url\" content=\"https:\/\/parizstitkai.hu\/de\/termek\/motorboot-rundfahrt-auf-der-seine\/\" \/>\n<meta property=\"og:site_name\" content=\"P\u00e1rizs Titkai\" \/>\n<meta property=\"article:publisher\" content=\"https:\/\/www.facebook.com\/parizstitkai\" \/>\n<meta property=\"article:modified_time\" content=\"2026-01-07T15:47:08+00:00\" \/>\n<meta property=\"og:image\" content=\"https:\/\/parizstitkai.hu\/wp-content\/uploads\/2019\/07\/Motobateau-Szajna-1.jpg\" \/>\n\t<meta property=\"og:image:width\" content=\"800\" \/>\n\t<meta property=\"og:image:height\" content=\"313\" \/>\n\t<meta property=\"og:image:type\" content=\"image\/jpeg\" \/>\n<meta name=\"twitter:card\" content=\"summary_large_image\" \/>\n<meta name=\"twitter:label1\" content=\"Gesch\u00e4tzte Lesezeit\" \/>\n\t<meta name=\"twitter:data1\" content=\"1\u00a0Minute\" \/>\n<script type=\"application\/ld+json\" class=\"yoast-schema-graph\">{\"@context\":\"https:\\\/\\\/schema.org\",\"@graph\":[{\"@type\":\"WebPage\",\"@id\":\"https:\\\/\\\/parizstitkai.hu\\\/de\\\/termek\\\/motorboot-rundfahrt-auf-der-seine\\\/\",\"url\":\"https:\\\/\\\/parizstitkai.hu\\\/de\\\/termek\\\/motorboot-rundfahrt-auf-der-seine\\\/\",\"name\":\"Motorboot-Rundfahrt auf der Seine - P\u00e1rizs Titkai\",\"isPartOf\":{\"@id\":\"https:\\\/\\\/parizstitkai.hu\\\/de\\\/#website\"},\"primaryImageOfPage\":{\"@id\":\"https:\\\/\\\/parizstitkai.hu\\\/de\\\/termek\\\/motorboot-rundfahrt-auf-der-seine\\\/#primaryimage\"},\"image\":{\"@id\":\"https:\\\/\\\/parizstitkai.hu\\\/de\\\/termek\\\/motorboot-rundfahrt-auf-der-seine\\\/#primaryimage\"},\"thumbnailUrl\":\"https:\\\/\\\/parizstitkai.hu\\\/wp-content\\\/uploads\\\/2019\\\/07\\\/Motobateau-Szajna-1.jpg\",\"datePublished\":\"2019-10-09T09:49:12+00:00\",\"dateModified\":\"2026-01-07T15:47:08+00:00\",\"breadcrumb\":{\"@id\":\"https:\\\/\\\/parizstitkai.hu\\\/de\\\/termek\\\/motorboot-rundfahrt-auf-der-seine\\\/#breadcrumb\"},\"inLanguage\":\"de\",\"potentialAction\":[{\"@type\":\"ReadAction\",\"target\":[\"https:\\\/\\\/parizstitkai.hu\\\/de\\\/termek\\\/motorboot-rundfahrt-auf-der-seine\\\/\"]}]},{\"@type\":\"ImageObject\",\"inLanguage\":\"de\",\"@id\":\"https:\\\/\\\/parizstitkai.hu\\\/de\\\/termek\\\/motorboot-rundfahrt-auf-der-seine\\\/#primaryimage\",\"url\":\"https:\\\/\\\/parizstitkai.hu\\\/wp-content\\\/uploads\\\/2019\\\/07\\\/Motobateau-Szajna-1.jpg\",\"contentUrl\":\"https:\\\/\\\/parizstitkai.hu\\\/wp-content\\\/uploads\\\/2019\\\/07\\\/Motobateau-Szajna-1.jpg\",\"width\":800,\"height\":313},{\"@type\":\"BreadcrumbList\",\"@id\":\"https:\\\/\\\/parizstitkai.hu\\\/de\\\/termek\\\/motorboot-rundfahrt-auf-der-seine\\\/#breadcrumb\",\"itemListElement\":[{\"@type\":\"ListItem\",\"position\":1,\"name\":\"Kezd\u0151lap\",\"item\":\"https:\\\/\\\/parizstitkai.hu\\\/de\\\/fooldal\\\/\"},{\"@type\":\"ListItem\",\"position\":2,\"name\":\"Besichtigungstouren\",\"item\":\"https:\\\/\\\/parizstitkai.hu\\\/de\\\/besichtigungstouren\\\/\"},{\"@type\":\"ListItem\",\"position\":3,\"name\":\"Motorboot-Rundfahrt auf der Seine\"}]},{\"@type\":\"WebSite\",\"@id\":\"https:\\\/\\\/parizstitkai.hu\\\/de\\\/#website\",\"url\":\"https:\\\/\\\/parizstitkai.hu\\\/de\\\/\",\"name\":\"P\u00e1rizs Titkai\",\"description\":\"\",\"publisher\":{\"@id\":\"https:\\\/\\\/parizstitkai.hu\\\/de\\\/#\\\/schema\\\/person\\\/ab16a103201970a790d1d9964252f379\"},\"potentialAction\":[{\"@type\":\"SearchAction\",\"target\":{\"@type\":\"EntryPoint\",\"urlTemplate\":\"https:\\\/\\\/parizstitkai.hu\\\/de\\\/?s={search_term_string}\"},\"query-input\":{\"@type\":\"PropertyValueSpecification\",\"valueRequired\":true,\"valueName\":\"search_term_string\"}}],\"inLanguage\":\"de\"},{\"@type\":[\"Person\",\"Organization\"],\"@id\":\"https:\\\/\\\/parizstitkai.hu\\\/de\\\/#\\\/schema\\\/person\\\/ab16a103201970a790d1d9964252f379\",\"name\":\"Zolt\u00e1n\",\"image\":{\"@type\":\"ImageObject\",\"inLanguage\":\"de\",\"@id\":\"https:\\\/\\\/secure.gravatar.com\\\/avatar\\\/96490830190475a389e193b80ee6b529c3d617e65f60756051458ef19ff8ec32?s=96&d=mm&r=g\",\"url\":\"https:\\\/\\\/secure.gravatar.com\\\/avatar\\\/96490830190475a389e193b80ee6b529c3d617e65f60756051458ef19ff8ec32?s=96&d=mm&r=g\",\"contentUrl\":\"https:\\\/\\\/secure.gravatar.com\\\/avatar\\\/96490830190475a389e193b80ee6b529c3d617e65f60756051458ef19ff8ec32?s=96&d=mm&r=g\",\"caption\":\"Zolt\u00e1n\"},\"logo\":{\"@id\":\"https:\\\/\\\/secure.gravatar.com\\\/avatar\\\/96490830190475a389e193b80ee6b529c3d617e65f60756051458ef19ff8ec32?s=96&d=mm&r=g\"},\"sameAs\":[\"https:\\\/\\\/www.facebook.com\\\/parizstitkai\"]}]}<\/script>\n<!-- \/ Yoast SEO plugin. -->","yoast_head_json":{"title":"Motorboot-Rundfahrt auf der Seine - P\u00e1rizs Titkai","robots":{"index":"index","follow":"follow","max-snippet":"max-snippet:-1","max-image-preview":"max-image-preview:large","max-video-preview":"max-video-preview:-1"},"canonical":"https:\/\/parizstitkai.hu\/de\/termek\/motorboot-rundfahrt-auf-der-seine\/","og_locale":"de_DE","og_type":"article","og_title":"Motorboot-Rundfahrt auf der Seine - P\u00e1rizs Titkai","og_description":"Eine ganz besondere Art, die Seine und ihre zum Weltkulturerbe geh\u00f6renden Ufer zu entdecken, ist eine Rundfahrt auf dem Fluss selbst. Wenn Ihr bereit seid, statt den massentouristischen Fluss-schiffsfahrten Paris von der Seine aus hautnah zu erleben, empfehlen wir Euch, einen kleinen Motorbootausflug mit Paris Guided Walks zu unternehmen. So l\u00e4uft es: begleitet vom Kapit\u00e4n [&hellip;]","og_url":"https:\/\/parizstitkai.hu\/de\/termek\/motorboot-rundfahrt-auf-der-seine\/","og_site_name":"P\u00e1rizs Titkai","article_publisher":"https:\/\/www.facebook.com\/parizstitkai","article_modified_time":"2026-01-07T15:47:08+00:00","og_image":[{"width":800,"height":313,"url":"https:\/\/parizstitkai.hu\/wp-content\/uploads\/2019\/07\/Motobateau-Szajna-1.jpg","type":"image\/jpeg"}],"twitter_card":"summary_large_image","twitter_misc":{"Gesch\u00e4tzte Lesezeit":"1\u00a0Minute"},"schema":{"@context":"https:\/\/schema.org","@graph":[{"@type":"WebPage","@id":"https:\/\/parizstitkai.hu\/de\/termek\/motorboot-rundfahrt-auf-der-seine\/","url":"https:\/\/parizstitkai.hu\/de\/termek\/motorboot-rundfahrt-auf-der-seine\/","name":"Motorboot-Rundfahrt auf der Seine - P\u00e1rizs Titkai","isPartOf":{"@id":"https:\/\/parizstitkai.hu\/de\/#website"},"primaryImageOfPage":{"@id":"https:\/\/parizstitkai.hu\/de\/termek\/motorboot-rundfahrt-auf-der-seine\/#primaryimage"},"image":{"@id":"https:\/\/parizstitkai.hu\/de\/termek\/motorboot-rundfahrt-auf-der-seine\/#primaryimage"},"thumbnailUrl":"https:\/\/parizstitkai.hu\/wp-content\/uploads\/2019\/07\/Motobateau-Szajna-1.jpg","datePublished":"2019-10-09T09:49:12+00:00","dateModified":"2026-01-07T15:47:08+00:00","breadcrumb":{"@id":"https:\/\/parizstitkai.hu\/de\/termek\/motorboot-rundfahrt-auf-der-seine\/#breadcrumb"},"inLanguage":"de","potentialAction":[{"@type":"ReadAction","target":["https:\/\/parizstitkai.hu\/de\/termek\/motorboot-rundfahrt-auf-der-seine\/"]}]},{"@type":"ImageObject","inLanguage":"de","@id":"https:\/\/parizstitkai.hu\/de\/termek\/motorboot-rundfahrt-auf-der-seine\/#primaryimage","url":"https:\/\/parizstitkai.hu\/wp-content\/uploads\/2019\/07\/Motobateau-Szajna-1.jpg","contentUrl":"https:\/\/parizstitkai.hu\/wp-content\/uploads\/2019\/07\/Motobateau-Szajna-1.jpg","width":800,"height":313},{"@type":"BreadcrumbList","@id":"https:\/\/parizstitkai.hu\/de\/termek\/motorboot-rundfahrt-auf-der-seine\/#breadcrumb","itemListElement":[{"@type":"ListItem","position":1,"name":"Kezd\u0151lap","item":"https:\/\/parizstitkai.hu\/de\/fooldal\/"},{"@type":"ListItem","position":2,"name":"Besichtigungstouren","item":"https:\/\/parizstitkai.hu\/de\/besichtigungstouren\/"},{"@type":"ListItem","position":3,"name":"Motorboot-Rundfahrt auf der Seine"}]},{"@type":"WebSite","@id":"https:\/\/parizstitkai.hu\/de\/#website","url":"https:\/\/parizstitkai.hu\/de\/","name":"P\u00e1rizs Titkai","description":"","publisher":{"@id":"https:\/\/parizstitkai.hu\/de\/#\/schema\/person\/ab16a103201970a790d1d9964252f379"},"potentialAction":[{"@type":"SearchAction","target":{"@type":"EntryPoint","urlTemplate":"https:\/\/parizstitkai.hu\/de\/?s={search_term_string}"},"query-input":{"@type":"PropertyValueSpecification","valueRequired":true,"valueName":"search_term_string"}}],"inLanguage":"de"},{"@type":["Person","Organization"],"@id":"https:\/\/parizstitkai.hu\/de\/#\/schema\/person\/ab16a103201970a790d1d9964252f379","name":"Zolt\u00e1n","image":{"@type":"ImageObject","inLanguage":"de","@id":"https:\/\/secure.gravatar.com\/avatar\/96490830190475a389e193b80ee6b529c3d617e65f60756051458ef19ff8ec32?s=96&d=mm&r=g","url":"https:\/\/secure.gravatar.com\/avatar\/96490830190475a389e193b80ee6b529c3d617e65f60756051458ef19ff8ec32?s=96&d=mm&r=g","contentUrl":"https:\/\/secure.gravatar.com\/avatar\/96490830190475a389e193b80ee6b529c3d617e65f60756051458ef19ff8ec32?s=96&d=mm&r=g","caption":"Zolt\u00e1n"},"logo":{"@id":"https:\/\/secure.gravatar.com\/avatar\/96490830190475a389e193b80ee6b529c3d617e65f60756051458ef19ff8ec32?s=96&d=mm&r=g"},"sameAs":["https:\/\/www.facebook.com\/parizstitkai"]}]}},"_links":{"self":[{"href":"https:\/\/parizstitkai.hu\/de\/wp-json\/wp\/v2\/product\/1056","targetHints":{"allow":["GET"]}}],"collection":[{"href":"https:\/\/parizstitkai.hu\/de\/wp-json\/wp\/v2\/product"}],"about":[{"href":"https:\/\/parizstitkai.hu\/de\/wp-json\/wp\/v2\/types\/product"}],"replies":[{"embeddable":true,"href":"https:\/\/parizstitkai.hu\/de\/wp-json\/wp\/v2\/comments?post=1056"}],"wp:featuredmedia":[{"embeddable":true,"href":"https:\/\/parizstitkai.hu\/de\/wp-json\/wp\/v2\/media\/1136"}],"wp:attachment":[{"href":"https:\/\/parizstitkai.hu\/de\/wp-json\/wp\/v2\/media?parent=1056"}],"wp:term":[{"taxonomy":"product_cat","embeddable":true,"href":"https:\/\/parizstitkai.hu\/de\/wp-json\/wp\/v2\/product_cat?post=1056"},{"taxonomy":"product_tag","embeddable":true,"href":"https:\/\/parizstitkai.hu\/de\/wp-json\/wp\/v2\/product_tag?post=1056"}],"curies":[{"name":"wp","href":"https:\/\/api.w.org\/{rel}","templated":true}]}}