{"id":1057,"date":"2019-07-08T19:42:38","date_gmt":"2019-07-08T17:42:38","guid":{"rendered":"https:\/\/parizstitkai.hu\/?post_type=product&#038;p=1057"},"modified":"2026-01-23T13:54:11","modified_gmt":"2026-01-23T12:54:11","slug":"cherchez-la-femme-in-paris-ein-ungewoehnlicher-besuch-bei-der-eisernen-dame","status":"publish","type":"product","link":"https:\/\/parizstitkai.hu\/de\/termek\/cherchez-la-femme-in-paris-ein-ungewoehnlicher-besuch-bei-der-eisernen-dame\/","title":{"rendered":"\u201eCherchez la femme\u201c in Paris, ein ungew\u00f6hnlicher Besuch bei der Eisernen Dame"},"content":{"rendered":"<p style=\"text-align: justify;\">Keine einzige Sch\u00f6nheit w\u00fcrde es sich verg\u00f6nnen, sich ein bisschen umwerben zu lassen, bevor sie dann doch nachgibt und sich vor ihren Bewunderern in voller Pracht zeigt. Da wir uns dessen voll und ganz bewusst sind, wollen wir alles tun, um die Etikette nicht zu brechen, und wir ziehen vorsichtige Kreise und n\u00e4hern uns sch\u00f6n langsam der Eisernen Dame. Vorsicht muss sein, sie ist ja bei allem Respekt bereits 130 Jahre alt geworden. W\u00e4hrend wir n\u00e4her herankommen, werden wir immer wieder &#8211; wie in einem Traum \u2013 mit der unerwartet aufblitzenden Erscheinung der Sch\u00f6nheit durch die engen Gassen belohnt, die kein durchschnittlicher Tourist jemals kennenlernen wird. Ganz nebenbei entdecken wir auf diesem malerischen Spaziergang ein weniger frequentiertes, aber au\u00dfergew\u00f6hnlich sch\u00f6nes, entspanntes und elegantes Viertel von Paris kennen. Nat\u00fcrlich geht alles gut aus, wenn wir endlich die Tour zu F\u00fc\u00dfen unseres ultimativen Objektes der Begierde beenden.<\/p>\n","protected":false},"excerpt":{"rendered":"<p>Keine einzige Sch\u00f6nheit w\u00fcrde es sich verg\u00f6nnen, sich ein bisschen umwerben zu lassen, bevor sie dann doch nachgibt und sich vor ihren Bewunderern in voller Pracht zeigt. Da wir uns dessen voll und ganz bewusst sind, wollen wir alles tun, um die Etikette nicht zu brechen, und wir ziehen vorsichtige Kreise und n\u00e4hern uns sch\u00f6n [&hellip;]<\/p>\n","protected":false},"featured_media":1146,"comment_status":"open","ping_status":"closed","template":"","meta":[],"product_cat":[167],"product_tag":[],"class_list":{"0":"post-1057","1":"product","2":"type-product","3":"status-publish","4":"has-post-thumbnail","6":"product_cat-besichtigungstouren","8":"first","9":"instock","10":"shipping-taxable","11":"purchasable","12":"product-type-variable"},"yoast_head":"<!-- This site is optimized with the Yoast SEO plugin v27.3 - https:\/\/yoast.com\/product\/yoast-seo-wordpress\/ -->\n<title>\u201eCherchez la femme\u201c in Paris, ein ungew\u00f6hnlicher Besuch bei der Eisernen Dame - P\u00e1rizs Titkai<\/title>\n<meta name=\"robots\" content=\"index, follow, max-snippet:-1, max-image-preview:large, max-video-preview:-1\" \/>\n<link rel=\"canonical\" href=\"https:\/\/parizstitkai.hu\/de\/termek\/cherchez-la-femme-in-paris-ein-ungewoehnlicher-besuch-bei-der-eisernen-dame\/\" \/>\n<meta property=\"og:locale\" content=\"de_DE\" \/>\n<meta property=\"og:type\" content=\"article\" \/>\n<meta property=\"og:title\" content=\"\u201eCherchez la femme\u201c in Paris, ein ungew\u00f6hnlicher Besuch bei der Eisernen Dame - P\u00e1rizs Titkai\" \/>\n<meta property=\"og:description\" content=\"Keine einzige Sch\u00f6nheit w\u00fcrde es sich verg\u00f6nnen, sich ein bisschen umwerben zu lassen, bevor sie dann doch nachgibt und sich vor ihren Bewunderern in voller Pracht zeigt. Da wir uns dessen voll und ganz bewusst sind, wollen wir alles tun, um die Etikette nicht zu brechen, und wir ziehen vorsichtige Kreise und n\u00e4hern uns sch\u00f6n [&hellip;]\" \/>\n<meta property=\"og:url\" content=\"https:\/\/parizstitkai.hu\/de\/termek\/cherchez-la-femme-in-paris-ein-ungewoehnlicher-besuch-bei-der-eisernen-dame\/\" \/>\n<meta property=\"og:site_name\" content=\"P\u00e1rizs Titkai\" \/>\n<meta property=\"article:publisher\" content=\"https:\/\/www.facebook.com\/parizstitkai\" \/>\n<meta property=\"article:modified_time\" content=\"2026-01-23T12:54:11+00:00\" \/>\n<meta property=\"og:image\" content=\"https:\/\/parizstitkai.hu\/wp-content\/uploads\/2019\/07\/IMG_20190611_151254-scaled.jpg\" \/>\n\t<meta property=\"og:image:width\" content=\"800\" \/>\n\t<meta property=\"og:image:height\" content=\"600\" \/>\n\t<meta property=\"og:image:type\" content=\"image\/jpeg\" \/>\n<meta name=\"twitter:card\" content=\"summary_large_image\" \/>\n<meta name=\"twitter:label1\" content=\"Gesch\u00e4tzte Lesezeit\" \/>\n\t<meta name=\"twitter:data1\" content=\"1\u00a0Minute\" \/>\n<script type=\"application\/ld+json\" class=\"yoast-schema-graph\">{\"@context\":\"https:\\\/\\\/schema.org\",\"@graph\":[{\"@type\":\"WebPage\",\"@id\":\"https:\\\/\\\/parizstitkai.hu\\\/de\\\/termek\\\/cherchez-la-femme-in-paris-ein-ungewoehnlicher-besuch-bei-der-eisernen-dame\\\/\",\"url\":\"https:\\\/\\\/parizstitkai.hu\\\/de\\\/termek\\\/cherchez-la-femme-in-paris-ein-ungewoehnlicher-besuch-bei-der-eisernen-dame\\\/\",\"name\":\"\u201eCherchez la femme\u201c in Paris, ein ungew\u00f6hnlicher Besuch bei der Eisernen Dame - P\u00e1rizs Titkai\",\"isPartOf\":{\"@id\":\"https:\\\/\\\/parizstitkai.hu\\\/de\\\/#website\"},\"primaryImageOfPage\":{\"@id\":\"https:\\\/\\\/parizstitkai.hu\\\/de\\\/termek\\\/cherchez-la-femme-in-paris-ein-ungewoehnlicher-besuch-bei-der-eisernen-dame\\\/#primaryimage\"},\"image\":{\"@id\":\"https:\\\/\\\/parizstitkai.hu\\\/de\\\/termek\\\/cherchez-la-femme-in-paris-ein-ungewoehnlicher-besuch-bei-der-eisernen-dame\\\/#primaryimage\"},\"thumbnailUrl\":\"https:\\\/\\\/parizstitkai.hu\\\/wp-content\\\/uploads\\\/2019\\\/07\\\/IMG_20190611_151254-scaled.jpg\",\"datePublished\":\"2019-07-08T17:42:38+00:00\",\"dateModified\":\"2026-01-23T12:54:11+00:00\",\"breadcrumb\":{\"@id\":\"https:\\\/\\\/parizstitkai.hu\\\/de\\\/termek\\\/cherchez-la-femme-in-paris-ein-ungewoehnlicher-besuch-bei-der-eisernen-dame\\\/#breadcrumb\"},\"inLanguage\":\"de\",\"potentialAction\":[{\"@type\":\"ReadAction\",\"target\":[\"https:\\\/\\\/parizstitkai.hu\\\/de\\\/termek\\\/cherchez-la-femme-in-paris-ein-ungewoehnlicher-besuch-bei-der-eisernen-dame\\\/\"]}]},{\"@type\":\"ImageObject\",\"inLanguage\":\"de\",\"@id\":\"https:\\\/\\\/parizstitkai.hu\\\/de\\\/termek\\\/cherchez-la-femme-in-paris-ein-ungewoehnlicher-besuch-bei-der-eisernen-dame\\\/#primaryimage\",\"url\":\"https:\\\/\\\/parizstitkai.hu\\\/wp-content\\\/uploads\\\/2019\\\/07\\\/IMG_20190611_151254-scaled.jpg\",\"contentUrl\":\"https:\\\/\\\/parizstitkai.hu\\\/wp-content\\\/uploads\\\/2019\\\/07\\\/IMG_20190611_151254-scaled.jpg\",\"width\":800,\"height\":600},{\"@type\":\"BreadcrumbList\",\"@id\":\"https:\\\/\\\/parizstitkai.hu\\\/de\\\/termek\\\/cherchez-la-femme-in-paris-ein-ungewoehnlicher-besuch-bei-der-eisernen-dame\\\/#breadcrumb\",\"itemListElement\":[{\"@type\":\"ListItem\",\"position\":1,\"name\":\"Kezd\u0151lap\",\"item\":\"https:\\\/\\\/parizstitkai.hu\\\/de\\\/fooldal\\\/\"},{\"@type\":\"ListItem\",\"position\":2,\"name\":\"Besichtigungstouren\",\"item\":\"https:\\\/\\\/parizstitkai.hu\\\/de\\\/besichtigungstouren\\\/\"},{\"@type\":\"ListItem\",\"position\":3,\"name\":\"\u201eCherchez la femme\u201c in Paris, ein ungew\u00f6hnlicher Besuch bei der Eisernen Dame\"}]},{\"@type\":\"WebSite\",\"@id\":\"https:\\\/\\\/parizstitkai.hu\\\/de\\\/#website\",\"url\":\"https:\\\/\\\/parizstitkai.hu\\\/de\\\/\",\"name\":\"P\u00e1rizs Titkai\",\"description\":\"\",\"publisher\":{\"@id\":\"https:\\\/\\\/parizstitkai.hu\\\/de\\\/#\\\/schema\\\/person\\\/ab16a103201970a790d1d9964252f379\"},\"potentialAction\":[{\"@type\":\"SearchAction\",\"target\":{\"@type\":\"EntryPoint\",\"urlTemplate\":\"https:\\\/\\\/parizstitkai.hu\\\/de\\\/?s={search_term_string}\"},\"query-input\":{\"@type\":\"PropertyValueSpecification\",\"valueRequired\":true,\"valueName\":\"search_term_string\"}}],\"inLanguage\":\"de\"},{\"@type\":[\"Person\",\"Organization\"],\"@id\":\"https:\\\/\\\/parizstitkai.hu\\\/de\\\/#\\\/schema\\\/person\\\/ab16a103201970a790d1d9964252f379\",\"name\":\"Zolt\u00e1n\",\"image\":{\"@type\":\"ImageObject\",\"inLanguage\":\"de\",\"@id\":\"https:\\\/\\\/secure.gravatar.com\\\/avatar\\\/96490830190475a389e193b80ee6b529c3d617e65f60756051458ef19ff8ec32?s=96&d=mm&r=g\",\"url\":\"https:\\\/\\\/secure.gravatar.com\\\/avatar\\\/96490830190475a389e193b80ee6b529c3d617e65f60756051458ef19ff8ec32?s=96&d=mm&r=g\",\"contentUrl\":\"https:\\\/\\\/secure.gravatar.com\\\/avatar\\\/96490830190475a389e193b80ee6b529c3d617e65f60756051458ef19ff8ec32?s=96&d=mm&r=g\",\"caption\":\"Zolt\u00e1n\"},\"logo\":{\"@id\":\"https:\\\/\\\/secure.gravatar.com\\\/avatar\\\/96490830190475a389e193b80ee6b529c3d617e65f60756051458ef19ff8ec32?s=96&d=mm&r=g\"},\"sameAs\":[\"https:\\\/\\\/www.facebook.com\\\/parizstitkai\"]}]}<\/script>\n<!-- \/ Yoast SEO plugin. -->","yoast_head_json":{"title":"\u201eCherchez la femme\u201c in Paris, ein ungew\u00f6hnlicher Besuch bei der Eisernen Dame - P\u00e1rizs Titkai","robots":{"index":"index","follow":"follow","max-snippet":"max-snippet:-1","max-image-preview":"max-image-preview:large","max-video-preview":"max-video-preview:-1"},"canonical":"https:\/\/parizstitkai.hu\/de\/termek\/cherchez-la-femme-in-paris-ein-ungewoehnlicher-besuch-bei-der-eisernen-dame\/","og_locale":"de_DE","og_type":"article","og_title":"\u201eCherchez la femme\u201c in Paris, ein ungew\u00f6hnlicher Besuch bei der Eisernen Dame - P\u00e1rizs Titkai","og_description":"Keine einzige Sch\u00f6nheit w\u00fcrde es sich verg\u00f6nnen, sich ein bisschen umwerben zu lassen, bevor sie dann doch nachgibt und sich vor ihren Bewunderern in voller Pracht zeigt. Da wir uns dessen voll und ganz bewusst sind, wollen wir alles tun, um die Etikette nicht zu brechen, und wir ziehen vorsichtige Kreise und n\u00e4hern uns sch\u00f6n [&hellip;]","og_url":"https:\/\/parizstitkai.hu\/de\/termek\/cherchez-la-femme-in-paris-ein-ungewoehnlicher-besuch-bei-der-eisernen-dame\/","og_site_name":"P\u00e1rizs Titkai","article_publisher":"https:\/\/www.facebook.com\/parizstitkai","article_modified_time":"2026-01-23T12:54:11+00:00","og_image":[{"width":800,"height":600,"url":"https:\/\/parizstitkai.hu\/wp-content\/uploads\/2019\/07\/IMG_20190611_151254-scaled.jpg","type":"image\/jpeg"}],"twitter_card":"summary_large_image","twitter_misc":{"Gesch\u00e4tzte Lesezeit":"1\u00a0Minute"},"schema":{"@context":"https:\/\/schema.org","@graph":[{"@type":"WebPage","@id":"https:\/\/parizstitkai.hu\/de\/termek\/cherchez-la-femme-in-paris-ein-ungewoehnlicher-besuch-bei-der-eisernen-dame\/","url":"https:\/\/parizstitkai.hu\/de\/termek\/cherchez-la-femme-in-paris-ein-ungewoehnlicher-besuch-bei-der-eisernen-dame\/","name":"\u201eCherchez la femme\u201c in Paris, ein ungew\u00f6hnlicher Besuch bei der Eisernen Dame - P\u00e1rizs Titkai","isPartOf":{"@id":"https:\/\/parizstitkai.hu\/de\/#website"},"primaryImageOfPage":{"@id":"https:\/\/parizstitkai.hu\/de\/termek\/cherchez-la-femme-in-paris-ein-ungewoehnlicher-besuch-bei-der-eisernen-dame\/#primaryimage"},"image":{"@id":"https:\/\/parizstitkai.hu\/de\/termek\/cherchez-la-femme-in-paris-ein-ungewoehnlicher-besuch-bei-der-eisernen-dame\/#primaryimage"},"thumbnailUrl":"https:\/\/parizstitkai.hu\/wp-content\/uploads\/2019\/07\/IMG_20190611_151254-scaled.jpg","datePublished":"2019-07-08T17:42:38+00:00","dateModified":"2026-01-23T12:54:11+00:00","breadcrumb":{"@id":"https:\/\/parizstitkai.hu\/de\/termek\/cherchez-la-femme-in-paris-ein-ungewoehnlicher-besuch-bei-der-eisernen-dame\/#breadcrumb"},"inLanguage":"de","potentialAction":[{"@type":"ReadAction","target":["https:\/\/parizstitkai.hu\/de\/termek\/cherchez-la-femme-in-paris-ein-ungewoehnlicher-besuch-bei-der-eisernen-dame\/"]}]},{"@type":"ImageObject","inLanguage":"de","@id":"https:\/\/parizstitkai.hu\/de\/termek\/cherchez-la-femme-in-paris-ein-ungewoehnlicher-besuch-bei-der-eisernen-dame\/#primaryimage","url":"https:\/\/parizstitkai.hu\/wp-content\/uploads\/2019\/07\/IMG_20190611_151254-scaled.jpg","contentUrl":"https:\/\/parizstitkai.hu\/wp-content\/uploads\/2019\/07\/IMG_20190611_151254-scaled.jpg","width":800,"height":600},{"@type":"BreadcrumbList","@id":"https:\/\/parizstitkai.hu\/de\/termek\/cherchez-la-femme-in-paris-ein-ungewoehnlicher-besuch-bei-der-eisernen-dame\/#breadcrumb","itemListElement":[{"@type":"ListItem","position":1,"name":"Kezd\u0151lap","item":"https:\/\/parizstitkai.hu\/de\/fooldal\/"},{"@type":"ListItem","position":2,"name":"Besichtigungstouren","item":"https:\/\/parizstitkai.hu\/de\/besichtigungstouren\/"},{"@type":"ListItem","position":3,"name":"\u201eCherchez la femme\u201c in Paris, ein ungew\u00f6hnlicher Besuch bei der Eisernen Dame"}]},{"@type":"WebSite","@id":"https:\/\/parizstitkai.hu\/de\/#website","url":"https:\/\/parizstitkai.hu\/de\/","name":"P\u00e1rizs Titkai","description":"","publisher":{"@id":"https:\/\/parizstitkai.hu\/de\/#\/schema\/person\/ab16a103201970a790d1d9964252f379"},"potentialAction":[{"@type":"SearchAction","target":{"@type":"EntryPoint","urlTemplate":"https:\/\/parizstitkai.hu\/de\/?s={search_term_string}"},"query-input":{"@type":"PropertyValueSpecification","valueRequired":true,"valueName":"search_term_string"}}],"inLanguage":"de"},{"@type":["Person","Organization"],"@id":"https:\/\/parizstitkai.hu\/de\/#\/schema\/person\/ab16a103201970a790d1d9964252f379","name":"Zolt\u00e1n","image":{"@type":"ImageObject","inLanguage":"de","@id":"https:\/\/secure.gravatar.com\/avatar\/96490830190475a389e193b80ee6b529c3d617e65f60756051458ef19ff8ec32?s=96&d=mm&r=g","url":"https:\/\/secure.gravatar.com\/avatar\/96490830190475a389e193b80ee6b529c3d617e65f60756051458ef19ff8ec32?s=96&d=mm&r=g","contentUrl":"https:\/\/secure.gravatar.com\/avatar\/96490830190475a389e193b80ee6b529c3d617e65f60756051458ef19ff8ec32?s=96&d=mm&r=g","caption":"Zolt\u00e1n"},"logo":{"@id":"https:\/\/secure.gravatar.com\/avatar\/96490830190475a389e193b80ee6b529c3d617e65f60756051458ef19ff8ec32?s=96&d=mm&r=g"},"sameAs":["https:\/\/www.facebook.com\/parizstitkai"]}]}},"_links":{"self":[{"href":"https:\/\/parizstitkai.hu\/de\/wp-json\/wp\/v2\/product\/1057","targetHints":{"allow":["GET"]}}],"collection":[{"href":"https:\/\/parizstitkai.hu\/de\/wp-json\/wp\/v2\/product"}],"about":[{"href":"https:\/\/parizstitkai.hu\/de\/wp-json\/wp\/v2\/types\/product"}],"replies":[{"embeddable":true,"href":"https:\/\/parizstitkai.hu\/de\/wp-json\/wp\/v2\/comments?post=1057"}],"wp:featuredmedia":[{"embeddable":true,"href":"https:\/\/parizstitkai.hu\/de\/wp-json\/wp\/v2\/media\/1146"}],"wp:attachment":[{"href":"https:\/\/parizstitkai.hu\/de\/wp-json\/wp\/v2\/media?parent=1057"}],"wp:term":[{"taxonomy":"product_cat","embeddable":true,"href":"https:\/\/parizstitkai.hu\/de\/wp-json\/wp\/v2\/product_cat?post=1057"},{"taxonomy":"product_tag","embeddable":true,"href":"https:\/\/parizstitkai.hu\/de\/wp-json\/wp\/v2\/product_tag?post=1057"}],"curies":[{"name":"wp","href":"https:\/\/api.w.org\/{rel}","templated":true}]}}