{"id":1058,"date":"2019-06-25T06:29:53","date_gmt":"2019-06-25T04:29:53","guid":{"rendered":"https:\/\/parizstitkai.hu\/termek\/montmartre\/"},"modified":"2024-01-22T13:54:05","modified_gmt":"2024-01-22T12:54:05","slug":"montmartre","status":"publish","type":"product","link":"https:\/\/parizstitkai.hu\/de\/termek\/montmartre\/","title":{"rendered":"M\u00e4rchen aus dem Montmartre"},"content":{"rendered":"<p style=\"text-align: justify;\">Der Montmartre ist mehr als nur der Sacre-Coeur und das Moulin Rouge! Nat\u00fcrlich werden wir uns diese Blockbuster auch ansehen, aber w\u00e4hrend unseres unkonventionellen Spaziergangs werden wir auch die verborgenen Geheimnisse und die aufregenden Geschichten des Boh\u00e9me-Viertels entdecken. In den engen Gassen, den jahrhundertealten H\u00e4usern entlang laufend, lauschen wir erstmal dem Echo der Schritte von Picasso, Toulouse-Lautrec oder Renoir, bevor wir uns in Am\u00e9lies gem\u00fctlicher kleiner Oase einen Caf\u00e9-Gourmand oder eine Cr\u00e9me Brul\u00e9e g\u00f6nnen. Wir werden erfahren, was das Alkoholiker-Malergenie und Onkel Fr\u00e9d\u00e9s agiles Kaninchen gemeinsam haben, h\u00f6ren die Geschichte \u00fcber den kurzlebigen Ruhm des Esels, der selbst zum Pinsel griff und gruseln uns \u00fcber den schrecklichen Tod des letzten M\u00fcllers am Montmartre. Kommt mit, das Abenteuer beginnt!<\/p>\n","protected":false},"excerpt":{"rendered":"<p>Der Montmartre ist mehr als nur der Sacre-Coeur und das Moulin Rouge! Nat\u00fcrlich werden wir uns diese Blockbuster auch ansehen, aber w\u00e4hrend unseres unkonventionellen Spaziergangs werden wir auch die verborgenen Geheimnisse und die aufregenden Geschichten des Boh\u00e9me-Viertels entdecken. In den engen Gassen, den jahrhundertealten H\u00e4usern entlang laufend, lauschen wir erstmal dem Echo der Schritte von [&hellip;]<\/p>\n","protected":false},"featured_media":1124,"comment_status":"closed","ping_status":"closed","template":"","meta":[],"product_cat":[167],"product_tag":[],"class_list":{"0":"post-1058","1":"product","2":"type-product","3":"status-publish","4":"has-post-thumbnail","6":"product_cat-besichtigungstouren","8":"first","9":"instock","10":"shipping-taxable","11":"purchasable","12":"product-type-variable"},"yoast_head":"<!-- This site is optimized with the Yoast SEO plugin v27.3 - https:\/\/yoast.com\/product\/yoast-seo-wordpress\/ -->\n<title>M\u00e4rchen aus dem Montmartre - P\u00e1rizs Titkai<\/title>\n<meta name=\"robots\" content=\"index, follow, max-snippet:-1, max-image-preview:large, max-video-preview:-1\" \/>\n<link rel=\"canonical\" href=\"https:\/\/parizstitkai.hu\/de\/termek\/montmartre\/\" \/>\n<meta property=\"og:locale\" content=\"de_DE\" \/>\n<meta property=\"og:type\" content=\"article\" \/>\n<meta property=\"og:title\" content=\"M\u00e4rchen aus dem Montmartre - P\u00e1rizs Titkai\" \/>\n<meta property=\"og:description\" content=\"Der Montmartre ist mehr als nur der Sacre-Coeur und das Moulin Rouge! Nat\u00fcrlich werden wir uns diese Blockbuster auch ansehen, aber w\u00e4hrend unseres unkonventionellen Spaziergangs werden wir auch die verborgenen Geheimnisse und die aufregenden Geschichten des Boh\u00e9me-Viertels entdecken. In den engen Gassen, den jahrhundertealten H\u00e4usern entlang laufend, lauschen wir erstmal dem Echo der Schritte von [&hellip;]\" \/>\n<meta property=\"og:url\" content=\"https:\/\/parizstitkai.hu\/de\/termek\/montmartre\/\" \/>\n<meta property=\"og:site_name\" content=\"P\u00e1rizs Titkai\" \/>\n<meta property=\"article:publisher\" content=\"https:\/\/www.facebook.com\/parizstitkai\" \/>\n<meta property=\"article:modified_time\" content=\"2024-01-22T12:54:05+00:00\" \/>\n<meta property=\"og:image\" content=\"https:\/\/parizstitkai.hu\/wp-content\/uploads\/2019\/06\/Sacre-Coeur-1-scaled.jpg\" \/>\n\t<meta property=\"og:image:width\" content=\"599\" \/>\n\t<meta property=\"og:image:height\" content=\"600\" \/>\n\t<meta property=\"og:image:type\" content=\"image\/jpeg\" \/>\n<meta name=\"twitter:card\" content=\"summary_large_image\" \/>\n<meta name=\"twitter:label1\" content=\"Gesch\u00e4tzte Lesezeit\" \/>\n\t<meta name=\"twitter:data1\" content=\"1\u00a0Minute\" \/>\n<script type=\"application\/ld+json\" class=\"yoast-schema-graph\">{\"@context\":\"https:\\\/\\\/schema.org\",\"@graph\":[{\"@type\":\"WebPage\",\"@id\":\"https:\\\/\\\/parizstitkai.hu\\\/de\\\/termek\\\/montmartre\\\/\",\"url\":\"https:\\\/\\\/parizstitkai.hu\\\/de\\\/termek\\\/montmartre\\\/\",\"name\":\"M\u00e4rchen aus dem Montmartre - P\u00e1rizs Titkai\",\"isPartOf\":{\"@id\":\"https:\\\/\\\/parizstitkai.hu\\\/de\\\/#website\"},\"primaryImageOfPage\":{\"@id\":\"https:\\\/\\\/parizstitkai.hu\\\/de\\\/termek\\\/montmartre\\\/#primaryimage\"},\"image\":{\"@id\":\"https:\\\/\\\/parizstitkai.hu\\\/de\\\/termek\\\/montmartre\\\/#primaryimage\"},\"thumbnailUrl\":\"https:\\\/\\\/parizstitkai.hu\\\/wp-content\\\/uploads\\\/2019\\\/07\\\/Sacre-Coeur.jpg\",\"datePublished\":\"2019-06-25T04:29:53+00:00\",\"dateModified\":\"2024-01-22T12:54:05+00:00\",\"breadcrumb\":{\"@id\":\"https:\\\/\\\/parizstitkai.hu\\\/de\\\/termek\\\/montmartre\\\/#breadcrumb\"},\"inLanguage\":\"de\",\"potentialAction\":[{\"@type\":\"ReadAction\",\"target\":[\"https:\\\/\\\/parizstitkai.hu\\\/de\\\/termek\\\/montmartre\\\/\"]}]},{\"@type\":\"ImageObject\",\"inLanguage\":\"de\",\"@id\":\"https:\\\/\\\/parizstitkai.hu\\\/de\\\/termek\\\/montmartre\\\/#primaryimage\",\"url\":\"https:\\\/\\\/parizstitkai.hu\\\/wp-content\\\/uploads\\\/2019\\\/07\\\/Sacre-Coeur.jpg\",\"contentUrl\":\"https:\\\/\\\/parizstitkai.hu\\\/wp-content\\\/uploads\\\/2019\\\/07\\\/Sacre-Coeur.jpg\",\"width\":138,\"height\":138},{\"@type\":\"BreadcrumbList\",\"@id\":\"https:\\\/\\\/parizstitkai.hu\\\/de\\\/termek\\\/montmartre\\\/#breadcrumb\",\"itemListElement\":[{\"@type\":\"ListItem\",\"position\":1,\"name\":\"Kezd\u0151lap\",\"item\":\"https:\\\/\\\/parizstitkai.hu\\\/de\\\/fooldal\\\/\"},{\"@type\":\"ListItem\",\"position\":2,\"name\":\"Besichtigungstouren\",\"item\":\"https:\\\/\\\/parizstitkai.hu\\\/de\\\/besichtigungstouren\\\/\"},{\"@type\":\"ListItem\",\"position\":3,\"name\":\"M\u00e4rchen aus dem Montmartre\"}]},{\"@type\":\"WebSite\",\"@id\":\"https:\\\/\\\/parizstitkai.hu\\\/de\\\/#website\",\"url\":\"https:\\\/\\\/parizstitkai.hu\\\/de\\\/\",\"name\":\"P\u00e1rizs Titkai\",\"description\":\"\",\"publisher\":{\"@id\":\"https:\\\/\\\/parizstitkai.hu\\\/de\\\/#\\\/schema\\\/person\\\/ab16a103201970a790d1d9964252f379\"},\"potentialAction\":[{\"@type\":\"SearchAction\",\"target\":{\"@type\":\"EntryPoint\",\"urlTemplate\":\"https:\\\/\\\/parizstitkai.hu\\\/de\\\/?s={search_term_string}\"},\"query-input\":{\"@type\":\"PropertyValueSpecification\",\"valueRequired\":true,\"valueName\":\"search_term_string\"}}],\"inLanguage\":\"de\"},{\"@type\":[\"Person\",\"Organization\"],\"@id\":\"https:\\\/\\\/parizstitkai.hu\\\/de\\\/#\\\/schema\\\/person\\\/ab16a103201970a790d1d9964252f379\",\"name\":\"Zolt\u00e1n\",\"image\":{\"@type\":\"ImageObject\",\"inLanguage\":\"de\",\"@id\":\"https:\\\/\\\/secure.gravatar.com\\\/avatar\\\/96490830190475a389e193b80ee6b529c3d617e65f60756051458ef19ff8ec32?s=96&d=mm&r=g\",\"url\":\"https:\\\/\\\/secure.gravatar.com\\\/avatar\\\/96490830190475a389e193b80ee6b529c3d617e65f60756051458ef19ff8ec32?s=96&d=mm&r=g\",\"contentUrl\":\"https:\\\/\\\/secure.gravatar.com\\\/avatar\\\/96490830190475a389e193b80ee6b529c3d617e65f60756051458ef19ff8ec32?s=96&d=mm&r=g\",\"caption\":\"Zolt\u00e1n\"},\"logo\":{\"@id\":\"https:\\\/\\\/secure.gravatar.com\\\/avatar\\\/96490830190475a389e193b80ee6b529c3d617e65f60756051458ef19ff8ec32?s=96&d=mm&r=g\"},\"sameAs\":[\"https:\\\/\\\/www.facebook.com\\\/parizstitkai\"]}]}<\/script>\n<!-- \/ Yoast SEO plugin. -->","yoast_head_json":{"title":"M\u00e4rchen aus dem Montmartre - P\u00e1rizs Titkai","robots":{"index":"index","follow":"follow","max-snippet":"max-snippet:-1","max-image-preview":"max-image-preview:large","max-video-preview":"max-video-preview:-1"},"canonical":"https:\/\/parizstitkai.hu\/de\/termek\/montmartre\/","og_locale":"de_DE","og_type":"article","og_title":"M\u00e4rchen aus dem Montmartre - P\u00e1rizs Titkai","og_description":"Der Montmartre ist mehr als nur der Sacre-Coeur und das Moulin Rouge! Nat\u00fcrlich werden wir uns diese Blockbuster auch ansehen, aber w\u00e4hrend unseres unkonventionellen Spaziergangs werden wir auch die verborgenen Geheimnisse und die aufregenden Geschichten des Boh\u00e9me-Viertels entdecken. In den engen Gassen, den jahrhundertealten H\u00e4usern entlang laufend, lauschen wir erstmal dem Echo der Schritte von [&hellip;]","og_url":"https:\/\/parizstitkai.hu\/de\/termek\/montmartre\/","og_site_name":"P\u00e1rizs Titkai","article_publisher":"https:\/\/www.facebook.com\/parizstitkai","article_modified_time":"2024-01-22T12:54:05+00:00","og_image":[{"width":599,"height":600,"url":"https:\/\/parizstitkai.hu\/wp-content\/uploads\/2019\/06\/Sacre-Coeur-1-scaled.jpg","type":"image\/jpeg"}],"twitter_card":"summary_large_image","twitter_misc":{"Gesch\u00e4tzte Lesezeit":"1\u00a0Minute"},"schema":{"@context":"https:\/\/schema.org","@graph":[{"@type":"WebPage","@id":"https:\/\/parizstitkai.hu\/de\/termek\/montmartre\/","url":"https:\/\/parizstitkai.hu\/de\/termek\/montmartre\/","name":"M\u00e4rchen aus dem Montmartre - P\u00e1rizs Titkai","isPartOf":{"@id":"https:\/\/parizstitkai.hu\/de\/#website"},"primaryImageOfPage":{"@id":"https:\/\/parizstitkai.hu\/de\/termek\/montmartre\/#primaryimage"},"image":{"@id":"https:\/\/parizstitkai.hu\/de\/termek\/montmartre\/#primaryimage"},"thumbnailUrl":"https:\/\/parizstitkai.hu\/wp-content\/uploads\/2019\/07\/Sacre-Coeur.jpg","datePublished":"2019-06-25T04:29:53+00:00","dateModified":"2024-01-22T12:54:05+00:00","breadcrumb":{"@id":"https:\/\/parizstitkai.hu\/de\/termek\/montmartre\/#breadcrumb"},"inLanguage":"de","potentialAction":[{"@type":"ReadAction","target":["https:\/\/parizstitkai.hu\/de\/termek\/montmartre\/"]}]},{"@type":"ImageObject","inLanguage":"de","@id":"https:\/\/parizstitkai.hu\/de\/termek\/montmartre\/#primaryimage","url":"https:\/\/parizstitkai.hu\/wp-content\/uploads\/2019\/07\/Sacre-Coeur.jpg","contentUrl":"https:\/\/parizstitkai.hu\/wp-content\/uploads\/2019\/07\/Sacre-Coeur.jpg","width":138,"height":138},{"@type":"BreadcrumbList","@id":"https:\/\/parizstitkai.hu\/de\/termek\/montmartre\/#breadcrumb","itemListElement":[{"@type":"ListItem","position":1,"name":"Kezd\u0151lap","item":"https:\/\/parizstitkai.hu\/de\/fooldal\/"},{"@type":"ListItem","position":2,"name":"Besichtigungstouren","item":"https:\/\/parizstitkai.hu\/de\/besichtigungstouren\/"},{"@type":"ListItem","position":3,"name":"M\u00e4rchen aus dem Montmartre"}]},{"@type":"WebSite","@id":"https:\/\/parizstitkai.hu\/de\/#website","url":"https:\/\/parizstitkai.hu\/de\/","name":"P\u00e1rizs Titkai","description":"","publisher":{"@id":"https:\/\/parizstitkai.hu\/de\/#\/schema\/person\/ab16a103201970a790d1d9964252f379"},"potentialAction":[{"@type":"SearchAction","target":{"@type":"EntryPoint","urlTemplate":"https:\/\/parizstitkai.hu\/de\/?s={search_term_string}"},"query-input":{"@type":"PropertyValueSpecification","valueRequired":true,"valueName":"search_term_string"}}],"inLanguage":"de"},{"@type":["Person","Organization"],"@id":"https:\/\/parizstitkai.hu\/de\/#\/schema\/person\/ab16a103201970a790d1d9964252f379","name":"Zolt\u00e1n","image":{"@type":"ImageObject","inLanguage":"de","@id":"https:\/\/secure.gravatar.com\/avatar\/96490830190475a389e193b80ee6b529c3d617e65f60756051458ef19ff8ec32?s=96&d=mm&r=g","url":"https:\/\/secure.gravatar.com\/avatar\/96490830190475a389e193b80ee6b529c3d617e65f60756051458ef19ff8ec32?s=96&d=mm&r=g","contentUrl":"https:\/\/secure.gravatar.com\/avatar\/96490830190475a389e193b80ee6b529c3d617e65f60756051458ef19ff8ec32?s=96&d=mm&r=g","caption":"Zolt\u00e1n"},"logo":{"@id":"https:\/\/secure.gravatar.com\/avatar\/96490830190475a389e193b80ee6b529c3d617e65f60756051458ef19ff8ec32?s=96&d=mm&r=g"},"sameAs":["https:\/\/www.facebook.com\/parizstitkai"]}]}},"_links":{"self":[{"href":"https:\/\/parizstitkai.hu\/de\/wp-json\/wp\/v2\/product\/1058","targetHints":{"allow":["GET"]}}],"collection":[{"href":"https:\/\/parizstitkai.hu\/de\/wp-json\/wp\/v2\/product"}],"about":[{"href":"https:\/\/parizstitkai.hu\/de\/wp-json\/wp\/v2\/types\/product"}],"replies":[{"embeddable":true,"href":"https:\/\/parizstitkai.hu\/de\/wp-json\/wp\/v2\/comments?post=1058"}],"wp:featuredmedia":[{"embeddable":true,"href":"https:\/\/parizstitkai.hu\/de\/wp-json\/wp\/v2\/media\/1124"}],"wp:attachment":[{"href":"https:\/\/parizstitkai.hu\/de\/wp-json\/wp\/v2\/media?parent=1058"}],"wp:term":[{"taxonomy":"product_cat","embeddable":true,"href":"https:\/\/parizstitkai.hu\/de\/wp-json\/wp\/v2\/product_cat?post=1058"},{"taxonomy":"product_tag","embeddable":true,"href":"https:\/\/parizstitkai.hu\/de\/wp-json\/wp\/v2\/product_tag?post=1058"}],"curies":[{"name":"wp","href":"https:\/\/api.w.org\/{rel}","templated":true}]}}