{"id":3206,"date":"2021-11-19T19:41:17","date_gmt":"2021-11-19T18:41:17","guid":{"rendered":"https:\/\/parizstitkai.hu\/?post_type=product&#038;p=3206"},"modified":"2023-11-15T18:02:13","modified_gmt":"2023-11-15T17:02:13","slug":"durch-die-strassen-des-lateinischen-viertels","status":"publish","type":"product","link":"https:\/\/parizstitkai.hu\/de\/termek\/durch-die-strassen-des-lateinischen-viertels\/","title":{"rendered":"Durch die Strassen des Lateinischen Viertels"},"content":{"rendered":"<p style=\"text-align: justify;\">Das Lateinische Viertel ist einer der \u00e4ltesten und stimmungsvollsten Teile von Paris, in dem wir unter den d\u00fcsteren B\u00f6gen gotischer Kirchen die Geister der ersten Frankenk\u00f6nige heraufbeschw\u00f6ren. Unser Spaziergang f\u00fchrt an den Fakult\u00e4tsgeb\u00e4uden einer der \u00e4ltesten Universit\u00e4ten Europas, der Sorbonne vorbei, zum \u00e4ltesten Caf\u00e9 der Welt, das einst der Treffpunkt von Voltaire, Danton und Robespierre war. Wir treffen Hemingway im Labyrinth der legend\u00e4ren anglophonen Buchhandlung und folgen den Schatten von Rimbaud und Verlaine zwischen den B\u00e4umen des Jardin du Luxembourg. Schlie\u00dflich erreichen wir das Panth\u00e9on, wo wir die Geschichte des ruhelosen Toten und die Abenteuer amerikanischen Serienheldinnen kennenlernen. Kommt mit uns!<\/p>\n","protected":false},"excerpt":{"rendered":"<p>Das Lateinische Viertel ist einer der \u00e4ltesten und stimmungsvollsten Teile von Paris, in dem wir unter den d\u00fcsteren B\u00f6gen gotischer Kirchen die Geister der ersten Frankenk\u00f6nige heraufbeschw\u00f6ren. Unser Spaziergang f\u00fchrt an den Fakult\u00e4tsgeb\u00e4uden einer der \u00e4ltesten Universit\u00e4ten Europas, der Sorbonne vorbei, zum \u00e4ltesten Caf\u00e9 der Welt, das einst der Treffpunkt von Voltaire, Danton und Robespierre [&hellip;]<\/p>\n","protected":false},"featured_media":2009,"comment_status":"open","ping_status":"closed","template":"","meta":[],"product_cat":[167],"product_tag":[],"class_list":{"0":"post-3206","1":"product","2":"type-product","3":"status-publish","4":"has-post-thumbnail","6":"product_cat-besichtigungstouren","8":"first","9":"instock","10":"shipping-taxable","11":"purchasable","12":"product-type-variable"},"yoast_head":"<!-- This site is optimized with the Yoast SEO plugin v27.3 - https:\/\/yoast.com\/product\/yoast-seo-wordpress\/ -->\n<title>Durch die Strassen des Lateinischen Viertels - P\u00e1rizs Titkai<\/title>\n<meta name=\"robots\" content=\"index, follow, max-snippet:-1, max-image-preview:large, max-video-preview:-1\" \/>\n<link rel=\"canonical\" href=\"https:\/\/parizstitkai.hu\/de\/termek\/durch-die-strassen-des-lateinischen-viertels\/\" \/>\n<meta property=\"og:locale\" content=\"de_DE\" \/>\n<meta property=\"og:type\" content=\"article\" \/>\n<meta property=\"og:title\" content=\"Durch die Strassen des Lateinischen Viertels - P\u00e1rizs Titkai\" \/>\n<meta property=\"og:description\" content=\"Das Lateinische Viertel ist einer der \u00e4ltesten und stimmungsvollsten Teile von Paris, in dem wir unter den d\u00fcsteren B\u00f6gen gotischer Kirchen die Geister der ersten Frankenk\u00f6nige heraufbeschw\u00f6ren. Unser Spaziergang f\u00fchrt an den Fakult\u00e4tsgeb\u00e4uden einer der \u00e4ltesten Universit\u00e4ten Europas, der Sorbonne vorbei, zum \u00e4ltesten Caf\u00e9 der Welt, das einst der Treffpunkt von Voltaire, Danton und Robespierre [&hellip;]\" \/>\n<meta property=\"og:url\" content=\"https:\/\/parizstitkai.hu\/de\/termek\/durch-die-strassen-des-lateinischen-viertels\/\" \/>\n<meta property=\"og:site_name\" content=\"P\u00e1rizs Titkai\" \/>\n<meta property=\"article:publisher\" content=\"https:\/\/www.facebook.com\/parizstitkai\" \/>\n<meta property=\"article:modified_time\" content=\"2023-11-15T17:02:13+00:00\" \/>\n<meta property=\"og:image\" content=\"https:\/\/parizstitkai.hu\/wp-content\/uploads\/2021\/02\/Szoba-kil\u00e1t\u00e1ssal-scaled.jpg\" \/>\n\t<meta property=\"og:image:width\" content=\"450\" \/>\n\t<meta property=\"og:image:height\" content=\"600\" \/>\n\t<meta property=\"og:image:type\" content=\"image\/jpeg\" \/>\n<meta name=\"twitter:card\" content=\"summary_large_image\" \/>\n<meta name=\"twitter:label1\" content=\"Gesch\u00e4tzte Lesezeit\" \/>\n\t<meta name=\"twitter:data1\" content=\"1\u00a0Minute\" \/>\n<script type=\"application\/ld+json\" class=\"yoast-schema-graph\">{\"@context\":\"https:\\\/\\\/schema.org\",\"@graph\":[{\"@type\":\"WebPage\",\"@id\":\"https:\\\/\\\/parizstitkai.hu\\\/de\\\/termek\\\/durch-die-strassen-des-lateinischen-viertels\\\/\",\"url\":\"https:\\\/\\\/parizstitkai.hu\\\/de\\\/termek\\\/durch-die-strassen-des-lateinischen-viertels\\\/\",\"name\":\"Durch die Strassen des Lateinischen Viertels - P\u00e1rizs Titkai\",\"isPartOf\":{\"@id\":\"https:\\\/\\\/parizstitkai.hu\\\/de\\\/#website\"},\"primaryImageOfPage\":{\"@id\":\"https:\\\/\\\/parizstitkai.hu\\\/de\\\/termek\\\/durch-die-strassen-des-lateinischen-viertels\\\/#primaryimage\"},\"image\":{\"@id\":\"https:\\\/\\\/parizstitkai.hu\\\/de\\\/termek\\\/durch-die-strassen-des-lateinischen-viertels\\\/#primaryimage\"},\"thumbnailUrl\":\"https:\\\/\\\/parizstitkai.hu\\\/wp-content\\\/uploads\\\/2021\\\/02\\\/Szoba-kil\u00e1t\u00e1ssal-scaled.jpg\",\"datePublished\":\"2021-11-19T18:41:17+00:00\",\"dateModified\":\"2023-11-15T17:02:13+00:00\",\"breadcrumb\":{\"@id\":\"https:\\\/\\\/parizstitkai.hu\\\/de\\\/termek\\\/durch-die-strassen-des-lateinischen-viertels\\\/#breadcrumb\"},\"inLanguage\":\"de\",\"potentialAction\":[{\"@type\":\"ReadAction\",\"target\":[\"https:\\\/\\\/parizstitkai.hu\\\/de\\\/termek\\\/durch-die-strassen-des-lateinischen-viertels\\\/\"]}]},{\"@type\":\"ImageObject\",\"inLanguage\":\"de\",\"@id\":\"https:\\\/\\\/parizstitkai.hu\\\/de\\\/termek\\\/durch-die-strassen-des-lateinischen-viertels\\\/#primaryimage\",\"url\":\"https:\\\/\\\/parizstitkai.hu\\\/wp-content\\\/uploads\\\/2021\\\/02\\\/Szoba-kil\u00e1t\u00e1ssal-scaled.jpg\",\"contentUrl\":\"https:\\\/\\\/parizstitkai.hu\\\/wp-content\\\/uploads\\\/2021\\\/02\\\/Szoba-kil\u00e1t\u00e1ssal-scaled.jpg\",\"width\":450,\"height\":600,\"caption\":\"rhdr\"},{\"@type\":\"BreadcrumbList\",\"@id\":\"https:\\\/\\\/parizstitkai.hu\\\/de\\\/termek\\\/durch-die-strassen-des-lateinischen-viertels\\\/#breadcrumb\",\"itemListElement\":[{\"@type\":\"ListItem\",\"position\":1,\"name\":\"Kezd\u0151lap\",\"item\":\"https:\\\/\\\/parizstitkai.hu\\\/de\\\/fooldal\\\/\"},{\"@type\":\"ListItem\",\"position\":2,\"name\":\"Besichtigungstouren\",\"item\":\"https:\\\/\\\/parizstitkai.hu\\\/de\\\/besichtigungstouren\\\/\"},{\"@type\":\"ListItem\",\"position\":3,\"name\":\"Durch die Strassen des Lateinischen Viertels\"}]},{\"@type\":\"WebSite\",\"@id\":\"https:\\\/\\\/parizstitkai.hu\\\/de\\\/#website\",\"url\":\"https:\\\/\\\/parizstitkai.hu\\\/de\\\/\",\"name\":\"P\u00e1rizs Titkai\",\"description\":\"\",\"publisher\":{\"@id\":\"https:\\\/\\\/parizstitkai.hu\\\/de\\\/#\\\/schema\\\/person\\\/ab16a103201970a790d1d9964252f379\"},\"potentialAction\":[{\"@type\":\"SearchAction\",\"target\":{\"@type\":\"EntryPoint\",\"urlTemplate\":\"https:\\\/\\\/parizstitkai.hu\\\/de\\\/?s={search_term_string}\"},\"query-input\":{\"@type\":\"PropertyValueSpecification\",\"valueRequired\":true,\"valueName\":\"search_term_string\"}}],\"inLanguage\":\"de\"},{\"@type\":[\"Person\",\"Organization\"],\"@id\":\"https:\\\/\\\/parizstitkai.hu\\\/de\\\/#\\\/schema\\\/person\\\/ab16a103201970a790d1d9964252f379\",\"name\":\"Zolt\u00e1n\",\"image\":{\"@type\":\"ImageObject\",\"inLanguage\":\"de\",\"@id\":\"https:\\\/\\\/secure.gravatar.com\\\/avatar\\\/96490830190475a389e193b80ee6b529c3d617e65f60756051458ef19ff8ec32?s=96&d=mm&r=g\",\"url\":\"https:\\\/\\\/secure.gravatar.com\\\/avatar\\\/96490830190475a389e193b80ee6b529c3d617e65f60756051458ef19ff8ec32?s=96&d=mm&r=g\",\"contentUrl\":\"https:\\\/\\\/secure.gravatar.com\\\/avatar\\\/96490830190475a389e193b80ee6b529c3d617e65f60756051458ef19ff8ec32?s=96&d=mm&r=g\",\"caption\":\"Zolt\u00e1n\"},\"logo\":{\"@id\":\"https:\\\/\\\/secure.gravatar.com\\\/avatar\\\/96490830190475a389e193b80ee6b529c3d617e65f60756051458ef19ff8ec32?s=96&d=mm&r=g\"},\"sameAs\":[\"https:\\\/\\\/www.facebook.com\\\/parizstitkai\"]}]}<\/script>\n<!-- \/ Yoast SEO plugin. -->","yoast_head_json":{"title":"Durch die Strassen des Lateinischen Viertels - P\u00e1rizs Titkai","robots":{"index":"index","follow":"follow","max-snippet":"max-snippet:-1","max-image-preview":"max-image-preview:large","max-video-preview":"max-video-preview:-1"},"canonical":"https:\/\/parizstitkai.hu\/de\/termek\/durch-die-strassen-des-lateinischen-viertels\/","og_locale":"de_DE","og_type":"article","og_title":"Durch die Strassen des Lateinischen Viertels - P\u00e1rizs Titkai","og_description":"Das Lateinische Viertel ist einer der \u00e4ltesten und stimmungsvollsten Teile von Paris, in dem wir unter den d\u00fcsteren B\u00f6gen gotischer Kirchen die Geister der ersten Frankenk\u00f6nige heraufbeschw\u00f6ren. Unser Spaziergang f\u00fchrt an den Fakult\u00e4tsgeb\u00e4uden einer der \u00e4ltesten Universit\u00e4ten Europas, der Sorbonne vorbei, zum \u00e4ltesten Caf\u00e9 der Welt, das einst der Treffpunkt von Voltaire, Danton und Robespierre [&hellip;]","og_url":"https:\/\/parizstitkai.hu\/de\/termek\/durch-die-strassen-des-lateinischen-viertels\/","og_site_name":"P\u00e1rizs Titkai","article_publisher":"https:\/\/www.facebook.com\/parizstitkai","article_modified_time":"2023-11-15T17:02:13+00:00","og_image":[{"width":450,"height":600,"url":"https:\/\/parizstitkai.hu\/wp-content\/uploads\/2021\/02\/Szoba-kil\u00e1t\u00e1ssal-scaled.jpg","type":"image\/jpeg"}],"twitter_card":"summary_large_image","twitter_misc":{"Gesch\u00e4tzte Lesezeit":"1\u00a0Minute"},"schema":{"@context":"https:\/\/schema.org","@graph":[{"@type":"WebPage","@id":"https:\/\/parizstitkai.hu\/de\/termek\/durch-die-strassen-des-lateinischen-viertels\/","url":"https:\/\/parizstitkai.hu\/de\/termek\/durch-die-strassen-des-lateinischen-viertels\/","name":"Durch die Strassen des Lateinischen Viertels - P\u00e1rizs Titkai","isPartOf":{"@id":"https:\/\/parizstitkai.hu\/de\/#website"},"primaryImageOfPage":{"@id":"https:\/\/parizstitkai.hu\/de\/termek\/durch-die-strassen-des-lateinischen-viertels\/#primaryimage"},"image":{"@id":"https:\/\/parizstitkai.hu\/de\/termek\/durch-die-strassen-des-lateinischen-viertels\/#primaryimage"},"thumbnailUrl":"https:\/\/parizstitkai.hu\/wp-content\/uploads\/2021\/02\/Szoba-kil\u00e1t\u00e1ssal-scaled.jpg","datePublished":"2021-11-19T18:41:17+00:00","dateModified":"2023-11-15T17:02:13+00:00","breadcrumb":{"@id":"https:\/\/parizstitkai.hu\/de\/termek\/durch-die-strassen-des-lateinischen-viertels\/#breadcrumb"},"inLanguage":"de","potentialAction":[{"@type":"ReadAction","target":["https:\/\/parizstitkai.hu\/de\/termek\/durch-die-strassen-des-lateinischen-viertels\/"]}]},{"@type":"ImageObject","inLanguage":"de","@id":"https:\/\/parizstitkai.hu\/de\/termek\/durch-die-strassen-des-lateinischen-viertels\/#primaryimage","url":"https:\/\/parizstitkai.hu\/wp-content\/uploads\/2021\/02\/Szoba-kil\u00e1t\u00e1ssal-scaled.jpg","contentUrl":"https:\/\/parizstitkai.hu\/wp-content\/uploads\/2021\/02\/Szoba-kil\u00e1t\u00e1ssal-scaled.jpg","width":450,"height":600,"caption":"rhdr"},{"@type":"BreadcrumbList","@id":"https:\/\/parizstitkai.hu\/de\/termek\/durch-die-strassen-des-lateinischen-viertels\/#breadcrumb","itemListElement":[{"@type":"ListItem","position":1,"name":"Kezd\u0151lap","item":"https:\/\/parizstitkai.hu\/de\/fooldal\/"},{"@type":"ListItem","position":2,"name":"Besichtigungstouren","item":"https:\/\/parizstitkai.hu\/de\/besichtigungstouren\/"},{"@type":"ListItem","position":3,"name":"Durch die Strassen des Lateinischen Viertels"}]},{"@type":"WebSite","@id":"https:\/\/parizstitkai.hu\/de\/#website","url":"https:\/\/parizstitkai.hu\/de\/","name":"P\u00e1rizs Titkai","description":"","publisher":{"@id":"https:\/\/parizstitkai.hu\/de\/#\/schema\/person\/ab16a103201970a790d1d9964252f379"},"potentialAction":[{"@type":"SearchAction","target":{"@type":"EntryPoint","urlTemplate":"https:\/\/parizstitkai.hu\/de\/?s={search_term_string}"},"query-input":{"@type":"PropertyValueSpecification","valueRequired":true,"valueName":"search_term_string"}}],"inLanguage":"de"},{"@type":["Person","Organization"],"@id":"https:\/\/parizstitkai.hu\/de\/#\/schema\/person\/ab16a103201970a790d1d9964252f379","name":"Zolt\u00e1n","image":{"@type":"ImageObject","inLanguage":"de","@id":"https:\/\/secure.gravatar.com\/avatar\/96490830190475a389e193b80ee6b529c3d617e65f60756051458ef19ff8ec32?s=96&d=mm&r=g","url":"https:\/\/secure.gravatar.com\/avatar\/96490830190475a389e193b80ee6b529c3d617e65f60756051458ef19ff8ec32?s=96&d=mm&r=g","contentUrl":"https:\/\/secure.gravatar.com\/avatar\/96490830190475a389e193b80ee6b529c3d617e65f60756051458ef19ff8ec32?s=96&d=mm&r=g","caption":"Zolt\u00e1n"},"logo":{"@id":"https:\/\/secure.gravatar.com\/avatar\/96490830190475a389e193b80ee6b529c3d617e65f60756051458ef19ff8ec32?s=96&d=mm&r=g"},"sameAs":["https:\/\/www.facebook.com\/parizstitkai"]}]}},"_links":{"self":[{"href":"https:\/\/parizstitkai.hu\/de\/wp-json\/wp\/v2\/product\/3206","targetHints":{"allow":["GET"]}}],"collection":[{"href":"https:\/\/parizstitkai.hu\/de\/wp-json\/wp\/v2\/product"}],"about":[{"href":"https:\/\/parizstitkai.hu\/de\/wp-json\/wp\/v2\/types\/product"}],"replies":[{"embeddable":true,"href":"https:\/\/parizstitkai.hu\/de\/wp-json\/wp\/v2\/comments?post=3206"}],"wp:featuredmedia":[{"embeddable":true,"href":"https:\/\/parizstitkai.hu\/de\/wp-json\/wp\/v2\/media\/2009"}],"wp:attachment":[{"href":"https:\/\/parizstitkai.hu\/de\/wp-json\/wp\/v2\/media?parent=3206"}],"wp:term":[{"taxonomy":"product_cat","embeddable":true,"href":"https:\/\/parizstitkai.hu\/de\/wp-json\/wp\/v2\/product_cat?post=3206"},{"taxonomy":"product_tag","embeddable":true,"href":"https:\/\/parizstitkai.hu\/de\/wp-json\/wp\/v2\/product_tag?post=3206"}],"curies":[{"name":"wp","href":"https:\/\/api.w.org\/{rel}","templated":true}]}}