{"id":3213,"date":"2019-06-25T06:30:11","date_gmt":"2019-06-25T04:30:11","guid":{"rendered":"https:\/\/parizstitkai.hu\/?post_type=product&#038;p=3213"},"modified":"2023-11-15T19:03:24","modified_gmt":"2023-11-15T18:03:24","slug":"die-wunderbare-welt-der-passagen-der-pariser-glasdach-einkaufsstrassen-2","status":"publish","type":"product","link":"https:\/\/parizstitkai.hu\/de\/termek\/die-wunderbare-welt-der-passagen-der-pariser-glasdach-einkaufsstrassen-2\/","title":{"rendered":"Die wunderbare Welt der Passagen, der Pariser Glasdach-Einkaufsstra\u00dfen"},"content":{"rendered":"<p style=\"text-align: justify;\">Ob es regnet oder scheint, st\u00fcrmt oder donnert, es hei\u00dft nicht zu Hause zu bleiben, sondern mir zu folgen auf dieser ungew\u00f6hnlichen Stadtf\u00fchrung, um das \u201eUndercover\u201c -Paris zu entdecken. Lasst mich Euch die jahrhundertealte Geschichte der glas\u00fcberdachten Alleen erz\u00e4hlen, w\u00e4hrend wir durch diese historischen Einkaufsstra\u00dfen schlendern und die atmosph\u00e4rische, aufregende und lebendige Welt ihrer Kuriosit\u00e4tenl\u00e4den, Buchst\u00e4nde, Hintert\u00fcr-Museen und exotischen kleinen Restaurants entdecken.<\/p>\n","protected":false},"excerpt":{"rendered":"<p>Ob es regnet oder scheint, st\u00fcrmt oder donnert, es hei\u00dft nicht zu Hause zu bleiben, sondern mir zu folgen auf dieser ungew\u00f6hnlichen Stadtf\u00fchrung, um das \u201eUndercover\u201c -Paris zu entdecken. Lasst mich Euch die jahrhundertealte Geschichte der glas\u00fcberdachten Alleen erz\u00e4hlen, w\u00e4hrend wir durch diese historischen Einkaufsstra\u00dfen schlendern und die atmosph\u00e4rische, aufregende und lebendige Welt ihrer Kuriosit\u00e4tenl\u00e4den, [&hellip;]<\/p>\n","protected":false},"featured_media":3976,"comment_status":"closed","ping_status":"closed","template":"","meta":[],"product_cat":[167],"product_tag":[],"class_list":{"0":"post-3213","1":"product","2":"type-product","3":"status-publish","4":"has-post-thumbnail","6":"product_cat-besichtigungstouren","8":"first","9":"instock","10":"shipping-taxable","11":"purchasable","12":"product-type-variable"},"yoast_head":"<!-- This site is optimized with the Yoast SEO plugin v27.3 - https:\/\/yoast.com\/product\/yoast-seo-wordpress\/ -->\n<title>Die wunderbare Welt der Passagen, der Pariser Glasdach-Einkaufsstra\u00dfen - P\u00e1rizs Titkai<\/title>\n<meta name=\"robots\" content=\"index, follow, max-snippet:-1, max-image-preview:large, max-video-preview:-1\" \/>\n<link rel=\"canonical\" href=\"https:\/\/parizstitkai.hu\/de\/termek\/die-wunderbare-welt-der-passagen-der-pariser-glasdach-einkaufsstrassen-2\/\" \/>\n<meta property=\"og:locale\" content=\"de_DE\" \/>\n<meta property=\"og:type\" content=\"article\" \/>\n<meta property=\"og:title\" content=\"Die wunderbare Welt der Passagen, der Pariser Glasdach-Einkaufsstra\u00dfen - P\u00e1rizs Titkai\" \/>\n<meta property=\"og:description\" content=\"Ob es regnet oder scheint, st\u00fcrmt oder donnert, es hei\u00dft nicht zu Hause zu bleiben, sondern mir zu folgen auf dieser ungew\u00f6hnlichen Stadtf\u00fchrung, um das \u201eUndercover\u201c -Paris zu entdecken. Lasst mich Euch die jahrhundertealte Geschichte der glas\u00fcberdachten Alleen erz\u00e4hlen, w\u00e4hrend wir durch diese historischen Einkaufsstra\u00dfen schlendern und die atmosph\u00e4rische, aufregende und lebendige Welt ihrer Kuriosit\u00e4tenl\u00e4den, [&hellip;]\" \/>\n<meta property=\"og:url\" content=\"https:\/\/parizstitkai.hu\/de\/termek\/die-wunderbare-welt-der-passagen-der-pariser-glasdach-einkaufsstrassen-2\/\" \/>\n<meta property=\"og:site_name\" content=\"P\u00e1rizs Titkai\" \/>\n<meta property=\"article:publisher\" content=\"https:\/\/www.facebook.com\/parizstitkai\" \/>\n<meta property=\"article:modified_time\" content=\"2023-11-15T18:03:24+00:00\" \/>\n<meta property=\"og:image\" content=\"https:\/\/parizstitkai.hu\/wp-content\/uploads\/2019\/06\/IMG_20190322_114528-scaled.jpg\" \/>\n\t<meta property=\"og:image:width\" content=\"450\" \/>\n\t<meta property=\"og:image:height\" content=\"600\" \/>\n\t<meta property=\"og:image:type\" content=\"image\/jpeg\" \/>\n<meta name=\"twitter:card\" content=\"summary_large_image\" \/>\n<script type=\"application\/ld+json\" class=\"yoast-schema-graph\">{\"@context\":\"https:\\\/\\\/schema.org\",\"@graph\":[{\"@type\":\"WebPage\",\"@id\":\"https:\\\/\\\/parizstitkai.hu\\\/de\\\/termek\\\/die-wunderbare-welt-der-passagen-der-pariser-glasdach-einkaufsstrassen-2\\\/\",\"url\":\"https:\\\/\\\/parizstitkai.hu\\\/de\\\/termek\\\/die-wunderbare-welt-der-passagen-der-pariser-glasdach-einkaufsstrassen-2\\\/\",\"name\":\"Die wunderbare Welt der Passagen, der Pariser Glasdach-Einkaufsstra\u00dfen - P\u00e1rizs Titkai\",\"isPartOf\":{\"@id\":\"https:\\\/\\\/parizstitkai.hu\\\/de\\\/#website\"},\"primaryImageOfPage\":{\"@id\":\"https:\\\/\\\/parizstitkai.hu\\\/de\\\/termek\\\/die-wunderbare-welt-der-passagen-der-pariser-glasdach-einkaufsstrassen-2\\\/#primaryimage\"},\"image\":{\"@id\":\"https:\\\/\\\/parizstitkai.hu\\\/de\\\/termek\\\/die-wunderbare-welt-der-passagen-der-pariser-glasdach-einkaufsstrassen-2\\\/#primaryimage\"},\"thumbnailUrl\":\"https:\\\/\\\/parizstitkai.hu\\\/wp-content\\\/uploads\\\/2019\\\/06\\\/Vivienne-entree-rotated.jpg\",\"datePublished\":\"2019-06-25T04:30:11+00:00\",\"dateModified\":\"2023-11-15T18:03:24+00:00\",\"breadcrumb\":{\"@id\":\"https:\\\/\\\/parizstitkai.hu\\\/de\\\/termek\\\/die-wunderbare-welt-der-passagen-der-pariser-glasdach-einkaufsstrassen-2\\\/#breadcrumb\"},\"inLanguage\":\"de\",\"potentialAction\":[{\"@type\":\"ReadAction\",\"target\":[\"https:\\\/\\\/parizstitkai.hu\\\/de\\\/termek\\\/die-wunderbare-welt-der-passagen-der-pariser-glasdach-einkaufsstrassen-2\\\/\"]}]},{\"@type\":\"ImageObject\",\"inLanguage\":\"de\",\"@id\":\"https:\\\/\\\/parizstitkai.hu\\\/de\\\/termek\\\/die-wunderbare-welt-der-passagen-der-pariser-glasdach-einkaufsstrassen-2\\\/#primaryimage\",\"url\":\"https:\\\/\\\/parizstitkai.hu\\\/wp-content\\\/uploads\\\/2019\\\/06\\\/Vivienne-entree-rotated.jpg\",\"contentUrl\":\"https:\\\/\\\/parizstitkai.hu\\\/wp-content\\\/uploads\\\/2019\\\/06\\\/Vivienne-entree-rotated.jpg\",\"width\":532,\"height\":800},{\"@type\":\"BreadcrumbList\",\"@id\":\"https:\\\/\\\/parizstitkai.hu\\\/de\\\/termek\\\/die-wunderbare-welt-der-passagen-der-pariser-glasdach-einkaufsstrassen-2\\\/#breadcrumb\",\"itemListElement\":[{\"@type\":\"ListItem\",\"position\":1,\"name\":\"Kezd\u0151lap\",\"item\":\"https:\\\/\\\/parizstitkai.hu\\\/de\\\/fooldal\\\/\"},{\"@type\":\"ListItem\",\"position\":2,\"name\":\"Besichtigungstouren\",\"item\":\"https:\\\/\\\/parizstitkai.hu\\\/de\\\/besichtigungstouren\\\/\"},{\"@type\":\"ListItem\",\"position\":3,\"name\":\"Die wunderbare Welt der Passagen, der Pariser Glasdach-Einkaufsstra\u00dfen\"}]},{\"@type\":\"WebSite\",\"@id\":\"https:\\\/\\\/parizstitkai.hu\\\/de\\\/#website\",\"url\":\"https:\\\/\\\/parizstitkai.hu\\\/de\\\/\",\"name\":\"P\u00e1rizs Titkai\",\"description\":\"\",\"publisher\":{\"@id\":\"https:\\\/\\\/parizstitkai.hu\\\/de\\\/#\\\/schema\\\/person\\\/ab16a103201970a790d1d9964252f379\"},\"potentialAction\":[{\"@type\":\"SearchAction\",\"target\":{\"@type\":\"EntryPoint\",\"urlTemplate\":\"https:\\\/\\\/parizstitkai.hu\\\/de\\\/?s={search_term_string}\"},\"query-input\":{\"@type\":\"PropertyValueSpecification\",\"valueRequired\":true,\"valueName\":\"search_term_string\"}}],\"inLanguage\":\"de\"},{\"@type\":[\"Person\",\"Organization\"],\"@id\":\"https:\\\/\\\/parizstitkai.hu\\\/de\\\/#\\\/schema\\\/person\\\/ab16a103201970a790d1d9964252f379\",\"name\":\"Zolt\u00e1n\",\"image\":{\"@type\":\"ImageObject\",\"inLanguage\":\"de\",\"@id\":\"https:\\\/\\\/secure.gravatar.com\\\/avatar\\\/96490830190475a389e193b80ee6b529c3d617e65f60756051458ef19ff8ec32?s=96&d=mm&r=g\",\"url\":\"https:\\\/\\\/secure.gravatar.com\\\/avatar\\\/96490830190475a389e193b80ee6b529c3d617e65f60756051458ef19ff8ec32?s=96&d=mm&r=g\",\"contentUrl\":\"https:\\\/\\\/secure.gravatar.com\\\/avatar\\\/96490830190475a389e193b80ee6b529c3d617e65f60756051458ef19ff8ec32?s=96&d=mm&r=g\",\"caption\":\"Zolt\u00e1n\"},\"logo\":{\"@id\":\"https:\\\/\\\/secure.gravatar.com\\\/avatar\\\/96490830190475a389e193b80ee6b529c3d617e65f60756051458ef19ff8ec32?s=96&d=mm&r=g\"},\"sameAs\":[\"https:\\\/\\\/www.facebook.com\\\/parizstitkai\"]}]}<\/script>\n<!-- \/ Yoast SEO plugin. -->","yoast_head_json":{"title":"Die wunderbare Welt der Passagen, der Pariser Glasdach-Einkaufsstra\u00dfen - P\u00e1rizs Titkai","robots":{"index":"index","follow":"follow","max-snippet":"max-snippet:-1","max-image-preview":"max-image-preview:large","max-video-preview":"max-video-preview:-1"},"canonical":"https:\/\/parizstitkai.hu\/de\/termek\/die-wunderbare-welt-der-passagen-der-pariser-glasdach-einkaufsstrassen-2\/","og_locale":"de_DE","og_type":"article","og_title":"Die wunderbare Welt der Passagen, der Pariser Glasdach-Einkaufsstra\u00dfen - P\u00e1rizs Titkai","og_description":"Ob es regnet oder scheint, st\u00fcrmt oder donnert, es hei\u00dft nicht zu Hause zu bleiben, sondern mir zu folgen auf dieser ungew\u00f6hnlichen Stadtf\u00fchrung, um das \u201eUndercover\u201c -Paris zu entdecken. Lasst mich Euch die jahrhundertealte Geschichte der glas\u00fcberdachten Alleen erz\u00e4hlen, w\u00e4hrend wir durch diese historischen Einkaufsstra\u00dfen schlendern und die atmosph\u00e4rische, aufregende und lebendige Welt ihrer Kuriosit\u00e4tenl\u00e4den, [&hellip;]","og_url":"https:\/\/parizstitkai.hu\/de\/termek\/die-wunderbare-welt-der-passagen-der-pariser-glasdach-einkaufsstrassen-2\/","og_site_name":"P\u00e1rizs Titkai","article_publisher":"https:\/\/www.facebook.com\/parizstitkai","article_modified_time":"2023-11-15T18:03:24+00:00","og_image":[{"width":450,"height":600,"url":"https:\/\/parizstitkai.hu\/wp-content\/uploads\/2019\/06\/IMG_20190322_114528-scaled.jpg","type":"image\/jpeg"}],"twitter_card":"summary_large_image","schema":{"@context":"https:\/\/schema.org","@graph":[{"@type":"WebPage","@id":"https:\/\/parizstitkai.hu\/de\/termek\/die-wunderbare-welt-der-passagen-der-pariser-glasdach-einkaufsstrassen-2\/","url":"https:\/\/parizstitkai.hu\/de\/termek\/die-wunderbare-welt-der-passagen-der-pariser-glasdach-einkaufsstrassen-2\/","name":"Die wunderbare Welt der Passagen, der Pariser Glasdach-Einkaufsstra\u00dfen - P\u00e1rizs Titkai","isPartOf":{"@id":"https:\/\/parizstitkai.hu\/de\/#website"},"primaryImageOfPage":{"@id":"https:\/\/parizstitkai.hu\/de\/termek\/die-wunderbare-welt-der-passagen-der-pariser-glasdach-einkaufsstrassen-2\/#primaryimage"},"image":{"@id":"https:\/\/parizstitkai.hu\/de\/termek\/die-wunderbare-welt-der-passagen-der-pariser-glasdach-einkaufsstrassen-2\/#primaryimage"},"thumbnailUrl":"https:\/\/parizstitkai.hu\/wp-content\/uploads\/2019\/06\/Vivienne-entree-rotated.jpg","datePublished":"2019-06-25T04:30:11+00:00","dateModified":"2023-11-15T18:03:24+00:00","breadcrumb":{"@id":"https:\/\/parizstitkai.hu\/de\/termek\/die-wunderbare-welt-der-passagen-der-pariser-glasdach-einkaufsstrassen-2\/#breadcrumb"},"inLanguage":"de","potentialAction":[{"@type":"ReadAction","target":["https:\/\/parizstitkai.hu\/de\/termek\/die-wunderbare-welt-der-passagen-der-pariser-glasdach-einkaufsstrassen-2\/"]}]},{"@type":"ImageObject","inLanguage":"de","@id":"https:\/\/parizstitkai.hu\/de\/termek\/die-wunderbare-welt-der-passagen-der-pariser-glasdach-einkaufsstrassen-2\/#primaryimage","url":"https:\/\/parizstitkai.hu\/wp-content\/uploads\/2019\/06\/Vivienne-entree-rotated.jpg","contentUrl":"https:\/\/parizstitkai.hu\/wp-content\/uploads\/2019\/06\/Vivienne-entree-rotated.jpg","width":532,"height":800},{"@type":"BreadcrumbList","@id":"https:\/\/parizstitkai.hu\/de\/termek\/die-wunderbare-welt-der-passagen-der-pariser-glasdach-einkaufsstrassen-2\/#breadcrumb","itemListElement":[{"@type":"ListItem","position":1,"name":"Kezd\u0151lap","item":"https:\/\/parizstitkai.hu\/de\/fooldal\/"},{"@type":"ListItem","position":2,"name":"Besichtigungstouren","item":"https:\/\/parizstitkai.hu\/de\/besichtigungstouren\/"},{"@type":"ListItem","position":3,"name":"Die wunderbare Welt der Passagen, der Pariser Glasdach-Einkaufsstra\u00dfen"}]},{"@type":"WebSite","@id":"https:\/\/parizstitkai.hu\/de\/#website","url":"https:\/\/parizstitkai.hu\/de\/","name":"P\u00e1rizs Titkai","description":"","publisher":{"@id":"https:\/\/parizstitkai.hu\/de\/#\/schema\/person\/ab16a103201970a790d1d9964252f379"},"potentialAction":[{"@type":"SearchAction","target":{"@type":"EntryPoint","urlTemplate":"https:\/\/parizstitkai.hu\/de\/?s={search_term_string}"},"query-input":{"@type":"PropertyValueSpecification","valueRequired":true,"valueName":"search_term_string"}}],"inLanguage":"de"},{"@type":["Person","Organization"],"@id":"https:\/\/parizstitkai.hu\/de\/#\/schema\/person\/ab16a103201970a790d1d9964252f379","name":"Zolt\u00e1n","image":{"@type":"ImageObject","inLanguage":"de","@id":"https:\/\/secure.gravatar.com\/avatar\/96490830190475a389e193b80ee6b529c3d617e65f60756051458ef19ff8ec32?s=96&d=mm&r=g","url":"https:\/\/secure.gravatar.com\/avatar\/96490830190475a389e193b80ee6b529c3d617e65f60756051458ef19ff8ec32?s=96&d=mm&r=g","contentUrl":"https:\/\/secure.gravatar.com\/avatar\/96490830190475a389e193b80ee6b529c3d617e65f60756051458ef19ff8ec32?s=96&d=mm&r=g","caption":"Zolt\u00e1n"},"logo":{"@id":"https:\/\/secure.gravatar.com\/avatar\/96490830190475a389e193b80ee6b529c3d617e65f60756051458ef19ff8ec32?s=96&d=mm&r=g"},"sameAs":["https:\/\/www.facebook.com\/parizstitkai"]}]}},"_links":{"self":[{"href":"https:\/\/parizstitkai.hu\/de\/wp-json\/wp\/v2\/product\/3213","targetHints":{"allow":["GET"]}}],"collection":[{"href":"https:\/\/parizstitkai.hu\/de\/wp-json\/wp\/v2\/product"}],"about":[{"href":"https:\/\/parizstitkai.hu\/de\/wp-json\/wp\/v2\/types\/product"}],"replies":[{"embeddable":true,"href":"https:\/\/parizstitkai.hu\/de\/wp-json\/wp\/v2\/comments?post=3213"}],"wp:featuredmedia":[{"embeddable":true,"href":"https:\/\/parizstitkai.hu\/de\/wp-json\/wp\/v2\/media\/3976"}],"wp:attachment":[{"href":"https:\/\/parizstitkai.hu\/de\/wp-json\/wp\/v2\/media?parent=3213"}],"wp:term":[{"taxonomy":"product_cat","embeddable":true,"href":"https:\/\/parizstitkai.hu\/de\/wp-json\/wp\/v2\/product_cat?post=3213"},{"taxonomy":"product_tag","embeddable":true,"href":"https:\/\/parizstitkai.hu\/de\/wp-json\/wp\/v2\/product_tag?post=3213"}],"curies":[{"name":"wp","href":"https:\/\/api.w.org\/{rel}","templated":true}]}}