{"id":3234,"date":"2021-11-30T14:47:13","date_gmt":"2021-11-30T13:47:13","guid":{"rendered":"https:\/\/parizstitkai.hu\/?post_type=product&#038;p=3234"},"modified":"2023-11-17T17:43:34","modified_gmt":"2023-11-17T16:43:34","slug":"erste-eindruecke-von-paris-geschenkgutschein","status":"publish","type":"product","link":"https:\/\/parizstitkai.hu\/de\/termek\/erste-eindruecke-von-paris-geschenkgutschein\/","title":{"rendered":"Erste Eindr\u00fccke von Paris &#8211; Geschenkgutschein"},"content":{"rendered":"<p style=\"text-align: justify;\">Die Tour dauert etwa einen halben Tag (ca. 4 Stunden) und f\u00fchrt die Teilnehmer zu den wichtigsten Sehensw\u00fcrdigkeiten (zur Notre-Dame Kathedrale, zur Pont-Neuf Br\u00fccke, auf die Ufer der Seine, zum Louvre und den Jardins des Tuileries, zum Concorde-Platz, zur Champs-\u00c9lys\u00e9es, zum Triumphbogen und zum Eiffelturm).<\/p>\n<p style=\"text-align: justify;\">Die konkrete Route und das Programm k\u00f6nnen im Vorfeld individuell zusammengestellt und den Anspr\u00fcchen der Teilnehmer angepasst werden (je nach verf\u00fcgbarem Zeitrahmen).<\/p>\n<p style=\"text-align: justify;\">Die F\u00fchrung kann auch als besondere \u00dcberraschung an Familienmitglieder und Freunde als Geschenk gegeben werden, auf Wunsch erstellen wir einen einzigartigen Geschenkgutschein.<\/p>\n<p style=\"text-align: justify;\">(Im oben genannten Preis sind keine Eintrittsgeb\u00fchren f\u00fcr Museen oder Denkm\u00e4ler, Transportkosten oder Restaurierungskosten enthalten.)<\/p>\n","protected":false},"excerpt":{"rendered":"<p>Die Tour dauert etwa einen halben Tag (ca. 4 Stunden) und f\u00fchrt die Teilnehmer zu den wichtigsten Sehensw\u00fcrdigkeiten (zur Notre-Dame Kathedrale, zur Pont-Neuf Br\u00fccke, auf die Ufer der Seine, zum Louvre und den Jardins des Tuileries, zum Concorde-Platz, zur Champs-\u00c9lys\u00e9es, zum Triumphbogen und zum Eiffelturm). Die konkrete Route und das Programm k\u00f6nnen im Vorfeld individuell [&hellip;]<\/p>\n","protected":false},"featured_media":1116,"comment_status":"open","ping_status":"closed","template":"","meta":[],"product_cat":[167],"product_tag":[],"class_list":{"0":"post-3234","1":"product","2":"type-product","3":"status-publish","4":"has-post-thumbnail","6":"product_cat-besichtigungstouren","8":"first","9":"instock","10":"shipping-taxable","11":"purchasable","12":"product-type-variable"},"yoast_head":"<!-- This site is optimized with the Yoast SEO plugin v27.3 - https:\/\/yoast.com\/product\/yoast-seo-wordpress\/ -->\n<title>Erste Eindr\u00fccke von Paris - Geschenkgutschein - P\u00e1rizs Titkai<\/title>\n<meta name=\"robots\" content=\"index, follow, max-snippet:-1, max-image-preview:large, max-video-preview:-1\" \/>\n<link rel=\"canonical\" href=\"https:\/\/parizstitkai.hu\/de\/termek\/erste-eindruecke-von-paris-geschenkgutschein\/\" \/>\n<meta property=\"og:locale\" content=\"de_DE\" \/>\n<meta property=\"og:type\" content=\"article\" \/>\n<meta property=\"og:title\" content=\"Erste Eindr\u00fccke von Paris - Geschenkgutschein - P\u00e1rizs Titkai\" \/>\n<meta property=\"og:description\" content=\"Die Tour dauert etwa einen halben Tag (ca. 4 Stunden) und f\u00fchrt die Teilnehmer zu den wichtigsten Sehensw\u00fcrdigkeiten (zur Notre-Dame Kathedrale, zur Pont-Neuf Br\u00fccke, auf die Ufer der Seine, zum Louvre und den Jardins des Tuileries, zum Concorde-Platz, zur Champs-\u00c9lys\u00e9es, zum Triumphbogen und zum Eiffelturm). Die konkrete Route und das Programm k\u00f6nnen im Vorfeld individuell [&hellip;]\" \/>\n<meta property=\"og:url\" content=\"https:\/\/parizstitkai.hu\/de\/termek\/erste-eindruecke-von-paris-geschenkgutschein\/\" \/>\n<meta property=\"og:site_name\" content=\"P\u00e1rizs Titkai\" \/>\n<meta property=\"article:publisher\" content=\"https:\/\/www.facebook.com\/parizstitkai\" \/>\n<meta property=\"article:modified_time\" content=\"2023-11-17T16:43:34+00:00\" \/>\n<meta property=\"og:image\" content=\"https:\/\/parizstitkai.hu\/wp-content\/uploads\/2019\/07\/Paris-magnet-scaled.jpg\" \/>\n\t<meta property=\"og:image:width\" content=\"450\" \/>\n\t<meta property=\"og:image:height\" content=\"600\" \/>\n\t<meta property=\"og:image:type\" content=\"image\/jpeg\" \/>\n<meta name=\"twitter:card\" content=\"summary_large_image\" \/>\n<meta name=\"twitter:label1\" content=\"Gesch\u00e4tzte Lesezeit\" \/>\n\t<meta name=\"twitter:data1\" content=\"1\u00a0Minute\" \/>\n<script type=\"application\/ld+json\" class=\"yoast-schema-graph\">{\"@context\":\"https:\\\/\\\/schema.org\",\"@graph\":[{\"@type\":\"WebPage\",\"@id\":\"https:\\\/\\\/parizstitkai.hu\\\/de\\\/termek\\\/erste-eindruecke-von-paris-geschenkgutschein\\\/\",\"url\":\"https:\\\/\\\/parizstitkai.hu\\\/de\\\/termek\\\/erste-eindruecke-von-paris-geschenkgutschein\\\/\",\"name\":\"Erste Eindr\u00fccke von Paris - Geschenkgutschein - P\u00e1rizs Titkai\",\"isPartOf\":{\"@id\":\"https:\\\/\\\/parizstitkai.hu\\\/de\\\/#website\"},\"primaryImageOfPage\":{\"@id\":\"https:\\\/\\\/parizstitkai.hu\\\/de\\\/termek\\\/erste-eindruecke-von-paris-geschenkgutschein\\\/#primaryimage\"},\"image\":{\"@id\":\"https:\\\/\\\/parizstitkai.hu\\\/de\\\/termek\\\/erste-eindruecke-von-paris-geschenkgutschein\\\/#primaryimage\"},\"thumbnailUrl\":\"https:\\\/\\\/parizstitkai.hu\\\/wp-content\\\/uploads\\\/2019\\\/07\\\/Paris-magnet-scaled.jpg\",\"datePublished\":\"2021-11-30T13:47:13+00:00\",\"dateModified\":\"2023-11-17T16:43:34+00:00\",\"breadcrumb\":{\"@id\":\"https:\\\/\\\/parizstitkai.hu\\\/de\\\/termek\\\/erste-eindruecke-von-paris-geschenkgutschein\\\/#breadcrumb\"},\"inLanguage\":\"de\",\"potentialAction\":[{\"@type\":\"ReadAction\",\"target\":[\"https:\\\/\\\/parizstitkai.hu\\\/de\\\/termek\\\/erste-eindruecke-von-paris-geschenkgutschein\\\/\"]}]},{\"@type\":\"ImageObject\",\"inLanguage\":\"de\",\"@id\":\"https:\\\/\\\/parizstitkai.hu\\\/de\\\/termek\\\/erste-eindruecke-von-paris-geschenkgutschein\\\/#primaryimage\",\"url\":\"https:\\\/\\\/parizstitkai.hu\\\/wp-content\\\/uploads\\\/2019\\\/07\\\/Paris-magnet-scaled.jpg\",\"contentUrl\":\"https:\\\/\\\/parizstitkai.hu\\\/wp-content\\\/uploads\\\/2019\\\/07\\\/Paris-magnet-scaled.jpg\",\"width\":450,\"height\":600},{\"@type\":\"BreadcrumbList\",\"@id\":\"https:\\\/\\\/parizstitkai.hu\\\/de\\\/termek\\\/erste-eindruecke-von-paris-geschenkgutschein\\\/#breadcrumb\",\"itemListElement\":[{\"@type\":\"ListItem\",\"position\":1,\"name\":\"Kezd\u0151lap\",\"item\":\"https:\\\/\\\/parizstitkai.hu\\\/de\\\/fooldal\\\/\"},{\"@type\":\"ListItem\",\"position\":2,\"name\":\"Besichtigungstouren\",\"item\":\"https:\\\/\\\/parizstitkai.hu\\\/de\\\/besichtigungstouren\\\/\"},{\"@type\":\"ListItem\",\"position\":3,\"name\":\"Erste Eindr\u00fccke von Paris &#8211; Geschenkgutschein\"}]},{\"@type\":\"WebSite\",\"@id\":\"https:\\\/\\\/parizstitkai.hu\\\/de\\\/#website\",\"url\":\"https:\\\/\\\/parizstitkai.hu\\\/de\\\/\",\"name\":\"P\u00e1rizs Titkai\",\"description\":\"\",\"publisher\":{\"@id\":\"https:\\\/\\\/parizstitkai.hu\\\/de\\\/#\\\/schema\\\/person\\\/ab16a103201970a790d1d9964252f379\"},\"potentialAction\":[{\"@type\":\"SearchAction\",\"target\":{\"@type\":\"EntryPoint\",\"urlTemplate\":\"https:\\\/\\\/parizstitkai.hu\\\/de\\\/?s={search_term_string}\"},\"query-input\":{\"@type\":\"PropertyValueSpecification\",\"valueRequired\":true,\"valueName\":\"search_term_string\"}}],\"inLanguage\":\"de\"},{\"@type\":[\"Person\",\"Organization\"],\"@id\":\"https:\\\/\\\/parizstitkai.hu\\\/de\\\/#\\\/schema\\\/person\\\/ab16a103201970a790d1d9964252f379\",\"name\":\"Zolt\u00e1n\",\"image\":{\"@type\":\"ImageObject\",\"inLanguage\":\"de\",\"@id\":\"https:\\\/\\\/secure.gravatar.com\\\/avatar\\\/96490830190475a389e193b80ee6b529c3d617e65f60756051458ef19ff8ec32?s=96&d=mm&r=g\",\"url\":\"https:\\\/\\\/secure.gravatar.com\\\/avatar\\\/96490830190475a389e193b80ee6b529c3d617e65f60756051458ef19ff8ec32?s=96&d=mm&r=g\",\"contentUrl\":\"https:\\\/\\\/secure.gravatar.com\\\/avatar\\\/96490830190475a389e193b80ee6b529c3d617e65f60756051458ef19ff8ec32?s=96&d=mm&r=g\",\"caption\":\"Zolt\u00e1n\"},\"logo\":{\"@id\":\"https:\\\/\\\/secure.gravatar.com\\\/avatar\\\/96490830190475a389e193b80ee6b529c3d617e65f60756051458ef19ff8ec32?s=96&d=mm&r=g\"},\"sameAs\":[\"https:\\\/\\\/www.facebook.com\\\/parizstitkai\"]}]}<\/script>\n<!-- \/ Yoast SEO plugin. -->","yoast_head_json":{"title":"Erste Eindr\u00fccke von Paris - Geschenkgutschein - P\u00e1rizs Titkai","robots":{"index":"index","follow":"follow","max-snippet":"max-snippet:-1","max-image-preview":"max-image-preview:large","max-video-preview":"max-video-preview:-1"},"canonical":"https:\/\/parizstitkai.hu\/de\/termek\/erste-eindruecke-von-paris-geschenkgutschein\/","og_locale":"de_DE","og_type":"article","og_title":"Erste Eindr\u00fccke von Paris - Geschenkgutschein - P\u00e1rizs Titkai","og_description":"Die Tour dauert etwa einen halben Tag (ca. 4 Stunden) und f\u00fchrt die Teilnehmer zu den wichtigsten Sehensw\u00fcrdigkeiten (zur Notre-Dame Kathedrale, zur Pont-Neuf Br\u00fccke, auf die Ufer der Seine, zum Louvre und den Jardins des Tuileries, zum Concorde-Platz, zur Champs-\u00c9lys\u00e9es, zum Triumphbogen und zum Eiffelturm). Die konkrete Route und das Programm k\u00f6nnen im Vorfeld individuell [&hellip;]","og_url":"https:\/\/parizstitkai.hu\/de\/termek\/erste-eindruecke-von-paris-geschenkgutschein\/","og_site_name":"P\u00e1rizs Titkai","article_publisher":"https:\/\/www.facebook.com\/parizstitkai","article_modified_time":"2023-11-17T16:43:34+00:00","og_image":[{"width":450,"height":600,"url":"https:\/\/parizstitkai.hu\/wp-content\/uploads\/2019\/07\/Paris-magnet-scaled.jpg","type":"image\/jpeg"}],"twitter_card":"summary_large_image","twitter_misc":{"Gesch\u00e4tzte Lesezeit":"1\u00a0Minute"},"schema":{"@context":"https:\/\/schema.org","@graph":[{"@type":"WebPage","@id":"https:\/\/parizstitkai.hu\/de\/termek\/erste-eindruecke-von-paris-geschenkgutschein\/","url":"https:\/\/parizstitkai.hu\/de\/termek\/erste-eindruecke-von-paris-geschenkgutschein\/","name":"Erste Eindr\u00fccke von Paris - Geschenkgutschein - P\u00e1rizs Titkai","isPartOf":{"@id":"https:\/\/parizstitkai.hu\/de\/#website"},"primaryImageOfPage":{"@id":"https:\/\/parizstitkai.hu\/de\/termek\/erste-eindruecke-von-paris-geschenkgutschein\/#primaryimage"},"image":{"@id":"https:\/\/parizstitkai.hu\/de\/termek\/erste-eindruecke-von-paris-geschenkgutschein\/#primaryimage"},"thumbnailUrl":"https:\/\/parizstitkai.hu\/wp-content\/uploads\/2019\/07\/Paris-magnet-scaled.jpg","datePublished":"2021-11-30T13:47:13+00:00","dateModified":"2023-11-17T16:43:34+00:00","breadcrumb":{"@id":"https:\/\/parizstitkai.hu\/de\/termek\/erste-eindruecke-von-paris-geschenkgutschein\/#breadcrumb"},"inLanguage":"de","potentialAction":[{"@type":"ReadAction","target":["https:\/\/parizstitkai.hu\/de\/termek\/erste-eindruecke-von-paris-geschenkgutschein\/"]}]},{"@type":"ImageObject","inLanguage":"de","@id":"https:\/\/parizstitkai.hu\/de\/termek\/erste-eindruecke-von-paris-geschenkgutschein\/#primaryimage","url":"https:\/\/parizstitkai.hu\/wp-content\/uploads\/2019\/07\/Paris-magnet-scaled.jpg","contentUrl":"https:\/\/parizstitkai.hu\/wp-content\/uploads\/2019\/07\/Paris-magnet-scaled.jpg","width":450,"height":600},{"@type":"BreadcrumbList","@id":"https:\/\/parizstitkai.hu\/de\/termek\/erste-eindruecke-von-paris-geschenkgutschein\/#breadcrumb","itemListElement":[{"@type":"ListItem","position":1,"name":"Kezd\u0151lap","item":"https:\/\/parizstitkai.hu\/de\/fooldal\/"},{"@type":"ListItem","position":2,"name":"Besichtigungstouren","item":"https:\/\/parizstitkai.hu\/de\/besichtigungstouren\/"},{"@type":"ListItem","position":3,"name":"Erste Eindr\u00fccke von Paris &#8211; Geschenkgutschein"}]},{"@type":"WebSite","@id":"https:\/\/parizstitkai.hu\/de\/#website","url":"https:\/\/parizstitkai.hu\/de\/","name":"P\u00e1rizs Titkai","description":"","publisher":{"@id":"https:\/\/parizstitkai.hu\/de\/#\/schema\/person\/ab16a103201970a790d1d9964252f379"},"potentialAction":[{"@type":"SearchAction","target":{"@type":"EntryPoint","urlTemplate":"https:\/\/parizstitkai.hu\/de\/?s={search_term_string}"},"query-input":{"@type":"PropertyValueSpecification","valueRequired":true,"valueName":"search_term_string"}}],"inLanguage":"de"},{"@type":["Person","Organization"],"@id":"https:\/\/parizstitkai.hu\/de\/#\/schema\/person\/ab16a103201970a790d1d9964252f379","name":"Zolt\u00e1n","image":{"@type":"ImageObject","inLanguage":"de","@id":"https:\/\/secure.gravatar.com\/avatar\/96490830190475a389e193b80ee6b529c3d617e65f60756051458ef19ff8ec32?s=96&d=mm&r=g","url":"https:\/\/secure.gravatar.com\/avatar\/96490830190475a389e193b80ee6b529c3d617e65f60756051458ef19ff8ec32?s=96&d=mm&r=g","contentUrl":"https:\/\/secure.gravatar.com\/avatar\/96490830190475a389e193b80ee6b529c3d617e65f60756051458ef19ff8ec32?s=96&d=mm&r=g","caption":"Zolt\u00e1n"},"logo":{"@id":"https:\/\/secure.gravatar.com\/avatar\/96490830190475a389e193b80ee6b529c3d617e65f60756051458ef19ff8ec32?s=96&d=mm&r=g"},"sameAs":["https:\/\/www.facebook.com\/parizstitkai"]}]}},"_links":{"self":[{"href":"https:\/\/parizstitkai.hu\/de\/wp-json\/wp\/v2\/product\/3234","targetHints":{"allow":["GET"]}}],"collection":[{"href":"https:\/\/parizstitkai.hu\/de\/wp-json\/wp\/v2\/product"}],"about":[{"href":"https:\/\/parizstitkai.hu\/de\/wp-json\/wp\/v2\/types\/product"}],"replies":[{"embeddable":true,"href":"https:\/\/parizstitkai.hu\/de\/wp-json\/wp\/v2\/comments?post=3234"}],"wp:featuredmedia":[{"embeddable":true,"href":"https:\/\/parizstitkai.hu\/de\/wp-json\/wp\/v2\/media\/1116"}],"wp:attachment":[{"href":"https:\/\/parizstitkai.hu\/de\/wp-json\/wp\/v2\/media?parent=3234"}],"wp:term":[{"taxonomy":"product_cat","embeddable":true,"href":"https:\/\/parizstitkai.hu\/de\/wp-json\/wp\/v2\/product_cat?post=3234"},{"taxonomy":"product_tag","embeddable":true,"href":"https:\/\/parizstitkai.hu\/de\/wp-json\/wp\/v2\/product_tag?post=3234"}],"curies":[{"name":"wp","href":"https:\/\/api.w.org\/{rel}","templated":true}]}}