{"id":3247,"date":"2022-03-17T10:57:29","date_gmt":"2022-03-17T09:57:29","guid":{"rendered":"https:\/\/parizstitkai.hu\/?post_type=product&#038;p=3247"},"modified":"2026-01-23T13:54:11","modified_gmt":"2026-01-23T12:54:11","slug":"fahrrad-stadtbesichtigungstour","status":"publish","type":"product","link":"https:\/\/parizstitkai.hu\/de\/termek\/fahrrad-stadtbesichtigungstour\/","title":{"rendered":"Fahrrad-Stadtbesichtigungstour"},"content":{"rendered":"<p>In den letzten Jahren wurden in Paris viele gesch\u00fctzte Radwege gebaut, dank dessen heute viele Menschen auf zwei R\u00e4dern unterwegs sind, sei es mit herk\u00f6mmlichen oder elektrischen Fahrr\u00e4dern oder sogar mit Elektrorollern. Die Stadt l\u00e4sst sich gut mit dem Fahrrad erkunden, da das Gel\u00e4nde mit der Ausnahme von Montmartre fast v\u00f6llig flach ist und innerhalb der Stadt gibt es keine gro\u00dfen Entfernungen zu \u00fcberbr\u00fccken.<br \/>\nDie deutschprachige Fahrrad-Besichtigungstour von Stadtf\u00fchrungen in Paris f\u00fchrt an den gr\u00f6\u00dften Sehensw\u00fcrdigkeiten vorbei: Im kunterbunten Marais-Viertel bewundern wir den Place des Vosges, dann fahren wir am schloss\u00e4hnlichen Rathaus vorbei, auf der Insel der Cit\u00e9 w\u00fcnschen wir Notre-Dame eine schnelle Genesung, wir \u00fcberqueren die sch\u00f6nsten Br\u00fccken der Seine, wir n\u00e4hern uns der Glaspyramide des Louvre durch eine Geheimpassage, wir setzen unsere Tour von der goldenen Kuppel des Invalidendoms in Richtung Eiffelturm fort und wir verpassen den Triumphbogen, die Champs-\u00c9lys\u00e9es und die Place de la Concorde nat\u00fcrlich auch nicht. Auf dem Programm steht auch eine kurze Mittagspause in einer echten franz\u00f6sischen (bretonischen) Cr\u00eaperie.<br \/>\nNachfolgend findet Ihr stimmungsvolle Videobeitr\u00e4ge fr\u00fcherer Radtouren:<\/p>\n<p><a href=\"https:\/\/www.youtube.com\/watch?v=BXaXPSSuLfA&amp;fbclid=IwAR1e1yPgevMGkiozMzasMKIAfWa2JF928WX3L_Dwo1JyRw6YWNVIYdoi0nI\">https:\/\/www.youtube.com\/watch?v=BXaXPSSuLfA<\/a><\/p>\n<p><a href=\"https:\/\/drive.google.com\/file\/d\/1-s2a64W0YkP9ZyAivbq9gDGJEorv9mi5\/view?usp=sharing&amp;fbclid=IwAR06Ui2rYA-4gD1mtbScH3jjLAvPnlQbULCYFvS4OKkORlS7qKHnrbN_RHA\">https:\/\/drive.google.com\/file\/d\/1-s2a64W0YkP9ZyAivbq9gDGJEorv9mi5\/view?usp=sharing<\/a><\/p>\n<p>Dauer der Tour: 6-7 Stunden.<br \/>\nSchwierigkeitsgrad: einfach, erfordert keine Anstrengung<br \/>\nEmpfohlenes Alter: zwischen 6 und 99 Jahren<br \/>\nFahrr\u00e4der: 4-Gang-Unisex-Stadtfahrr\u00e4der, verschiedene kleinere Gr\u00f6\u00dfen f\u00fcr Kinder auf Anfrage erh\u00e4ltlich. Auf Anfrage und gegen Aufpreis sind auch Elektrofahrr\u00e4der erh\u00e4ltlich.<br \/>\nTeilnahmegeb\u00fchr: 60 \u20ac pro Person, darin enthalten sind der Verleih von Fahrr\u00e4dern und deren Zubeh\u00f6r (Korb, Helm, Schloss) und die Fremdenf\u00fchrung (Mahlzeiten oder andere individuelle Ausgaben sind nicht inbegriffen)<br \/>\nMindestteilnehmerzahl: 5 (F\u00fchrungen f\u00fcr weniger Teilnehmer werden zu individuellen Tarifen angeboten)<\/p>\n","protected":false},"excerpt":{"rendered":"<p>In den letzten Jahren wurden in Paris viele gesch\u00fctzte Radwege gebaut, dank dessen heute viele Menschen auf zwei R\u00e4dern unterwegs sind, sei es mit herk\u00f6mmlichen oder elektrischen Fahrr\u00e4dern oder sogar mit Elektrorollern. Die Stadt l\u00e4sst sich gut mit dem Fahrrad erkunden, da das Gel\u00e4nde mit der Ausnahme von Montmartre fast v\u00f6llig flach ist und innerhalb [&hellip;]<\/p>\n","protected":false},"featured_media":4072,"comment_status":"open","ping_status":"closed","template":"","meta":[],"product_cat":[172],"product_tag":[],"class_list":{"0":"post-3247","1":"product","2":"type-product","3":"status-publish","4":"has-post-thumbnail","6":"product_cat-erlebnistouren","8":"first","9":"instock","10":"shipping-taxable","11":"purchasable","12":"product-type-variable"},"yoast_head":"<!-- This site is optimized with the Yoast SEO plugin v27.5 - https:\/\/yoast.com\/product\/yoast-seo-wordpress\/ -->\n<title>Fahrrad-Stadtbesichtigungstour - P\u00e1rizs Titkai<\/title>\n<meta name=\"robots\" content=\"index, follow, max-snippet:-1, max-image-preview:large, max-video-preview:-1\" \/>\n<link rel=\"canonical\" href=\"https:\/\/parizstitkai.hu\/de\/termek\/fahrrad-stadtbesichtigungstour\/\" \/>\n<meta property=\"og:locale\" content=\"de_DE\" \/>\n<meta property=\"og:type\" content=\"article\" \/>\n<meta property=\"og:title\" content=\"Fahrrad-Stadtbesichtigungstour - P\u00e1rizs Titkai\" \/>\n<meta property=\"og:description\" content=\"In den letzten Jahren wurden in Paris viele gesch\u00fctzte Radwege gebaut, dank dessen heute viele Menschen auf zwei R\u00e4dern unterwegs sind, sei es mit herk\u00f6mmlichen oder elektrischen Fahrr\u00e4dern oder sogar mit Elektrorollern. Die Stadt l\u00e4sst sich gut mit dem Fahrrad erkunden, da das Gel\u00e4nde mit der Ausnahme von Montmartre fast v\u00f6llig flach ist und innerhalb [&hellip;]\" \/>\n<meta property=\"og:url\" content=\"https:\/\/parizstitkai.hu\/de\/termek\/fahrrad-stadtbesichtigungstour\/\" \/>\n<meta property=\"og:site_name\" content=\"P\u00e1rizs Titkai\" \/>\n<meta property=\"article:publisher\" content=\"https:\/\/www.facebook.com\/parizstitkai\" \/>\n<meta property=\"article:modified_time\" content=\"2026-01-23T12:54:11+00:00\" \/>\n<meta property=\"og:image\" content=\"https:\/\/parizstitkai.hu\/wp-content\/uploads\/2022\/03\/279723018_411612847145869_2327849193765776200_n.jpg\" \/>\n\t<meta property=\"og:image:width\" content=\"800\" \/>\n\t<meta property=\"og:image:height\" content=\"600\" \/>\n\t<meta property=\"og:image:type\" content=\"image\/jpeg\" \/>\n<meta name=\"twitter:card\" content=\"summary_large_image\" \/>\n<meta name=\"twitter:label1\" content=\"Gesch\u00e4tzte Lesezeit\" \/>\n\t<meta name=\"twitter:data1\" content=\"2\u00a0Minuten\" \/>\n<script type=\"application\/ld+json\" class=\"yoast-schema-graph\">{\"@context\":\"https:\\\/\\\/schema.org\",\"@graph\":[{\"@type\":\"WebPage\",\"@id\":\"https:\\\/\\\/parizstitkai.hu\\\/de\\\/termek\\\/fahrrad-stadtbesichtigungstour\\\/\",\"url\":\"https:\\\/\\\/parizstitkai.hu\\\/de\\\/termek\\\/fahrrad-stadtbesichtigungstour\\\/\",\"name\":\"Fahrrad-Stadtbesichtigungstour - P\u00e1rizs Titkai\",\"isPartOf\":{\"@id\":\"https:\\\/\\\/parizstitkai.hu\\\/de\\\/#website\"},\"primaryImageOfPage\":{\"@id\":\"https:\\\/\\\/parizstitkai.hu\\\/de\\\/termek\\\/fahrrad-stadtbesichtigungstour\\\/#primaryimage\"},\"image\":{\"@id\":\"https:\\\/\\\/parizstitkai.hu\\\/de\\\/termek\\\/fahrrad-stadtbesichtigungstour\\\/#primaryimage\"},\"thumbnailUrl\":\"https:\\\/\\\/parizstitkai.hu\\\/wp-content\\\/uploads\\\/2022\\\/03\\\/Diadaliv-kulloperspektiva-rotated.jpg\",\"datePublished\":\"2022-03-17T09:57:29+00:00\",\"dateModified\":\"2026-01-23T12:54:11+00:00\",\"breadcrumb\":{\"@id\":\"https:\\\/\\\/parizstitkai.hu\\\/de\\\/termek\\\/fahrrad-stadtbesichtigungstour\\\/#breadcrumb\"},\"inLanguage\":\"de\",\"potentialAction\":[{\"@type\":\"ReadAction\",\"target\":[\"https:\\\/\\\/parizstitkai.hu\\\/de\\\/termek\\\/fahrrad-stadtbesichtigungstour\\\/\"]}]},{\"@type\":\"ImageObject\",\"inLanguage\":\"de\",\"@id\":\"https:\\\/\\\/parizstitkai.hu\\\/de\\\/termek\\\/fahrrad-stadtbesichtigungstour\\\/#primaryimage\",\"url\":\"https:\\\/\\\/parizstitkai.hu\\\/wp-content\\\/uploads\\\/2022\\\/03\\\/Diadaliv-kulloperspektiva-rotated.jpg\",\"contentUrl\":\"https:\\\/\\\/parizstitkai.hu\\\/wp-content\\\/uploads\\\/2022\\\/03\\\/Diadaliv-kulloperspektiva-rotated.jpg\",\"width\":600,\"height\":800},{\"@type\":\"BreadcrumbList\",\"@id\":\"https:\\\/\\\/parizstitkai.hu\\\/de\\\/termek\\\/fahrrad-stadtbesichtigungstour\\\/#breadcrumb\",\"itemListElement\":[{\"@type\":\"ListItem\",\"position\":1,\"name\":\"Kezd\u0151lap\",\"item\":\"https:\\\/\\\/parizstitkai.hu\\\/de\\\/fooldal\\\/\"},{\"@type\":\"ListItem\",\"position\":2,\"name\":\"Besichtigungstouren\",\"item\":\"https:\\\/\\\/parizstitkai.hu\\\/de\\\/besichtigungstouren\\\/\"},{\"@type\":\"ListItem\",\"position\":3,\"name\":\"Fahrrad-Stadtbesichtigungstour\"}]},{\"@type\":\"WebSite\",\"@id\":\"https:\\\/\\\/parizstitkai.hu\\\/de\\\/#website\",\"url\":\"https:\\\/\\\/parizstitkai.hu\\\/de\\\/\",\"name\":\"P\u00e1rizs Titkai\",\"description\":\"\",\"publisher\":{\"@id\":\"https:\\\/\\\/parizstitkai.hu\\\/de\\\/#\\\/schema\\\/person\\\/ab16a103201970a790d1d9964252f379\"},\"potentialAction\":[{\"@type\":\"SearchAction\",\"target\":{\"@type\":\"EntryPoint\",\"urlTemplate\":\"https:\\\/\\\/parizstitkai.hu\\\/de\\\/?s={search_term_string}\"},\"query-input\":{\"@type\":\"PropertyValueSpecification\",\"valueRequired\":true,\"valueName\":\"search_term_string\"}}],\"inLanguage\":\"de\"},{\"@type\":[\"Person\",\"Organization\"],\"@id\":\"https:\\\/\\\/parizstitkai.hu\\\/de\\\/#\\\/schema\\\/person\\\/ab16a103201970a790d1d9964252f379\",\"name\":\"Zolt\u00e1n\",\"image\":{\"@type\":\"ImageObject\",\"inLanguage\":\"de\",\"@id\":\"https:\\\/\\\/secure.gravatar.com\\\/avatar\\\/96490830190475a389e193b80ee6b529c3d617e65f60756051458ef19ff8ec32?s=96&d=mm&r=g\",\"url\":\"https:\\\/\\\/secure.gravatar.com\\\/avatar\\\/96490830190475a389e193b80ee6b529c3d617e65f60756051458ef19ff8ec32?s=96&d=mm&r=g\",\"contentUrl\":\"https:\\\/\\\/secure.gravatar.com\\\/avatar\\\/96490830190475a389e193b80ee6b529c3d617e65f60756051458ef19ff8ec32?s=96&d=mm&r=g\",\"caption\":\"Zolt\u00e1n\"},\"logo\":{\"@id\":\"https:\\\/\\\/secure.gravatar.com\\\/avatar\\\/96490830190475a389e193b80ee6b529c3d617e65f60756051458ef19ff8ec32?s=96&d=mm&r=g\"},\"sameAs\":[\"https:\\\/\\\/www.facebook.com\\\/parizstitkai\"]}]}<\/script>\n<!-- \/ Yoast SEO plugin. -->","yoast_head_json":{"title":"Fahrrad-Stadtbesichtigungstour - P\u00e1rizs Titkai","robots":{"index":"index","follow":"follow","max-snippet":"max-snippet:-1","max-image-preview":"max-image-preview:large","max-video-preview":"max-video-preview:-1"},"canonical":"https:\/\/parizstitkai.hu\/de\/termek\/fahrrad-stadtbesichtigungstour\/","og_locale":"de_DE","og_type":"article","og_title":"Fahrrad-Stadtbesichtigungstour - P\u00e1rizs Titkai","og_description":"In den letzten Jahren wurden in Paris viele gesch\u00fctzte Radwege gebaut, dank dessen heute viele Menschen auf zwei R\u00e4dern unterwegs sind, sei es mit herk\u00f6mmlichen oder elektrischen Fahrr\u00e4dern oder sogar mit Elektrorollern. Die Stadt l\u00e4sst sich gut mit dem Fahrrad erkunden, da das Gel\u00e4nde mit der Ausnahme von Montmartre fast v\u00f6llig flach ist und innerhalb [&hellip;]","og_url":"https:\/\/parizstitkai.hu\/de\/termek\/fahrrad-stadtbesichtigungstour\/","og_site_name":"P\u00e1rizs Titkai","article_publisher":"https:\/\/www.facebook.com\/parizstitkai","article_modified_time":"2026-01-23T12:54:11+00:00","og_image":[{"width":800,"height":600,"url":"https:\/\/parizstitkai.hu\/wp-content\/uploads\/2022\/03\/279723018_411612847145869_2327849193765776200_n.jpg","type":"image\/jpeg"}],"twitter_card":"summary_large_image","twitter_misc":{"Gesch\u00e4tzte Lesezeit":"2\u00a0Minuten"},"schema":{"@context":"https:\/\/schema.org","@graph":[{"@type":"WebPage","@id":"https:\/\/parizstitkai.hu\/de\/termek\/fahrrad-stadtbesichtigungstour\/","url":"https:\/\/parizstitkai.hu\/de\/termek\/fahrrad-stadtbesichtigungstour\/","name":"Fahrrad-Stadtbesichtigungstour - P\u00e1rizs Titkai","isPartOf":{"@id":"https:\/\/parizstitkai.hu\/de\/#website"},"primaryImageOfPage":{"@id":"https:\/\/parizstitkai.hu\/de\/termek\/fahrrad-stadtbesichtigungstour\/#primaryimage"},"image":{"@id":"https:\/\/parizstitkai.hu\/de\/termek\/fahrrad-stadtbesichtigungstour\/#primaryimage"},"thumbnailUrl":"https:\/\/parizstitkai.hu\/wp-content\/uploads\/2022\/03\/Diadaliv-kulloperspektiva-rotated.jpg","datePublished":"2022-03-17T09:57:29+00:00","dateModified":"2026-01-23T12:54:11+00:00","breadcrumb":{"@id":"https:\/\/parizstitkai.hu\/de\/termek\/fahrrad-stadtbesichtigungstour\/#breadcrumb"},"inLanguage":"de","potentialAction":[{"@type":"ReadAction","target":["https:\/\/parizstitkai.hu\/de\/termek\/fahrrad-stadtbesichtigungstour\/"]}]},{"@type":"ImageObject","inLanguage":"de","@id":"https:\/\/parizstitkai.hu\/de\/termek\/fahrrad-stadtbesichtigungstour\/#primaryimage","url":"https:\/\/parizstitkai.hu\/wp-content\/uploads\/2022\/03\/Diadaliv-kulloperspektiva-rotated.jpg","contentUrl":"https:\/\/parizstitkai.hu\/wp-content\/uploads\/2022\/03\/Diadaliv-kulloperspektiva-rotated.jpg","width":600,"height":800},{"@type":"BreadcrumbList","@id":"https:\/\/parizstitkai.hu\/de\/termek\/fahrrad-stadtbesichtigungstour\/#breadcrumb","itemListElement":[{"@type":"ListItem","position":1,"name":"Kezd\u0151lap","item":"https:\/\/parizstitkai.hu\/de\/fooldal\/"},{"@type":"ListItem","position":2,"name":"Besichtigungstouren","item":"https:\/\/parizstitkai.hu\/de\/besichtigungstouren\/"},{"@type":"ListItem","position":3,"name":"Fahrrad-Stadtbesichtigungstour"}]},{"@type":"WebSite","@id":"https:\/\/parizstitkai.hu\/de\/#website","url":"https:\/\/parizstitkai.hu\/de\/","name":"P\u00e1rizs Titkai","description":"","publisher":{"@id":"https:\/\/parizstitkai.hu\/de\/#\/schema\/person\/ab16a103201970a790d1d9964252f379"},"potentialAction":[{"@type":"SearchAction","target":{"@type":"EntryPoint","urlTemplate":"https:\/\/parizstitkai.hu\/de\/?s={search_term_string}"},"query-input":{"@type":"PropertyValueSpecification","valueRequired":true,"valueName":"search_term_string"}}],"inLanguage":"de"},{"@type":["Person","Organization"],"@id":"https:\/\/parizstitkai.hu\/de\/#\/schema\/person\/ab16a103201970a790d1d9964252f379","name":"Zolt\u00e1n","image":{"@type":"ImageObject","inLanguage":"de","@id":"https:\/\/secure.gravatar.com\/avatar\/96490830190475a389e193b80ee6b529c3d617e65f60756051458ef19ff8ec32?s=96&d=mm&r=g","url":"https:\/\/secure.gravatar.com\/avatar\/96490830190475a389e193b80ee6b529c3d617e65f60756051458ef19ff8ec32?s=96&d=mm&r=g","contentUrl":"https:\/\/secure.gravatar.com\/avatar\/96490830190475a389e193b80ee6b529c3d617e65f60756051458ef19ff8ec32?s=96&d=mm&r=g","caption":"Zolt\u00e1n"},"logo":{"@id":"https:\/\/secure.gravatar.com\/avatar\/96490830190475a389e193b80ee6b529c3d617e65f60756051458ef19ff8ec32?s=96&d=mm&r=g"},"sameAs":["https:\/\/www.facebook.com\/parizstitkai"]}]}},"_links":{"self":[{"href":"https:\/\/parizstitkai.hu\/de\/wp-json\/wp\/v2\/product\/3247","targetHints":{"allow":["GET"]}}],"collection":[{"href":"https:\/\/parizstitkai.hu\/de\/wp-json\/wp\/v2\/product"}],"about":[{"href":"https:\/\/parizstitkai.hu\/de\/wp-json\/wp\/v2\/types\/product"}],"replies":[{"embeddable":true,"href":"https:\/\/parizstitkai.hu\/de\/wp-json\/wp\/v2\/comments?post=3247"}],"wp:featuredmedia":[{"embeddable":true,"href":"https:\/\/parizstitkai.hu\/de\/wp-json\/wp\/v2\/media\/4072"}],"wp:attachment":[{"href":"https:\/\/parizstitkai.hu\/de\/wp-json\/wp\/v2\/media?parent=3247"}],"wp:term":[{"taxonomy":"product_cat","embeddable":true,"href":"https:\/\/parizstitkai.hu\/de\/wp-json\/wp\/v2\/product_cat?post=3247"},{"taxonomy":"product_tag","embeddable":true,"href":"https:\/\/parizstitkai.hu\/de\/wp-json\/wp\/v2\/product_tag?post=3247"}],"curies":[{"name":"wp","href":"https:\/\/api.w.org\/{rel}","templated":true}]}}