{"id":473,"date":"2019-06-25T06:29:53","date_gmt":"2019-06-25T04:29:53","guid":{"rendered":"https:\/\/parizstitkai.hu\/termek\/montmartre-tales\/"},"modified":"2020-01-23T11:02:39","modified_gmt":"2020-01-23T11:02:39","slug":"montmartre-tales","status":"publish","type":"product","link":"https:\/\/parizstitkai.hu\/en\/termek\/montmartre-tales\/","title":{"rendered":"Montmartre Tales"},"content":{"rendered":"<p style=\"text-align: justify;\">The Montmartre is more than just the Sacre Coeur and the Moulin Rouge! Of course, we will take a look at these blockbusters, but during our unconventional walk, we will also discover the well-kept secrets and the thrilling stories of the \u201eboh\u00e9me\u201d quarter. Along the narrow streets lined with centuries-old houses, we can still hear the echoes of the footsteps of Picasso, Toulouse-Lautrec or Renoir before we turn into Am\u00e9lie\u2019s cozy little haven for a caf\u00e9 gourmand or a cr\u00e8me brul\u00e9e. We will learn what the alcoholic painter-genius and Papa Fr\u00e9d\u00e9\u2019s agile bunny have in common, you will find out about the short-lived fame of the talented painting donkey, and the horrible death of the millner of the last working mill of the Montmartre. Join me on the tour!<\/p>\n","protected":false},"excerpt":{"rendered":"<p>The Montmartre is more than just the Sacre Coeur and the Moulin Rouge! Of course, we will take a look at these blockbusters, but during our unconventional walk, we will also discover the well-kept secrets and the thrilling stories of the \u201eboh\u00e9me\u201d quarter. Along the narrow streets lined with centuries-old houses, we can still hear [&hellip;]<\/p>\n","protected":false},"featured_media":1123,"comment_status":"closed","ping_status":"closed","template":"","meta":[],"product_cat":[77],"product_tag":[],"class_list":{"0":"post-473","1":"product","2":"type-product","3":"status-publish","4":"has-post-thumbnail","6":"product_cat-sightseeing-tours","8":"first","9":"instock","10":"shipping-taxable","11":"purchasable","12":"product-type-variable"},"yoast_head":"<!-- This site is optimized with the Yoast SEO plugin v27.3 - https:\/\/yoast.com\/product\/yoast-seo-wordpress\/ -->\n<title>Montmartre Tales - Secrets Of Paris<\/title>\n<meta name=\"robots\" content=\"index, follow, max-snippet:-1, max-image-preview:large, max-video-preview:-1\" \/>\n<link rel=\"canonical\" href=\"https:\/\/parizstitkai.hu\/en\/termek\/montmartre-tales\/\" \/>\n<meta property=\"og:locale\" content=\"en_US\" \/>\n<meta property=\"og:type\" content=\"article\" \/>\n<meta property=\"og:title\" content=\"Montmartre Tales - Secrets Of Paris\" \/>\n<meta property=\"og:description\" content=\"The Montmartre is more than just the Sacre Coeur and the Moulin Rouge! Of course, we will take a look at these blockbusters, but during our unconventional walk, we will also discover the well-kept secrets and the thrilling stories of the \u201eboh\u00e9me\u201d quarter. Along the narrow streets lined with centuries-old houses, we can still hear [&hellip;]\" \/>\n<meta property=\"og:url\" content=\"https:\/\/parizstitkai.hu\/en\/termek\/montmartre-tales\/\" \/>\n<meta property=\"og:site_name\" content=\"Secrets Of Paris\" \/>\n<meta property=\"article:publisher\" content=\"https:\/\/www.facebook.com\/parizstitkai\" \/>\n<meta property=\"article:modified_time\" content=\"2020-01-23T11:02:39+00:00\" \/>\n<meta property=\"og:image\" content=\"https:\/\/parizstitkai.hu\/wp-content\/uploads\/2019\/06\/Sacre-Coeur-1-scaled.jpg\" \/>\n\t<meta property=\"og:image:width\" content=\"599\" \/>\n\t<meta property=\"og:image:height\" content=\"600\" \/>\n\t<meta property=\"og:image:type\" content=\"image\/jpeg\" \/>\n<meta name=\"twitter:card\" content=\"summary_large_image\" \/>\n<meta name=\"twitter:label1\" content=\"Est. reading time\" \/>\n\t<meta name=\"twitter:data1\" content=\"1 minute\" \/>\n<script type=\"application\/ld+json\" class=\"yoast-schema-graph\">{\"@context\":\"https:\\\/\\\/schema.org\",\"@graph\":[{\"@type\":\"WebPage\",\"@id\":\"https:\\\/\\\/parizstitkai.hu\\\/en\\\/termek\\\/montmartre-tales\\\/\",\"url\":\"https:\\\/\\\/parizstitkai.hu\\\/en\\\/termek\\\/montmartre-tales\\\/\",\"name\":\"Montmartre Tales - Secrets Of Paris\",\"isPartOf\":{\"@id\":\"https:\\\/\\\/parizstitkai.hu\\\/en\\\/#website\"},\"primaryImageOfPage\":{\"@id\":\"https:\\\/\\\/parizstitkai.hu\\\/en\\\/termek\\\/montmartre-tales\\\/#primaryimage\"},\"image\":{\"@id\":\"https:\\\/\\\/parizstitkai.hu\\\/en\\\/termek\\\/montmartre-tales\\\/#primaryimage\"},\"thumbnailUrl\":\"https:\\\/\\\/parizstitkai.hu\\\/wp-content\\\/uploads\\\/2019\\\/07\\\/Sacre-Coeur.jpg\",\"datePublished\":\"2019-06-25T04:29:53+00:00\",\"dateModified\":\"2020-01-23T11:02:39+00:00\",\"breadcrumb\":{\"@id\":\"https:\\\/\\\/parizstitkai.hu\\\/en\\\/termek\\\/montmartre-tales\\\/#breadcrumb\"},\"inLanguage\":\"en-US\",\"potentialAction\":[{\"@type\":\"ReadAction\",\"target\":[\"https:\\\/\\\/parizstitkai.hu\\\/en\\\/termek\\\/montmartre-tales\\\/\"]}]},{\"@type\":\"ImageObject\",\"inLanguage\":\"en-US\",\"@id\":\"https:\\\/\\\/parizstitkai.hu\\\/en\\\/termek\\\/montmartre-tales\\\/#primaryimage\",\"url\":\"https:\\\/\\\/parizstitkai.hu\\\/wp-content\\\/uploads\\\/2019\\\/07\\\/Sacre-Coeur.jpg\",\"contentUrl\":\"https:\\\/\\\/parizstitkai.hu\\\/wp-content\\\/uploads\\\/2019\\\/07\\\/Sacre-Coeur.jpg\",\"width\":138,\"height\":138},{\"@type\":\"BreadcrumbList\",\"@id\":\"https:\\\/\\\/parizstitkai.hu\\\/en\\\/termek\\\/montmartre-tales\\\/#breadcrumb\",\"itemListElement\":[{\"@type\":\"ListItem\",\"position\":1,\"name\":\"Kezd\u0151lap\",\"item\":\"https:\\\/\\\/parizstitkai.hu\\\/en\\\/home\\\/\"},{\"@type\":\"ListItem\",\"position\":2,\"name\":\"Guided walks\",\"item\":\"https:\\\/\\\/parizstitkai.hu\\\/en\\\/shop\\\/\"},{\"@type\":\"ListItem\",\"position\":3,\"name\":\"Montmartre Tales\"}]},{\"@type\":\"WebSite\",\"@id\":\"https:\\\/\\\/parizstitkai.hu\\\/en\\\/#website\",\"url\":\"https:\\\/\\\/parizstitkai.hu\\\/en\\\/\",\"name\":\"P\u00e1rizs Titkai\",\"description\":\"\",\"publisher\":{\"@id\":\"https:\\\/\\\/parizstitkai.hu\\\/en\\\/#\\\/schema\\\/person\\\/ab16a103201970a790d1d9964252f379\"},\"potentialAction\":[{\"@type\":\"SearchAction\",\"target\":{\"@type\":\"EntryPoint\",\"urlTemplate\":\"https:\\\/\\\/parizstitkai.hu\\\/en\\\/?s={search_term_string}\"},\"query-input\":{\"@type\":\"PropertyValueSpecification\",\"valueRequired\":true,\"valueName\":\"search_term_string\"}}],\"inLanguage\":\"en-US\"},{\"@type\":[\"Person\",\"Organization\"],\"@id\":\"https:\\\/\\\/parizstitkai.hu\\\/en\\\/#\\\/schema\\\/person\\\/ab16a103201970a790d1d9964252f379\",\"name\":\"Zolt\u00e1n\",\"image\":{\"@type\":\"ImageObject\",\"inLanguage\":\"en-US\",\"@id\":\"https:\\\/\\\/secure.gravatar.com\\\/avatar\\\/96490830190475a389e193b80ee6b529c3d617e65f60756051458ef19ff8ec32?s=96&d=mm&r=g\",\"url\":\"https:\\\/\\\/secure.gravatar.com\\\/avatar\\\/96490830190475a389e193b80ee6b529c3d617e65f60756051458ef19ff8ec32?s=96&d=mm&r=g\",\"contentUrl\":\"https:\\\/\\\/secure.gravatar.com\\\/avatar\\\/96490830190475a389e193b80ee6b529c3d617e65f60756051458ef19ff8ec32?s=96&d=mm&r=g\",\"caption\":\"Zolt\u00e1n\"},\"logo\":{\"@id\":\"https:\\\/\\\/secure.gravatar.com\\\/avatar\\\/96490830190475a389e193b80ee6b529c3d617e65f60756051458ef19ff8ec32?s=96&d=mm&r=g\"},\"sameAs\":[\"https:\\\/\\\/www.facebook.com\\\/parizstitkai\"]}]}<\/script>\n<!-- \/ Yoast SEO plugin. -->","yoast_head_json":{"title":"Montmartre Tales - Secrets Of Paris","robots":{"index":"index","follow":"follow","max-snippet":"max-snippet:-1","max-image-preview":"max-image-preview:large","max-video-preview":"max-video-preview:-1"},"canonical":"https:\/\/parizstitkai.hu\/en\/termek\/montmartre-tales\/","og_locale":"en_US","og_type":"article","og_title":"Montmartre Tales - Secrets Of Paris","og_description":"The Montmartre is more than just the Sacre Coeur and the Moulin Rouge! Of course, we will take a look at these blockbusters, but during our unconventional walk, we will also discover the well-kept secrets and the thrilling stories of the \u201eboh\u00e9me\u201d quarter. Along the narrow streets lined with centuries-old houses, we can still hear [&hellip;]","og_url":"https:\/\/parizstitkai.hu\/en\/termek\/montmartre-tales\/","og_site_name":"Secrets Of Paris","article_publisher":"https:\/\/www.facebook.com\/parizstitkai","article_modified_time":"2020-01-23T11:02:39+00:00","og_image":[{"width":599,"height":600,"url":"https:\/\/parizstitkai.hu\/wp-content\/uploads\/2019\/06\/Sacre-Coeur-1-scaled.jpg","type":"image\/jpeg"}],"twitter_card":"summary_large_image","twitter_misc":{"Est. reading time":"1 minute"},"schema":{"@context":"https:\/\/schema.org","@graph":[{"@type":"WebPage","@id":"https:\/\/parizstitkai.hu\/en\/termek\/montmartre-tales\/","url":"https:\/\/parizstitkai.hu\/en\/termek\/montmartre-tales\/","name":"Montmartre Tales - Secrets Of Paris","isPartOf":{"@id":"https:\/\/parizstitkai.hu\/en\/#website"},"primaryImageOfPage":{"@id":"https:\/\/parizstitkai.hu\/en\/termek\/montmartre-tales\/#primaryimage"},"image":{"@id":"https:\/\/parizstitkai.hu\/en\/termek\/montmartre-tales\/#primaryimage"},"thumbnailUrl":"https:\/\/parizstitkai.hu\/wp-content\/uploads\/2019\/07\/Sacre-Coeur.jpg","datePublished":"2019-06-25T04:29:53+00:00","dateModified":"2020-01-23T11:02:39+00:00","breadcrumb":{"@id":"https:\/\/parizstitkai.hu\/en\/termek\/montmartre-tales\/#breadcrumb"},"inLanguage":"en-US","potentialAction":[{"@type":"ReadAction","target":["https:\/\/parizstitkai.hu\/en\/termek\/montmartre-tales\/"]}]},{"@type":"ImageObject","inLanguage":"en-US","@id":"https:\/\/parizstitkai.hu\/en\/termek\/montmartre-tales\/#primaryimage","url":"https:\/\/parizstitkai.hu\/wp-content\/uploads\/2019\/07\/Sacre-Coeur.jpg","contentUrl":"https:\/\/parizstitkai.hu\/wp-content\/uploads\/2019\/07\/Sacre-Coeur.jpg","width":138,"height":138},{"@type":"BreadcrumbList","@id":"https:\/\/parizstitkai.hu\/en\/termek\/montmartre-tales\/#breadcrumb","itemListElement":[{"@type":"ListItem","position":1,"name":"Kezd\u0151lap","item":"https:\/\/parizstitkai.hu\/en\/home\/"},{"@type":"ListItem","position":2,"name":"Guided walks","item":"https:\/\/parizstitkai.hu\/en\/shop\/"},{"@type":"ListItem","position":3,"name":"Montmartre Tales"}]},{"@type":"WebSite","@id":"https:\/\/parizstitkai.hu\/en\/#website","url":"https:\/\/parizstitkai.hu\/en\/","name":"P\u00e1rizs Titkai","description":"","publisher":{"@id":"https:\/\/parizstitkai.hu\/en\/#\/schema\/person\/ab16a103201970a790d1d9964252f379"},"potentialAction":[{"@type":"SearchAction","target":{"@type":"EntryPoint","urlTemplate":"https:\/\/parizstitkai.hu\/en\/?s={search_term_string}"},"query-input":{"@type":"PropertyValueSpecification","valueRequired":true,"valueName":"search_term_string"}}],"inLanguage":"en-US"},{"@type":["Person","Organization"],"@id":"https:\/\/parizstitkai.hu\/en\/#\/schema\/person\/ab16a103201970a790d1d9964252f379","name":"Zolt\u00e1n","image":{"@type":"ImageObject","inLanguage":"en-US","@id":"https:\/\/secure.gravatar.com\/avatar\/96490830190475a389e193b80ee6b529c3d617e65f60756051458ef19ff8ec32?s=96&d=mm&r=g","url":"https:\/\/secure.gravatar.com\/avatar\/96490830190475a389e193b80ee6b529c3d617e65f60756051458ef19ff8ec32?s=96&d=mm&r=g","contentUrl":"https:\/\/secure.gravatar.com\/avatar\/96490830190475a389e193b80ee6b529c3d617e65f60756051458ef19ff8ec32?s=96&d=mm&r=g","caption":"Zolt\u00e1n"},"logo":{"@id":"https:\/\/secure.gravatar.com\/avatar\/96490830190475a389e193b80ee6b529c3d617e65f60756051458ef19ff8ec32?s=96&d=mm&r=g"},"sameAs":["https:\/\/www.facebook.com\/parizstitkai"]}]}},"_links":{"self":[{"href":"https:\/\/parizstitkai.hu\/en\/wp-json\/wp\/v2\/product\/473","targetHints":{"allow":["GET"]}}],"collection":[{"href":"https:\/\/parizstitkai.hu\/en\/wp-json\/wp\/v2\/product"}],"about":[{"href":"https:\/\/parizstitkai.hu\/en\/wp-json\/wp\/v2\/types\/product"}],"replies":[{"embeddable":true,"href":"https:\/\/parizstitkai.hu\/en\/wp-json\/wp\/v2\/comments?post=473"}],"wp:featuredmedia":[{"embeddable":true,"href":"https:\/\/parizstitkai.hu\/en\/wp-json\/wp\/v2\/media\/1123"}],"wp:attachment":[{"href":"https:\/\/parizstitkai.hu\/en\/wp-json\/wp\/v2\/media?parent=473"}],"wp:term":[{"taxonomy":"product_cat","embeddable":true,"href":"https:\/\/parizstitkai.hu\/en\/wp-json\/wp\/v2\/product_cat?post=473"},{"taxonomy":"product_tag","embeddable":true,"href":"https:\/\/parizstitkai.hu\/en\/wp-json\/wp\/v2\/product_tag?post=473"}],"curies":[{"name":"wp","href":"https:\/\/api.w.org\/{rel}","templated":true}]}}